{"id":9566,"date":"2017-08-28T09:04:11","date_gmt":"2017-08-28T09:04:11","guid":{"rendered":"https:\/\/www.aclanz.de\/?page_id=9566\/"},"modified":"2025-05-10T11:39:13","modified_gmt":"2025-05-10T11:39:13","slug":"frank-sauvigny","status":"publish","type":"page","link":"https:\/\/www.aclanz.de\/fr\/avocats\/frank-sauvigny\/","title":{"rendered":"Frank Sauvigny"},"content":{"rendered":"<div class=\"wpb-content-wrapper\"><p>[vc_row el_class=\u00a0\u00bbimage-holder-top\u00a0\u00bb el_id=\u00a0\u00bbBilder im Header\u00a0\u00bb][vc_column el_class=\u00a0\u00bbimage-holder\u00a0\u00bb][vc_column_text css=\u00a0\u00bb.vc_custom_1504190386587{margin-right: 0px !important;margin-left: 0px !important;border-right-width: 0px !important;border-left-width: 0px !important;padding-right: 0px !important;padding-left: 0px !important;}\u00a0\u00bb el_class=\u00a0\u00bbimage-holder-textarea-full\u00a0\u00bb]<img loading=\"lazy\" decoding=\"async\" class=\"alignnone size-full wp-image-9600\" src=\"https:\/\/www.aclanz.de\/wp-content\/uploads\/2017\/08\/Sauvigny-headerbild.jpg\" alt=\"\" width=\"950\" height=\"380\" srcset=\"https:\/\/www.aclanz.de\/wp-content\/uploads\/2017\/08\/Sauvigny-headerbild.jpg 950w, https:\/\/www.aclanz.de\/wp-content\/uploads\/2017\/08\/Sauvigny-headerbild-300x120.jpg 300w, https:\/\/www.aclanz.de\/wp-content\/uploads\/2017\/08\/Sauvigny-headerbild-768x307.jpg 768w, https:\/\/www.aclanz.de\/wp-content\/uploads\/2017\/08\/Sauvigny-headerbild-260x104.jpg 260w, https:\/\/www.aclanz.de\/wp-content\/uploads\/2017\/08\/Sauvigny-headerbild-50x20.jpg 50w, https:\/\/www.aclanz.de\/wp-content\/uploads\/2017\/08\/Sauvigny-headerbild-150x60.jpg 150w\" sizes=\"auto, (max-width:767px) 480px, (max-width:950px) 100vw, 950px\" \/><img loading=\"lazy\" decoding=\"async\" class=\"alignnone size-full wp-image-9599\" src=\"https:\/\/www.aclanz.de\/wp-content\/uploads\/2017\/08\/Sauvigny_klein.jpg\" alt=\"\" width=\"470\" height=\"380\" srcset=\"https:\/\/www.aclanz.de\/wp-content\/uploads\/2017\/08\/Sauvigny_klein.jpg 470w, https:\/\/www.aclanz.de\/wp-content\/uploads\/2017\/08\/Sauvigny_klein-300x243.jpg 300w, https:\/\/www.aclanz.de\/wp-content\/uploads\/2017\/08\/Sauvigny_klein-181x146.jpg 181w, https:\/\/www.aclanz.de\/wp-content\/uploads\/2017\/08\/Sauvigny_klein-50x40.jpg 50w, https:\/\/www.aclanz.de\/wp-content\/uploads\/2017\/08\/Sauvigny_klein-93x75.jpg 93w\" sizes=\"auto, (max-width:767px) 470px, 470px\" \/>[\/vc_column_text][\/vc_column][\/vc_row][vc_row full_height=\u00a0\u00bbyes\u00a0\u00bb columns_placement=\u00a0\u00bbtop\u00a0\u00bb css=\u00a0\u00bb.vc_custom_1498593308809{margin-top: 0px !important;margin-bottom: 0px !important;border-top-width: 0px !important;border-bottom-width: 0px !important;padding-top: 0px !important;padding-bottom: 0px !important;}\u00a0\u00bb el_id=\u00a0\u00bbContent Text und Submenu\u00a0\u00bb][vc_column width=\u00a0\u00bb3\/4&Prime; el_class=\u00a0\u00bbsidebar-content\u00a0\u00bb][vc_column_text css=\u00a0\u00bb\u00a0\u00bb]<\/p>\n<h1>Frank Sauvigny<\/h1>\n<p>Avocat<\/p>\n<p>Of Counsel<\/p>\n<h3>Contacter:<\/h3>\n<p><a href=\"&#x6d;&#x61;&#x69;&#x6c;&#x74;&#x6f;&#x3a;&#x66;&#x72;&#x61;&#x6e;&#107;&#46;&#115;&#97;&#117;&#118;&#105;gny&#64;ac&#x6c;&#x61;&#x6e;&#x7a;&#x2e;&#x64;&#x65;\">&#102;&#114;&#x61;n&#107;&#x2e;&#x73;a&#117;&#x76;&#x69;g&#110;&#x79;&#64;&#97;&#x63;&#x6c;a&#110;&#x7a;&#x2e;d&#101;<\/a><br \/>\nT +49 69 297 287 30<br \/>\nT\u00e9l\u00e9charger: <a href=\"https:\/\/www.aclanz.de\/wp-content\/uploads\/2017\/08\/Frank-Sauvigny.vcf\">vCard<\/a><\/p>\n<h3>Langues:<\/h3>\n<p>Allemand, Anglais<\/p>\n<h3>Au<strong>tres activit\u00e9s et adh\u00e9sions:<\/strong><\/h3>\n<ul>\n<li>Directeur du service juridique, iTerra Energy GmbH, Giessen\/ Hessen<\/li>\n<li><a href=\"http:\/\/www.wattzweipunktnull.de\/\" target=\"_blank\" rel=\"noopener\">watt_2.0<\/a> association pour les \u00e9nergies renouvelables<\/li>\n<li><a href=\"https:\/\/www.bdew.de\/\" target=\"_blank\" rel=\"noopener\">Association f\u00e9d\u00e9rale pour l\u2019\u00e9conomie d\u2019\u00e9nergies et d\u2018eau<\/a><\/li>\n<\/ul>\n<h3>Publications et interventions(s\u00e9lection):<\/h3>\n<ul>\n<li>Energieforen Leipzig, 2014: Gesch\u00e4ftsmodelle f\u00fcr den Anlagenbestand unter dem EEG (intervention relative \u00e0 la loi allemande de promotion des \u00e9nergies renouvelables)<\/li>\n<li>windcomm Schleswig-Holstein, Brunsb\u00fcttel, 2014: Stromvermarktung unter dem EEG (intervention relative \u00e0 la loi allemande de promotion des \u00e9nergies renouvelables)<\/li>\n<li>VDI-Fachkonferenz, W\u00fcrzburg, 2016: Virtuelle Kraftwerke (intervention relative aux centrale d\u2018\u00e9nergies virtuelle)<\/li>\n<li>10th Munich Cleantech Conference, M\u00fcnchen, 2016: Digitalisierung in der Energiewirtschaft (intervention relative \u00e0 la digitalisation de l\u2019\u00e9conomie d\u2019\u00e9nergies)<\/li>\n<\/ul>\n<h3>Formation<\/h3>\n<ul>\n<li>Universit\u00e9 de Francfort-sur-le-Main, premier examen d\u2019Etat<\/li>\n<\/ul>\n<p>[\/vc_column_text][\/vc_column][vc_column width=\u00a0\u00bb1\/4&Prime; el_class=\u00a0\u00bbsidebar-gray\u00a0\u00bb css=\u00a0\u00bb.vc_custom_1498559811149{margin-top: 0px !important;margin-right: 0px !important;margin-left: 0px !important;border-top-width: 0px !important;border-right-width: 0px !important;border-left-width: 0px !important;padding-top: 0px !important;padding-right: 0px !important;padding-left: 0px !important;}\u00a0\u00bb][vc_wp_custommenu title=\u00a0\u00bbAvocats\u00a0\u00bb nav_menu=\u00a0\u00bb218&Prime; el_class=\u00a0\u00bbsidebar-menu\u00a0\u00bb][\/vc_column][\/vc_row]<\/p>\n<\/div>","protected":false},"excerpt":{"rendered":"<p>[vc_row el_class=\u00a0\u00bbimage-holder-top\u00a0\u00bb el_id=\u00a0\u00bbBilder im Header\u00a0\u00bb][vc_column el_class=\u00a0\u00bbimage-holder\u00a0\u00bb][vc_column_text css=\u00a0\u00bb.vc_custom_1504190386587{margin-right: 0px !important;margin-left: 0px !important;border-right-width: 0px !important;border-left-width: 0px !important;padding-right: 0px !important;padding-left: 0px !important;}\u00a0\u00bb el_class=\u00a0\u00bbimage-holder-textarea-full\u00a0\u00bb][\/vc_column_text][\/vc_column][\/vc_row][vc_row<span class=\"excerpt-hellip\"> [\u2026]<\/span><\/p>\n","protected":false},"author":16,"featured_media":-1,"parent":249,"menu_order":2,"comment_status":"closed","ping_status":"open","template":"","meta":{"_acf_changed":false,"footnotes":""},"class_list":["post-9566","page","type-page","status-publish","has-post-thumbnail","hentry"],"acf":[],"_links":{"self":[{"href":"https:\/\/www.aclanz.de\/fr\/wp-json\/wp\/v2\/pages\/9566","targetHints":{"allow":["GET"]}}],"collection":[{"href":"https:\/\/www.aclanz.de\/fr\/wp-json\/wp\/v2\/pages"}],"about":[{"href":"https:\/\/www.aclanz.de\/fr\/wp-json\/wp\/v2\/types\/page"}],"author":[{"embeddable":true,"href":"https:\/\/www.aclanz.de\/fr\/wp-json\/wp\/v2\/users\/16"}],"replies":[{"embeddable":true,"href":"https:\/\/www.aclanz.de\/fr\/wp-json\/wp\/v2\/comments?post=9566"}],"version-history":[{"count":5,"href":"https:\/\/www.aclanz.de\/fr\/wp-json\/wp\/v2\/pages\/9566\/revisions"}],"predecessor-version":[{"id":13872,"href":"https:\/\/www.aclanz.de\/fr\/wp-json\/wp\/v2\/pages\/9566\/revisions\/13872"}],"up":[{"embeddable":true,"href":"https:\/\/www.aclanz.de\/fr\/wp-json\/wp\/v2\/pages\/249"}],"wp:featuredmedia":[{"embeddable":true,"href":"https:\/\/www.aclanz.de\/fr\/wp-json\/"}],"wp:attachment":[{"href":"https:\/\/www.aclanz.de\/fr\/wp-json\/wp\/v2\/media?parent=9566"}],"curies":[{"name":"wp","href":"https:\/\/api.w.org\/{rel}","templated":true}]}}