{"id":8533,"date":"2010-06-07T18:00:52","date_gmt":"2010-06-07T18:00:52","guid":{"rendered":"http:\/\/www.aclanz.de\/mandanten\/"},"modified":"2022-06-24T07:50:03","modified_gmt":"2022-06-24T07:50:03","slug":"clients","status":"publish","type":"page","link":"https:\/\/www.aclanz.de\/fr\/clients\/","title":{"rendered":"Clients"},"content":{"rendered":"<div class=\"wpb-content-wrapper\"><p>[vc_row full_height=\u00a0\u00bbyes\u00a0\u00bb columns_placement=\u00a0\u00bbtop\u00a0\u00bb css=\u00a0\u00bb.vc_custom_1498593308809{margin-top: 0px !important;margin-bottom: 0px !important;border-top-width: 0px !important;border-bottom-width: 0px !important;padding-top: 0px !important;padding-bottom: 0px !important;}\u00a0\u00bb el_id=\u00a0\u00bbContent Text und Submenu\u00a0\u00bb][vc_column el_class=\u00a0\u00bbsidebar-content\u00a0\u00bb][vc_column_text 0=\u00a0\u00bb\u00a0\u00bb]<\/p>\n<h1>Clients<\/h1>\n<p>[\/vc_column_text][vc_column_text 0=\u00a0\u00bb\u00a0\u00bb el_class=\u00a0\u00bbintrotext-mandanten-mobile\u00a0\u00bb]En mati\u00e8re de droit \u00e9conomique, <strong>aclanz <\/strong>conseille et repr\u00e9sente des entreprises aussi bien nationales, qu\u2019internationales ainsi que des PME et des personnes priv\u00e9es. <strong>aclanz <\/strong>entretient avec ses clients des rapports des plus confidentiels et traite leurs affaires dans la plus grande discr\u00e9tion\u00a0: c\u2019est pourquoi nous remercions ceux de nos clients qui ont accept\u00e9 de figurer \u00e0 titre de r\u00e9f\u00e9rence sur notre site internet:[\/vc_column_text][vc_column_text el_class=\u00a0\u00bblogosammlung\u00a0\u00bb]<img loading=\"lazy\" decoding=\"async\" class=\"alignnone size-full wp-image-7675\" src=\"http:\/\/www.aclanz.de\/wp-content\/uploads\/2017\/06\/airfrance.jpg\" alt=\"\" width=\"200\" height=\"80\" srcset=\"https:\/\/www.aclanz.de\/wp-content\/uploads\/2017\/06\/airfrance.jpg 200w, https:\/\/www.aclanz.de\/wp-content\/uploads\/2017\/06\/airfrance-50x20.jpg 50w, https:\/\/www.aclanz.de\/wp-content\/uploads\/2017\/06\/airfrance-150x60.jpg 150w\" sizes=\"auto, (max-width:767px) 200px, 200px\" \/><img loading=\"lazy\" decoding=\"async\" class=\"alignnone size-full wp-image-7668\" src=\"http:\/\/www.aclanz.de\/wp-content\/uploads\/2017\/06\/aptech.jpg\" alt=\"\" width=\"200\" height=\"80\" srcset=\"https:\/\/www.aclanz.de\/wp-content\/uploads\/2017\/06\/aptech.jpg 200w, https:\/\/www.aclanz.de\/wp-content\/uploads\/2017\/06\/aptech-50x20.jpg 50w, https:\/\/www.aclanz.de\/wp-content\/uploads\/2017\/06\/aptech-150x60.jpg 150w\" sizes=\"auto, (max-width:767px) 200px, 200px\" \/><img loading=\"lazy\" decoding=\"async\" class=\"alignnone size-full wp-image-7672\" src=\"http:\/\/www.aclanz.de\/wp-content\/uploads\/2017\/06\/bankofireland.jpg\" alt=\"\" width=\"200\" height=\"80\" srcset=\"https:\/\/www.aclanz.de\/wp-content\/uploads\/2017\/06\/bankofireland.jpg 200w, https:\/\/www.aclanz.de\/wp-content\/uploads\/2017\/06\/bankofireland-50x20.jpg 50w, https:\/\/www.aclanz.de\/wp-content\/uploads\/2017\/06\/bankofireland-150x60.jpg 150w\" sizes=\"auto, (max-width:767px) 200px, 200px\" \/><img loading=\"lazy\" decoding=\"async\" class=\"alignnone size-full wp-image-7669\" src=\"http:\/\/www.aclanz.de\/wp-content\/uploads\/2017\/06\/bit.jpg\" alt=\"\" width=\"200\" height=\"80\" srcset=\"https:\/\/www.aclanz.de\/wp-content\/uploads\/2017\/06\/bit.jpg 200w, https:\/\/www.aclanz.de\/wp-content\/uploads\/2017\/06\/bit-50x20.jpg 50w, https:\/\/www.aclanz.de\/wp-content\/uploads\/2017\/06\/bit-150x60.jpg 150w\" sizes=\"auto, (max-width:767px) 200px, 200px\" \/><img loading=\"lazy\" decoding=\"async\" class=\"alignnone size-full wp-image-7663\" src=\"http:\/\/www.aclanz.de\/wp-content\/uploads\/2017\/06\/chiropraktik.jpg\" alt=\"\" width=\"200\" height=\"80\" srcset=\"https:\/\/www.aclanz.de\/wp-content\/uploads\/2017\/06\/chiropraktik.jpg 200w, https:\/\/www.aclanz.de\/wp-content\/uploads\/2017\/06\/chiropraktik-50x20.jpg 50w, https:\/\/www.aclanz.de\/wp-content\/uploads\/2017\/06\/chiropraktik-150x60.jpg 150w\" sizes=\"auto, (max-width:767px) 200px, 200px\" \/><img loading=\"lazy\" decoding=\"async\" class=\"alignnone size-full wp-image-7670\" src=\"http:\/\/www.aclanz.de\/wp-content\/uploads\/2017\/06\/dc.jpg\" alt=\"\" width=\"200\" height=\"80\" srcset=\"https:\/\/www.aclanz.de\/wp-content\/uploads\/2017\/06\/dc.jpg 200w, https:\/\/www.aclanz.de\/wp-content\/uploads\/2017\/06\/dc-50x20.jpg 50w, https:\/\/www.aclanz.de\/wp-content\/uploads\/2017\/06\/dc-150x60.jpg 150w\" sizes=\"auto, (max-width:767px) 200px, 200px\" \/><img loading=\"lazy\" decoding=\"async\" class=\"alignnone size-full wp-image-7666\" src=\"http:\/\/www.aclanz.de\/wp-content\/uploads\/2017\/06\/decastro.jpg\" alt=\"\" width=\"200\" height=\"80\" srcset=\"https:\/\/www.aclanz.de\/wp-content\/uploads\/2017\/06\/decastro.jpg 200w, https:\/\/www.aclanz.de\/wp-content\/uploads\/2017\/06\/decastro-50x20.jpg 50w, https:\/\/www.aclanz.de\/wp-content\/uploads\/2017\/06\/decastro-150x60.jpg 150w\" sizes=\"auto, (max-width:767px) 200px, 200px\" \/><img loading=\"lazy\" decoding=\"async\" class=\"alignnone size-full wp-image-7674\" src=\"http:\/\/www.aclanz.de\/wp-content\/uploads\/2017\/06\/drhug.jpg\" alt=\"\" width=\"200\" height=\"80\" srcset=\"https:\/\/www.aclanz.de\/wp-content\/uploads\/2017\/06\/drhug.jpg 200w, https:\/\/www.aclanz.de\/wp-content\/uploads\/2017\/06\/drhug-50x20.jpg 50w, https:\/\/www.aclanz.de\/wp-content\/uploads\/2017\/06\/drhug-150x60.jpg 150w\" sizes=\"auto, (max-width:767px) 200px, 200px\" \/><img loading=\"lazy\" decoding=\"async\" class=\"alignnone size-full wp-image-7696\" src=\"http:\/\/www.aclanz.de\/wp-content\/uploads\/2017\/06\/eas.jpg\" alt=\"\" width=\"200\" height=\"80\" srcset=\"https:\/\/www.aclanz.de\/wp-content\/uploads\/2017\/06\/eas.jpg 200w, https:\/\/www.aclanz.de\/wp-content\/uploads\/2017\/06\/eas-50x20.jpg 50w, https:\/\/www.aclanz.de\/wp-content\/uploads\/2017\/06\/eas-150x60.jpg 150w\" sizes=\"auto, (max-width:767px) 200px, 200px\" \/><img loading=\"lazy\" decoding=\"async\" class=\"alignnone size-full wp-image-7667\" src=\"http:\/\/www.aclanz.de\/wp-content\/uploads\/2017\/06\/electrocom.jpg\" alt=\"\" width=\"200\" height=\"80\" srcset=\"https:\/\/www.aclanz.de\/wp-content\/uploads\/2017\/06\/electrocom.jpg 200w, https:\/\/www.aclanz.de\/wp-content\/uploads\/2017\/06\/electrocom-50x20.jpg 50w, https:\/\/www.aclanz.de\/wp-content\/uploads\/2017\/06\/electrocom-150x60.jpg 150w\" sizes=\"auto, (max-width:767px) 200px, 200px\" \/><img loading=\"lazy\" decoding=\"async\" class=\"alignnone size-full wp-image-11012\" src=\"https:\/\/www.aclanz.de\/wp-content\/uploads\/2019\/09\/ets-elektrobau.jpg\" alt=\"\" width=\"200\" height=\"80\" srcset=\"https:\/\/www.aclanz.de\/wp-content\/uploads\/2019\/09\/ets-elektrobau.jpg 200w, https:\/\/www.aclanz.de\/wp-content\/uploads\/2019\/09\/ets-elektrobau-50x20.jpg 50w, https:\/\/www.aclanz.de\/wp-content\/uploads\/2019\/09\/ets-elektrobau-150x60.jpg 150w\" sizes=\"auto, (max-width:767px) 200px, 200px\" \/><img loading=\"lazy\" decoding=\"async\" class=\"alignnone size-full wp-image-7676\" src=\"http:\/\/www.aclanz.de\/wp-content\/uploads\/2017\/06\/homeaway.jpg\" alt=\"\" width=\"200\" height=\"80\" srcset=\"https:\/\/www.aclanz.de\/wp-content\/uploads\/2017\/06\/homeaway.jpg 200w, https:\/\/www.aclanz.de\/wp-content\/uploads\/2017\/06\/homeaway-50x20.jpg 50w, https:\/\/www.aclanz.de\/wp-content\/uploads\/2017\/06\/homeaway-150x60.jpg 150w\" sizes=\"auto, (max-width:767px) 200px, 200px\" \/><img loading=\"lazy\" decoding=\"async\" class=\"alignnone size-full wp-image-7680\" src=\"http:\/\/www.aclanz.de\/wp-content\/uploads\/2017\/06\/ieb.jpg\" alt=\"\" width=\"200\" height=\"80\" srcset=\"https:\/\/www.aclanz.de\/wp-content\/uploads\/2017\/06\/ieb.jpg 200w, https:\/\/www.aclanz.de\/wp-content\/uploads\/2017\/06\/ieb-50x20.jpg 50w, https:\/\/www.aclanz.de\/wp-content\/uploads\/2017\/06\/ieb-150x60.jpg 150w\" sizes=\"auto, (max-width:767px) 200px, 200px\" \/><img loading=\"lazy\" decoding=\"async\" class=\"alignnone size-full wp-image-7697\" src=\"http:\/\/www.aclanz.de\/wp-content\/uploads\/2017\/06\/juratoys.jpg\" alt=\"\" width=\"200\" height=\"80\" srcset=\"https:\/\/www.aclanz.de\/wp-content\/uploads\/2017\/06\/juratoys.jpg 200w, https:\/\/www.aclanz.de\/wp-content\/uploads\/2017\/06\/juratoys-50x20.jpg 50w, https:\/\/www.aclanz.de\/wp-content\/uploads\/2017\/06\/juratoys-150x60.jpg 150w\" sizes=\"auto, (max-width:767px) 200px, 200px\" \/><img loading=\"lazy\" decoding=\"async\" class=\"alignnone size-full wp-image-7664\" src=\"http:\/\/www.aclanz.de\/wp-content\/uploads\/2017\/06\/juwi.jpg\" alt=\"\" width=\"200\" height=\"80\" srcset=\"https:\/\/www.aclanz.de\/wp-content\/uploads\/2017\/06\/juwi.jpg 200w, https:\/\/www.aclanz.de\/wp-content\/uploads\/2017\/06\/juwi-50x20.jpg 50w, https:\/\/www.aclanz.de\/wp-content\/uploads\/2017\/06\/juwi-150x60.jpg 150w\" sizes=\"auto, (max-width:767px) 200px, 200px\" \/><img loading=\"lazy\" decoding=\"async\" class=\"alignnone size-full wp-image-7665\" src=\"http:\/\/www.aclanz.de\/wp-content\/uploads\/2017\/06\/messer.jpg\" alt=\"\" width=\"200\" height=\"80\" srcset=\"https:\/\/www.aclanz.de\/wp-content\/uploads\/2017\/06\/messer.jpg 200w, https:\/\/www.aclanz.de\/wp-content\/uploads\/2017\/06\/messer-50x20.jpg 50w, https:\/\/www.aclanz.de\/wp-content\/uploads\/2017\/06\/messer-150x60.jpg 150w\" sizes=\"auto, (max-width:767px) 200px, 200px\" \/><img loading=\"lazy\" decoding=\"async\" class=\"alignnone wp-image-11009 size-full\" src=\"https:\/\/www.aclanz.de\/wp-content\/uploads\/2019\/09\/neis-neu.jpg\" alt=\"\" width=\"200\" height=\"80\" srcset=\"https:\/\/www.aclanz.de\/wp-content\/uploads\/2019\/09\/neis-neu.jpg 200w, https:\/\/www.aclanz.de\/wp-content\/uploads\/2019\/09\/neis-neu-50x20.jpg 50w, https:\/\/www.aclanz.de\/wp-content\/uploads\/2019\/09\/neis-neu-150x60.jpg 150w\" sizes=\"auto, (max-width:767px) 200px, 200px\" \/><img loading=\"lazy\" decoding=\"async\" class=\"alignnone size-full wp-image-9501\" src=\"https:\/\/www.aclanz.de\/wp-content\/uploads\/2017\/07\/nina2.jpg\" alt=\"\" width=\"200\" height=\"80\" srcset=\"https:\/\/www.aclanz.de\/wp-content\/uploads\/2017\/07\/nina2.jpg 200w, https:\/\/www.aclanz.de\/wp-content\/uploads\/2017\/07\/nina2-50x20.jpg 50w, https:\/\/www.aclanz.de\/wp-content\/uploads\/2017\/07\/nina2-150x60.jpg 150w\" sizes=\"auto, (max-width:767px) 200px, 200px\" \/><img loading=\"lazy\" decoding=\"async\" class=\"alignnone size-full wp-image-10042\" src=\"https:\/\/www.aclanz.de\/wp-content\/uploads\/2018\/04\/aclanz_mandanten_studiobrick.jpg\" alt=\"\" width=\"200\" height=\"80\" srcset=\"https:\/\/www.aclanz.de\/wp-content\/uploads\/2018\/04\/aclanz_mandanten_studiobrick.jpg 200w, https:\/\/www.aclanz.de\/wp-content\/uploads\/2018\/04\/aclanz_mandanten_studiobrick-50x20.jpg 50w, https:\/\/www.aclanz.de\/wp-content\/uploads\/2018\/04\/aclanz_mandanten_studiobrick-150x60.jpg 150w\" sizes=\"auto, (max-width:767px) 200px, 200px\" \/><img loading=\"lazy\" decoding=\"async\" class=\"alignnone size-full wp-image-7673\" src=\"http:\/\/www.aclanz.de\/wp-content\/uploads\/2017\/06\/transavia.jpg\" alt=\"\" width=\"200\" height=\"80\" srcset=\"https:\/\/www.aclanz.de\/wp-content\/uploads\/2017\/06\/transavia.jpg 200w, https:\/\/www.aclanz.de\/wp-content\/uploads\/2017\/06\/transavia-50x20.jpg 50w, https:\/\/www.aclanz.de\/wp-content\/uploads\/2017\/06\/transavia-150x60.jpg 150w\" sizes=\"auto, (max-width:767px) 200px, 200px\" \/><img loading=\"lazy\" decoding=\"async\" class=\"alignnone size-full wp-image-7671\" src=\"http:\/\/www.aclanz.de\/wp-content\/uploads\/2017\/06\/travelex.jpg\" alt=\"\" width=\"200\" height=\"80\" srcset=\"https:\/\/www.aclanz.de\/wp-content\/uploads\/2017\/06\/travelex.jpg 200w, https:\/\/www.aclanz.de\/wp-content\/uploads\/2017\/06\/travelex-50x20.jpg 50w, https:\/\/www.aclanz.de\/wp-content\/uploads\/2017\/06\/travelex-150x60.jpg 150w\" sizes=\"auto, (max-width:767px) 200px, 200px\" \/><img loading=\"lazy\" decoding=\"async\" class=\"alignnone size-full wp-image-10021\" src=\"https:\/\/www.aclanz.de\/wp-content\/uploads\/2018\/03\/wedia2.jpg\" alt=\"\" width=\"200\" height=\"80\" srcset=\"https:\/\/www.aclanz.de\/wp-content\/uploads\/2018\/03\/wedia2.jpg 200w, https:\/\/www.aclanz.de\/wp-content\/uploads\/2018\/03\/wedia2-50x20.jpg 50w, https:\/\/www.aclanz.de\/wp-content\/uploads\/2018\/03\/wedia2-150x60.jpg 150w\" sizes=\"auto, (max-width:767px) 200px, 200px\" \/>[\/vc_column_text][vc_column_text 0=\u00a0\u00bb\u00a0\u00bb el_class=\u00a0\u00bbintrotext-mandanten-desktop\u00a0\u00bb]En mati\u00e8re de droit \u00e9conomique, <strong>aclanz <\/strong>conseille et repr\u00e9sente des entreprises aussi bien nationales, qu\u2019internationales ainsi que des PME et des personnes priv\u00e9es. <strong>aclanz <\/strong>entretient avec ses clients des rapports des plus confidentiels et traite leurs affaires dans la plus grande discr\u00e9tion\u00a0: c\u2019est pourquoi nous remercions ceux de nos clients qui ont accept\u00e9 de figurer \u00e0 titre de r\u00e9f\u00e9rence sur notre site internet.[\/vc_column_text][vc_column_text 0=\u00a0\u00bb\u00a0\u00bb el_class=\u00a0\u00bbintrotext-mandanten-mobile\u00a0\u00bb]<\/p>\n<h3 style=\"text-align: center;\">\u2026 et al.<\/h3>\n<p>[\/vc_column_text][\/vc_column][\/vc_row][vc_row][vc_column][\/vc_column][\/vc_row]<\/p>\n<\/div>","protected":false},"excerpt":{"rendered":"<p>[vc_row full_height=\u00a0\u00bbyes\u00a0\u00bb columns_placement=\u00a0\u00bbtop\u00a0\u00bb css=\u00a0\u00bb.vc_custom_1498593308809{margin-top: 0px !important;margin-bottom: 0px !important;border-top-width: 0px !important;border-bottom-width: 0px !important;padding-top: 0px !important;padding-bottom: 0px !important;}\u00a0\u00bb el_id=\u00a0\u00bbContent Text und Submenu\u00a0\u00bb][vc_column<span class=\"excerpt-hellip\"> [\u2026]<\/span><\/p>\n","protected":false},"author":9,"featured_media":0,"parent":0,"menu_order":0,"comment_status":"closed","ping_status":"closed","template":"","meta":{"_acf_changed":false,"footnotes":""},"class_list":["post-8533","page","type-page","status-publish","hentry"],"acf":[],"_links":{"self":[{"href":"https:\/\/www.aclanz.de\/fr\/wp-json\/wp\/v2\/pages\/8533","targetHints":{"allow":["GET"]}}],"collection":[{"href":"https:\/\/www.aclanz.de\/fr\/wp-json\/wp\/v2\/pages"}],"about":[{"href":"https:\/\/www.aclanz.de\/fr\/wp-json\/wp\/v2\/types\/page"}],"author":[{"embeddable":true,"href":"https:\/\/www.aclanz.de\/fr\/wp-json\/wp\/v2\/users\/9"}],"replies":[{"embeddable":true,"href":"https:\/\/www.aclanz.de\/fr\/wp-json\/wp\/v2\/comments?post=8533"}],"version-history":[{"count":5,"href":"https:\/\/www.aclanz.de\/fr\/wp-json\/wp\/v2\/pages\/8533\/revisions"}],"predecessor-version":[{"id":12919,"href":"https:\/\/www.aclanz.de\/fr\/wp-json\/wp\/v2\/pages\/8533\/revisions\/12919"}],"wp:attachment":[{"href":"https:\/\/www.aclanz.de\/fr\/wp-json\/wp\/v2\/media?parent=8533"}],"curies":[{"name":"wp","href":"https:\/\/api.w.org\/{rel}","templated":true}]}}