{"id":8235,"date":"2017-06-29T10:56:58","date_gmt":"2017-06-29T10:56:58","guid":{"rendered":"http:\/\/www.aclanz.de\/buero-frankfurt-main\/"},"modified":"2025-06-26T07:11:57","modified_gmt":"2025-06-26T07:11:57","slug":"buero-frankfurt-main","status":"publish","type":"page","link":"https:\/\/www.aclanz.de\/fr\/bureaux\/buero-frankfurt-main\/","title":{"rendered":"Francfort-sur-le-Main"},"content":{"rendered":"<div class=\"wpb-content-wrapper\"><p>[vc_row el_class=\u00a0\u00bbimage-holder-top\u00a0\u00bb el_id=\u00a0\u00bbBilder im Header\u00a0\u00bb][vc_column el_class=\u00a0\u00bbimage-holder\u00a0\u00bb][vc_column_text css=\u00a0\u00bb.vc_custom_1500285072519{margin-right: 0px !important;margin-left: 0px !important;border-right-width: 0px !important;border-left-width: 0px !important;padding-right: 0px !important;padding-left: 0px !important;}\u00a0\u00bb el_class=\u00a0\u00bbimage-holder-textarea-full\u00a0\u00bb]<img loading=\"lazy\" decoding=\"async\" class=\"alignnone size-full wp-image-7065\" src=\"http:\/\/www.aclanz.de\/wp-content\/uploads\/2016\/07\/aclanz-keyvisual-kontakt.jpg\" alt=\"aclanz Partnerschaft von Rechtsanw\u00e4lten Frankfurt Main und Berlin\" width=\"940\" height=\"373\" srcset=\"https:\/\/www.aclanz.de\/wp-content\/uploads\/2016\/07\/aclanz-keyvisual-kontakt.jpg 940w, https:\/\/www.aclanz.de\/wp-content\/uploads\/2016\/07\/aclanz-keyvisual-kontakt-300x119.jpg 300w, https:\/\/www.aclanz.de\/wp-content\/uploads\/2016\/07\/aclanz-keyvisual-kontakt-768x305.jpg 768w, https:\/\/www.aclanz.de\/wp-content\/uploads\/2016\/07\/aclanz-keyvisual-kontakt-260x103.jpg 260w, https:\/\/www.aclanz.de\/wp-content\/uploads\/2016\/07\/aclanz-keyvisual-kontakt-50x20.jpg 50w, https:\/\/www.aclanz.de\/wp-content\/uploads\/2016\/07\/aclanz-keyvisual-kontakt-150x60.jpg 150w\" sizes=\"auto, (max-width:767px) 480px, (max-width:940px) 100vw, 940px\" \/><img loading=\"lazy\" decoding=\"async\" class=\"alignnone size-full wp-image-9068\" src=\"http:\/\/www.aclanz.de\/wp-content\/uploads\/2017\/07\/standort-frankfurt-klein.jpg\" alt=\"\" width=\"470\" height=\"380\" srcset=\"https:\/\/www.aclanz.de\/wp-content\/uploads\/2017\/07\/standort-frankfurt-klein.jpg 470w, https:\/\/www.aclanz.de\/wp-content\/uploads\/2017\/07\/standort-frankfurt-klein-300x243.jpg 300w, https:\/\/www.aclanz.de\/wp-content\/uploads\/2017\/07\/standort-frankfurt-klein-181x146.jpg 181w, https:\/\/www.aclanz.de\/wp-content\/uploads\/2017\/07\/standort-frankfurt-klein-50x40.jpg 50w, https:\/\/www.aclanz.de\/wp-content\/uploads\/2017\/07\/standort-frankfurt-klein-93x75.jpg 93w\" sizes=\"auto, (max-width:767px) 470px, 470px\" \/>[\/vc_column_text][\/vc_column][\/vc_row][vc_row full_height=\u00a0\u00bbyes\u00a0\u00bb columns_placement=\u00a0\u00bbtop\u00a0\u00bb css=\u00a0\u00bb.vc_custom_1498593308809{margin-top: 0px !important;margin-bottom: 0px !important;border-top-width: 0px !important;border-bottom-width: 0px !important;padding-top: 0px !important;padding-bottom: 0px !important;}\u00a0\u00bb el_id=\u00a0\u00bbContent Text und Submenu\u00a0\u00bb][vc_column width=\u00a0\u00bb3\/4&Prime; el_class=\u00a0\u00bbsidebar-content\u00a0\u00bb][vc_column_text css=\u00a0\u00bb\u00a0\u00bb]<\/p>\n<h1>Francfort-sur-le-Main<\/h1>\n<p>aclanz Partnerschaft von Rechtsanw\u00e4lten mbB\u00a0 |\u00a0 Notariat<\/p>\n<p>Alemanniahaus (Acceuil\/Empfang 5<sup>e<\/sup>\u00a0\u00e9tage)<br \/>\nAn der Hauptwache 11<br \/>\n60313 Francfort-sur-le-Main<\/p>\n<p>T +49 69 \/ 2 97 28 73 \u2013 0<br \/>\nF +49 69 \/ 2 97 28 73 \u201310<br \/>\n<a href=\"&#x6d;&#97;i&#x6c;&#116;o&#x3a;&#105;n&#x66;&#111;&#64;&#x61;&#99;l&#x61;&#x6e;z&#x2e;&#x64;&#101;\">i&#110;&#102;&#x6f;&#x40;ac&#108;&#97;&#x6e;&#x7a;&#46;d&#101;<\/a><\/p>\n<p>&nbsp;<\/p>\n<h2>Plan d\u2019acc\u00e8s<\/h2>\n<h3><strong>Transport en commun<\/strong><\/h3>\n<p>D\u00e9part de la gare centrale Francfort-sur-le-Main: tous les\u00a0S 1-9\u00a0(r\u00e9seau express r\u00e9gional)\u00a0en direction du centre-ville (2 stations jusqu\u2019\u00e0 Hauptwache)<\/p>\n<p>D\u00e9part de l\u2019a\u00e9roport Francfort-sur-le-Main: S 8 (r\u00e9seau express r\u00e9gional) en direction d\u2019 Offenbach (Main) Ost et S 9 en direction d\u2019Hanau Hbf (5\u00a0stations jusqu\u2019\u00e0 Hauptwache)<\/p>\n<h3><strong>Parkings \u00e0 \u00e9tages<\/strong><\/h3>\n<p>Parking \u00e0 \u00e9tages Schiller-Passage, Taubenstr. 11, 60313 Francfort-sur-le-Main<\/p>\n<p>Parking \u00e0 \u00e9tages PalaisQuartier, Gro\u00dfe Eschenheimer Str. 12, 60313 Francfort-sur-le-Main<\/p>\n<p>Parking \u00e0 \u00e9tages Goetheplatz, Goetheplatz 2a, 60311 Francfort-sur-le-Main<\/p>\n<p>Parking \u00e0 \u00e9tages B\u00f6rse, Meisengasse 7a, 60313 Francfort-sur-le-Main<\/p>\n<p>Parking \u00e0 \u00e9tages Hauptwache, Kornmarkt 10, 60311 Francfort-sur-le-Main[\/vc_column_text][vc_gmaps link=\u00a0\u00bb#E-8_JTNDaWZyYW1lJTIwc3R5bGUlM0QlMjJib3JkZXIlM0ElMjAwJTNCJTIyJTIwc3JjJTNEJTIyaHR0cHMlM0ElMkYlMkZ3d3cuZ29vZ2xlLmNvbSUyRm1hcHMlMkZlbWJlZCUzRnBiJTNEJTIxMW0xOCUyMTFtMTIlMjExbTMlMjExZDI1NTguNTA0NDMwOTA5MjM0JTIxMmQ4LjY3NjczOTc1MjAyMjIwMiUyMTNkNTAuMTE0MjgyMTc5MzI5NDQlMjEybTMlMjExZjAlMjEyZjAlMjEzZjAlMjEzbTIlMjExaTEwMjQlMjEyaTc2OCUyMTRmMTMuMSUyMTNtMyUyMTFtMiUyMTFzMHg0N2JkMGVhZmFhNzk4Zjk3JTI1M0EweDhiYmYyMGZlNzMxMDBkNmUlMjEyc2FjbGFueiUyQlBhcnRuZXJzY2hhZnQlMkJ2b24lMkJSZWNodHNhbnclMjVDMyUyNUE0bHRlbiUyMTVlMCUyMTNtMiUyMTFzZGUlMjEyc2RlJTIxNHYxNDg2OTg5MDM0Mzc0JTIyJTIwd2lkdGglM0QlMjI2MDAlMjIlMjBoZWlnaHQlM0QlMjI0NTAlMjIlMjBmcmFtZWJvcmRlciUzRCUyMjAlMjIlMjBhbGxvd2Z1bGxzY3JlZW4lM0QlMjJhbGxvd2Z1bGxzY3JlZW4lMjIlM0UlM0MlMkZpZnJhbWUlM0U=\u00a0\u00bb]\n<div class=\"wpcf7 no-js\" id=\"wpcf7-f3001-o1\" lang=\"en-US\" dir=\"ltr\" data-wpcf7-id=\"3001\">\n<div class=\"screen-reader-response\"><p role=\"status\" aria-live=\"polite\" aria-atomic=\"true\"><\/p> <ul><\/ul><\/div>\n<form action=\"\/fr\/wp-json\/wp\/v2\/pages\/8235#wpcf7-f3001-o1\" method=\"post\" class=\"wpcf7-form init\" aria-label=\"Contact form\" novalidate=\"novalidate\" data-status=\"init\">\n<fieldset class=\"hidden-fields-container\"><input type=\"hidden\" name=\"_wpcf7\" value=\"3001\" \/><input type=\"hidden\" name=\"_wpcf7_version\" value=\"6.1.5\" \/><input type=\"hidden\" name=\"_wpcf7_locale\" value=\"en_US\" \/><input type=\"hidden\" name=\"_wpcf7_unit_tag\" value=\"wpcf7-f3001-o1\" \/><input type=\"hidden\" name=\"_wpcf7_container_post\" value=\"0\" \/><input type=\"hidden\" name=\"_wpcf7_posted_data_hash\" value=\"\" \/>\n<\/fieldset>\n<p>Veuillez choisir un destinataire, s'il vous pla\u00eet:\n<\/p>\n<p><span class=\"wpcf7-form-control-wrap\" data-name=\"recipient\"><select class=\"wpcf7-form-control wpcf7-select wpcf7-validates-as-required\" aria-required=\"true\" aria-invalid=\"false\" name=\"recipient\"><option value=\"info(@)aclanz.de\">info(@)aclanz.de<\/option><option value=\"Elke Hoene\">Elke Hoene<\/option><option value=\"Joachim Hund-von Hagen\">Joachim Hund-von Hagen<\/option><option value=\"Saba Mebrahtu\">Saba Mebrahtu<\/option><option value=\"Monique Sandidge\">Monique Sandidge<\/option><option value=\"Frank Sauvigny\">Frank Sauvigny<\/option><option value=\"Dr. Joachim Wichert\">Dr. Joachim Wichert<\/option><\/select><\/span>\n<\/p>\n<p>Votre nom*\n<\/p>\n<p><span class=\"wpcf7-form-control-wrap\" data-name=\"your-name\"><input size=\"40\" maxlength=\"400\" class=\"wpcf7-form-control wpcf7-text wpcf7-validates-as-required\" aria-required=\"true\" aria-invalid=\"false\" value=\"\" type=\"text\" name=\"your-name\" \/><\/span>\n<\/p>\n<p>Votre email*\n<\/p>\n<p><span class=\"wpcf7-form-control-wrap\" data-name=\"your-email\"><input size=\"40\" maxlength=\"400\" class=\"wpcf7-form-control wpcf7-email wpcf7-validates-as-required wpcf7-text wpcf7-validates-as-email\" aria-required=\"true\" aria-invalid=\"false\" value=\"\" type=\"email\" name=\"your-email\" \/><\/span>\n<\/p>\n<p>Sujet*\n<\/p>\n<p><span class=\"wpcf7-form-control-wrap\" data-name=\"your-subject\"><input size=\"40\" maxlength=\"400\" class=\"wpcf7-form-control wpcf7-text wpcf7-validates-as-required\" aria-required=\"true\" aria-invalid=\"false\" value=\"\" type=\"text\" name=\"your-subject\" \/><\/span>\n<\/p>\n<p>Votre message*\n<\/p>\n<p><span class=\"wpcf7-form-control-wrap\" data-name=\"your-message\"><textarea cols=\"40\" rows=\"10\" maxlength=\"2000\" class=\"wpcf7-form-control wpcf7-textarea wpcf7-validates-as-required\" aria-required=\"true\" aria-invalid=\"false\" name=\"your-message\"><\/textarea><\/span>\n<\/p>\n<p>[recaptcha]\n<\/p>\n<p><input class=\"wpcf7-form-control wpcf7-submit has-spinner\" type=\"submit\" value=\"Envoyer\" \/>\n<\/p><div class=\"wpcf7-response-output\" aria-hidden=\"true\"><\/div>\n<\/form>\n<\/div>\n[\/vc_column][vc_column width=\u00a0\u00bb1\/4&Prime; el_class=\u00a0\u00bbsidebar-gray\u00a0\u00bb css=\u00a0\u00bb.vc_custom_1498559811149{margin-top: 0px !important;margin-right: 0px !important;margin-left: 0px !important;border-top-width: 0px !important;border-right-width: 0px !important;border-left-width: 0px !important;padding-top: 0px !important;padding-right: 0px !important;padding-left: 0px !important;}\u00a0\u00bb][vc_wp_custommenu title=\u00a0\u00bbBureaux\u00a0\u00bb nav_menu=\u00a0\u00bb200&Prime; el_class=\u00a0\u00bbsidebar-menu\u00a0\u00bb][\/vc_column][\/vc_row]<\/p>\n<\/div>","protected":false},"excerpt":{"rendered":"<p>[vc_row el_class=\u00a0\u00bbimage-holder-top\u00a0\u00bb el_id=\u00a0\u00bbBilder im Header\u00a0\u00bb][vc_column el_class=\u00a0\u00bbimage-holder\u00a0\u00bb][vc_column_text css=\u00a0\u00bb.vc_custom_1500285072519{margin-right: 0px !important;margin-left: 0px !important;border-right-width: 0px !important;border-left-width: 0px !important;padding-right: 0px !important;padding-left: 0px !important;}\u00a0\u00bb el_class=\u00a0\u00bbimage-holder-textarea-full\u00a0\u00bb][\/vc_column_text][\/vc_column][\/vc_row][vc_row<span class=\"excerpt-hellip\"> [\u2026]<\/span><\/p>\n","protected":false},"author":15,"featured_media":-1,"parent":9013,"menu_order":0,"comment_status":"closed","ping_status":"closed","template":"","meta":{"_acf_changed":false,"footnotes":""},"class_list":["post-8235","page","type-page","status-publish","has-post-thumbnail","hentry"],"acf":[],"_links":{"self":[{"href":"https:\/\/www.aclanz.de\/fr\/wp-json\/wp\/v2\/pages\/8235","targetHints":{"allow":["GET"]}}],"collection":[{"href":"https:\/\/www.aclanz.de\/fr\/wp-json\/wp\/v2\/pages"}],"about":[{"href":"https:\/\/www.aclanz.de\/fr\/wp-json\/wp\/v2\/types\/page"}],"author":[{"embeddable":true,"href":"https:\/\/www.aclanz.de\/fr\/wp-json\/wp\/v2\/users\/15"}],"replies":[{"embeddable":true,"href":"https:\/\/www.aclanz.de\/fr\/wp-json\/wp\/v2\/comments?post=8235"}],"version-history":[{"count":5,"href":"https:\/\/www.aclanz.de\/fr\/wp-json\/wp\/v2\/pages\/8235\/revisions"}],"predecessor-version":[{"id":13998,"href":"https:\/\/www.aclanz.de\/fr\/wp-json\/wp\/v2\/pages\/8235\/revisions\/13998"}],"up":[{"embeddable":true,"href":"https:\/\/www.aclanz.de\/fr\/wp-json\/wp\/v2\/pages\/9013"}],"wp:featuredmedia":[{"embeddable":true,"href":"https:\/\/www.aclanz.de\/fr\/wp-json\/"}],"wp:attachment":[{"href":"https:\/\/www.aclanz.de\/fr\/wp-json\/wp\/v2\/media?parent=8235"}],"curies":[{"name":"wp","href":"https:\/\/api.w.org\/{rel}","templated":true}]}}