{"id":8232,"date":"2017-06-29T10:57:19","date_gmt":"2017-06-29T10:57:19","guid":{"rendered":"http:\/\/www.aclanz.de\/buero-berlin\/"},"modified":"2023-05-31T10:29:29","modified_gmt":"2023-05-31T10:29:29","slug":"buero-berlin","status":"publish","type":"page","link":"https:\/\/www.aclanz.de\/fr\/bureaux\/buero-berlin\/","title":{"rendered":"Berlin"},"content":{"rendered":"<div class=\"wpb-content-wrapper\"><p>[vc_row el_class=\u00a0\u00bbimage-holder-top\u00a0\u00bb el_id=\u00a0\u00bbBilder im Header\u00a0\u00bb][vc_column el_class=\u00a0\u00bbimage-holder\u00a0\u00bb][vc_column_text css=\u00a0\u00bb.vc_custom_1500284992324{margin-right: 0px !important;margin-left: 0px !important;border-right-width: 0px !important;border-left-width: 0px !important;padding-right: 0px !important;padding-left: 0px !important;}\u00a0\u00bb el_class=\u00a0\u00bbimage-holder-textarea-full\u00a0\u00bb]<img loading=\"lazy\" decoding=\"async\" class=\"alignnone size-full wp-image-8019\" src=\"http:\/\/www.aclanz.de\/wp-content\/uploads\/2017\/06\/aclanz-kontakt-berlin.jpg\" alt=\"aclanz Partnerschaft von Rechtsanw\u00e4lten Berlin und Frankfurt Main\" width=\"940\" height=\"373\" srcset=\"https:\/\/www.aclanz.de\/wp-content\/uploads\/2017\/06\/aclanz-kontakt-berlin.jpg 940w, https:\/\/www.aclanz.de\/wp-content\/uploads\/2017\/06\/aclanz-kontakt-berlin-300x119.jpg 300w, https:\/\/www.aclanz.de\/wp-content\/uploads\/2017\/06\/aclanz-kontakt-berlin-768x305.jpg 768w, https:\/\/www.aclanz.de\/wp-content\/uploads\/2017\/06\/aclanz-kontakt-berlin-260x103.jpg 260w, https:\/\/www.aclanz.de\/wp-content\/uploads\/2017\/06\/aclanz-kontakt-berlin-50x20.jpg 50w, https:\/\/www.aclanz.de\/wp-content\/uploads\/2017\/06\/aclanz-kontakt-berlin-150x60.jpg 150w\" sizes=\"auto, (max-width:767px) 480px, (max-width:940px) 100vw, 940px\" \/><img loading=\"lazy\" decoding=\"async\" class=\"alignnone size-full wp-image-9069\" src=\"http:\/\/www.aclanz.de\/wp-content\/uploads\/2017\/07\/standort-berlin-klein.jpg\" alt=\"aclanz Partnerschaft von Rechtsanw\u00e4lten Berlin und Frankfurt Main\" width=\"470\" height=\"380\" srcset=\"https:\/\/www.aclanz.de\/wp-content\/uploads\/2017\/07\/standort-berlin-klein.jpg 470w, https:\/\/www.aclanz.de\/wp-content\/uploads\/2017\/07\/standort-berlin-klein-300x243.jpg 300w, https:\/\/www.aclanz.de\/wp-content\/uploads\/2017\/07\/standort-berlin-klein-181x146.jpg 181w, https:\/\/www.aclanz.de\/wp-content\/uploads\/2017\/07\/standort-berlin-klein-50x40.jpg 50w, https:\/\/www.aclanz.de\/wp-content\/uploads\/2017\/07\/standort-berlin-klein-93x75.jpg 93w\" sizes=\"auto, (max-width:767px) 470px, 470px\" \/>[\/vc_column_text][\/vc_column][\/vc_row][vc_row full_height=\u00a0\u00bbyes\u00a0\u00bb columns_placement=\u00a0\u00bbtop\u00a0\u00bb css=\u00a0\u00bb.vc_custom_1498593308809{margin-top: 0px !important;margin-bottom: 0px !important;border-top-width: 0px !important;border-bottom-width: 0px !important;padding-top: 0px !important;padding-bottom: 0px !important;}\u00a0\u00bb el_id=\u00a0\u00bbContent Text und Submenu\u00a0\u00bb][vc_column width=\u00a0\u00bb3\/4&Prime; el_class=\u00a0\u00bbsidebar-content\u00a0\u00bb][vc_column_text]<\/p>\n<h1>Berlin<\/h1>\n<p><strong>aclanz<\/strong> Partnerschaft von Rechtsanw\u00e4lten mbB<\/p>\n<p>Palais am Pariser Platz (Acceuil\/Empfang 3<sup>e<\/sup>\u00a0\u00e9tage)<br \/>\nPariser Platz 6a<br class=\"\" \/>10117 Berlin<\/p>\n<p>T +49 30 \/ 21 48 02 28\u00a0\u2013\u00a00<br \/>\nF +49 30 \/ 21 48 02 28\u00a0\u2013 1<br \/>\n<a href=\"&#x6d;&#x61;&#x69;&#x6c;&#x74;&#x6f;&#x3a;&#x69;&#x6e;&#x66;&#x6f;&#x40;&#x61;&#x63;&#x6c;&#x61;&#x6e;&#x7a;&#x2e;&#x64;&#x65;\">&#105;&#110;&#x66;&#x6f;&#64;&#97;&#x63;&#x6c;&#97;&#110;&#x7a;&#x2e;&#100;&#101;<\/a><\/p>\n<p>&nbsp;<\/p>\n<h2>Plan d\u2019acc\u00e8s<\/h2>\n<h3><strong>Transport en commun<\/strong><\/h3>\n<p>D\u00e9part de la gare centrale Berlin: M\u00e9tro U55 en direction du Brandenburger Tor (2 stations jusqu\u2019\u00e0 Brandenburger Tor)<\/p>\n<p>D\u00e9part de l\u2019a\u00e9roport Berlin-Brandenburg (Terminal 1-2 : S-Bahnen) : S-Bahn 9 en direction de Berlin-Spandau, sortie Alexanderplatz (14 arr\u00eats) de l\u00e0, prendre le m\u00e9tro 5 en direction de Hauptbahnhof et descendre \u00e0 Brandenburger Tor (3 arr\u00eats)<\/p>\n<h3><strong>Parkings \u00e0 \u00e9tages<\/strong><\/h3>\n<p>Parking \u00e0 \u00e9tages \u00e0 l\u2019h\u00f4tel Adlon Kempinski, Unter den Linden 77, 10117 Berlin<\/p>\n<p>Parking \u00e0 \u00e9tages Nordseepassage, Unter den Linden 78, 10117 Berlin[\/vc_column_text][vc_gmaps link=\u00a0\u00bb#E-8_JTNDaWZyYW1lJTIwc3JjJTNEJTIyaHR0cHMlM0ElMkYlMkZ3d3cuZ29vZ2xlLmNvbSUyRm1hcHMlMkZlbWJlZCUzRnBiJTNEJTIxMW0xOCUyMTFtMTIlMjExbTMlMjExZDI0MjcuOTEzNTY3ODEyMzI2NiUyMTJkMTMuMzc1NjExNDE2MzA3Mjg3JTIxM2Q1Mi41MTY5MDMyNDQyMTA1JTIxMm0zJTIxMWYwJTIxMmYwJTIxM2YwJTIxM20yJTIxMWkxMDI0JTIxMmk3NjglMjE0ZjEzLjElMjEzbTMlMjExbTIlMjExczB4NDdhODUxYzZmZDZhMGQ1NyUyNTNBMHgzNzQ0M2JhYzk3YjNmNjIlMjEyc2FjbGFueiUyQlBhcnRuZXJzY2hhZnQlMkJ2b24lMkJSZWNodHNhbnclMjVDMyUyNUE0bHRlbiUyQkJlcmxpbiUyMTVlMCUyMTNtMiUyMTFzZGUlMjEyc2RlJTIxNHYxNDk5MDgwNTQ1NjM3JTIyJTIwd2lkdGglM0QlMjI2MDAlMjIlMjBoZWlnaHQlM0QlMjI0NTAlMjIlMjBmcmFtZWJvcmRlciUzRCUyMjAlMjIlMjBzdHlsZSUzRCUyMmJvcmRlciUzQTAlMjIlMjBhbGxvd2Z1bGxzY3JlZW4lM0UlM0MlMkZpZnJhbWUlM0U=\u00a0\u00bb][\/vc_column][vc_column width=\u00a0\u00bb1\/4&Prime; el_class=\u00a0\u00bbsidebar-gray\u00a0\u00bb css=\u00a0\u00bb.vc_custom_1498559811149{margin-top: 0px !important;margin-right: 0px !important;margin-left: 0px !important;border-top-width: 0px !important;border-right-width: 0px !important;border-left-width: 0px !important;padding-top: 0px !important;padding-right: 0px !important;padding-left: 0px !important;}\u00a0\u00bb][vc_wp_custommenu title=\u00a0\u00bbBureaux\u00a0\u00bb nav_menu=\u00a0\u00bb198&Prime; el_class=\u00a0\u00bbsidebar-menu\u00a0\u00bb][\/vc_column][\/vc_row]<\/p>\n<\/div>","protected":false},"excerpt":{"rendered":"<p>[vc_row el_class=\u00a0\u00bbimage-holder-top\u00a0\u00bb el_id=\u00a0\u00bbBilder im Header\u00a0\u00bb][vc_column el_class=\u00a0\u00bbimage-holder\u00a0\u00bb][vc_column_text css=\u00a0\u00bb.vc_custom_1500284992324{margin-right: 0px !important;margin-left: 0px !important;border-right-width: 0px !important;border-left-width: 0px !important;padding-right: 0px !important;padding-left: 0px !important;}\u00a0\u00bb el_class=\u00a0\u00bbimage-holder-textarea-full\u00a0\u00bb][\/vc_column_text][\/vc_column][\/vc_row][vc_row<span class=\"excerpt-hellip\"> [\u2026]<\/span><\/p>\n","protected":false},"author":15,"featured_media":0,"parent":9013,"menu_order":0,"comment_status":"closed","ping_status":"closed","template":"","meta":{"_acf_changed":false,"footnotes":""},"class_list":["post-8232","page","type-page","status-publish","hentry"],"acf":[],"_links":{"self":[{"href":"https:\/\/www.aclanz.de\/fr\/wp-json\/wp\/v2\/pages\/8232","targetHints":{"allow":["GET"]}}],"collection":[{"href":"https:\/\/www.aclanz.de\/fr\/wp-json\/wp\/v2\/pages"}],"about":[{"href":"https:\/\/www.aclanz.de\/fr\/wp-json\/wp\/v2\/types\/page"}],"author":[{"embeddable":true,"href":"https:\/\/www.aclanz.de\/fr\/wp-json\/wp\/v2\/users\/15"}],"replies":[{"embeddable":true,"href":"https:\/\/www.aclanz.de\/fr\/wp-json\/wp\/v2\/comments?post=8232"}],"version-history":[{"count":5,"href":"https:\/\/www.aclanz.de\/fr\/wp-json\/wp\/v2\/pages\/8232\/revisions"}],"predecessor-version":[{"id":13269,"href":"https:\/\/www.aclanz.de\/fr\/wp-json\/wp\/v2\/pages\/8232\/revisions\/13269"}],"up":[{"embeddable":true,"href":"https:\/\/www.aclanz.de\/fr\/wp-json\/wp\/v2\/pages\/9013"}],"wp:attachment":[{"href":"https:\/\/www.aclanz.de\/fr\/wp-json\/wp\/v2\/media?parent=8232"}],"curies":[{"name":"wp","href":"https:\/\/api.w.org\/{rel}","templated":true}]}}