{"id":7813,"date":"2010-06-08T13:34:30","date_gmt":"2010-06-08T13:34:30","guid":{"rendered":"http:\/\/www.aclanz.de\/avocats\/dr-joachim-wichert\/"},"modified":"2023-04-06T12:03:38","modified_gmt":"2023-04-06T12:03:38","slug":"dr-joachim-wichert","status":"publish","type":"page","link":"https:\/\/www.aclanz.de\/fr\/avocats\/dr-joachim-wichert\/","title":{"rendered":"Dr. Joachim Wichert"},"content":{"rendered":"<div class=\"wpb-content-wrapper\"><p>[vc_row el_class=\u00a0\u00bbimage-holder-top\u00a0\u00bb el_id=\u00a0\u00bbBilder im Header\u00a0\u00bb][vc_column el_class=\u00a0\u00bbimage-holder\u00a0\u00bb][vc_column_text css=\u00a0\u00bb.vc_custom_1565857010665{margin-right: 0px !important;margin-left: 0px !important;border-right-width: 0px !important;border-left-width: 0px !important;padding-right: 0px !important;padding-left: 0px !important;}\u00a0\u00bb el_class=\u00a0\u00bbimage-holder-textarea-full\u00a0\u00bb]<img loading=\"lazy\" decoding=\"async\" class=\"alignnone wp-image-10896 size-full\" src=\"https:\/\/www.aclanz.de\/wp-content\/uploads\/2019\/08\/Wichert_header.jpg\" alt=\"\" width=\"950\" height=\"380\" srcset=\"https:\/\/www.aclanz.de\/wp-content\/uploads\/2019\/08\/Wichert_header.jpg 950w, https:\/\/www.aclanz.de\/wp-content\/uploads\/2019\/08\/Wichert_header-300x120.jpg 300w, https:\/\/www.aclanz.de\/wp-content\/uploads\/2019\/08\/Wichert_header-768x307.jpg 768w, https:\/\/www.aclanz.de\/wp-content\/uploads\/2019\/08\/Wichert_header-260x104.jpg 260w, https:\/\/www.aclanz.de\/wp-content\/uploads\/2019\/08\/Wichert_header-50x20.jpg 50w, https:\/\/www.aclanz.de\/wp-content\/uploads\/2019\/08\/Wichert_header-150x60.jpg 150w\" sizes=\"auto, (max-width:767px) 480px, (max-width:950px) 100vw, 950px\" \/><img loading=\"lazy\" decoding=\"async\" class=\"alignnone wp-image-10902 size-full\" src=\"https:\/\/www.aclanz.de\/wp-content\/uploads\/2019\/08\/aclanz-wichert-a.jpg\" alt=\"\" width=\"470\" height=\"380\" srcset=\"https:\/\/www.aclanz.de\/wp-content\/uploads\/2019\/08\/aclanz-wichert-a.jpg 470w, https:\/\/www.aclanz.de\/wp-content\/uploads\/2019\/08\/aclanz-wichert-a-300x243.jpg 300w, https:\/\/www.aclanz.de\/wp-content\/uploads\/2019\/08\/aclanz-wichert-a-181x146.jpg 181w, https:\/\/www.aclanz.de\/wp-content\/uploads\/2019\/08\/aclanz-wichert-a-50x40.jpg 50w, https:\/\/www.aclanz.de\/wp-content\/uploads\/2019\/08\/aclanz-wichert-a-93x75.jpg 93w\" sizes=\"auto, (max-width:767px) 470px, 470px\" \/>[\/vc_column_text][\/vc_column][\/vc_row][vc_row full_height=\u00a0\u00bbyes\u00a0\u00bb columns_placement=\u00a0\u00bbtop\u00a0\u00bb css=\u00a0\u00bb.vc_custom_1498593308809{margin-top: 0px !important;margin-bottom: 0px !important;border-top-width: 0px !important;border-bottom-width: 0px !important;padding-top: 0px !important;padding-bottom: 0px !important;}\u00a0\u00bb el_id=\u00a0\u00bbContent Text und Submenu\u00a0\u00bb][vc_column width=\u00a0\u00bb3\/4&Prime; el_class=\u00a0\u00bbsidebar-content\u00a0\u00bb][vc_column_text 0=\u00a0\u00bb\u00a0\u00bb]<\/p>\n<h1>Dr. Joachim Wichert<\/h1>\n<p>Associ\u00e9<\/p>\n<p>Avocat et Avocat sp\u00e9cialis\u00e9 en droit du travail<br \/>\nM\u00e9diateur commercial<\/p>\n<p>Avocat de 1994 \u00e0 1999<br \/>\nMagistrat, juge du Tribunal d\u2019instance \u00e0 Berlin de 1999 \u00e0 l\u2019an 2000<br \/>\nAvocat depuis 2000<\/p>\n<h3>Contacter:<\/h3>\n<p><a href=\"&#x6d;&#x61;&#x69;&#x6c;&#x74;&#x6f;&#x3a;&#x6a;&#x6f;&#x61;&#x63;&#104;&#105;&#109;&#46;&#119;&#105;&#99;hert&#64;a&#x63;&#x6c;&#x61;&#x6e;&#x7a;&#x2e;&#x64;&#x65;\">j&#111;&#x61;&#x63;h&#105;&#109;&#x2e;&#x77;i&#99;&#x68;&#x65;r&#116;&#64;&#x61;&#x63;l&#97;&#x6e;&#x7a;&#46;&#100;&#101;<\/a><br \/>\nT +49 69 297 287 30\u00a0\u00a0\u00a0\u00a0\u00a0 Frankfurt\/M<br \/>\nT +49 30 21 48 02 280\u00a0\u00a0 Berlin<br \/>\nT\u00e9l\u00e9charger:\u00a0 <a href=\"http:\/\/www.aclanz.de\/wp-content\/uploads\/2017\/07\/Joachim-Wichert.vcf\">vCard<\/a><\/p>\n<h3>Langues:<\/h3>\n<p>Allemand, Anglais<\/p>\n<h3>Autres activit\u00e9s et adh\u00e9sions:<\/h3>\n<ul>\n<li>Ma\u00eetre de conf\u00e9rences en cours pour les dipl\u00f4mes d\u2019avocat sp\u00e9cialis\u00e9 en droit de la location: <a href=\"https:\/\/www.hagen-law-school.de\">Hagen Law School<\/a><\/li>\n<li>Redaktionsbeirat: Zeitschrift f\u00fcr Miet- und Raumrecht (Membre du conseil de la r\u00e9daction de la revue juridique en mati\u00e9re du droit de la location et l\u2019immobilier)<\/li>\n<li>Arbeitsgemeinschaft Arbeitsrecht im Deutschen Anwaltverein (Groupement des avocats sp\u00e9cialis\u00e9s en droit du travail dans le cadre de la F\u00e9d\u00e9ration des avocats allemands)<\/li>\n<li><a href=\"http:\/\/www.ffa-arbeitsrecht.de\">fachanwalt forum arbeitsrecht (ffa)<br \/>\n<\/a>Cercle des avocats sp\u00e9cialis\u00e9s en droit du travail)<\/li>\n<li><a href=\"https:\/\/www.mittelstandsberater.de\">IBWF Institut f\u00fcr Betriebsberatung<\/a>,\u00a0Wirtschaftsf\u00f6rderung und -forschung e.V.<\/li>\n<\/ul>\n<h3>Formation:<\/h3>\n<p>Etudes en droit et en philosophie \u00e0 l\u2019Universit\u00e9 de Francfort-sur-le-Main<br \/>\nTh\u00e8se de doctorat \u00e0 propos d\u2019un sujet en mati\u00e8re du droit de soci\u00e9t\u00e9s anonymes<br \/>\nAvocat sp\u00e9cialis\u00e9 en droit du travail<br \/>\nM\u00e9diateur agr\u00e9\u00e9 (DeutscheAnwaltAkademie)[\/vc_column_text][vc_cta h2=\u00a0\u00bbPublications\u00a0\u00bb shape=\u00a0\u00bbsquare\u00a0\u00bb add_button=\u00a0\u00bbright\u00a0\u00bb btn_title=\u00a0\u00bbplus &#8230;\u00a0\u00bb btn_style=\u00a0\u00bbcustom\u00a0\u00bb btn_custom_background=\u00a0\u00bb#2d4861&Prime; btn_custom_text=\u00a0\u00bb#ffffff\u00a0\u00bb btn_shape=\u00a0\u00bbsquare\u00a0\u00bb btn_link=\u00a0\u00bburl:%2Fanwaelte%2Fveroeffentlichungen_dr-joachim-wichert%2F|||\u00a0\u00bb]Vous trouverez ici toutes les publications du Dr. Joachim Wichert.[\/vc_cta][\/vc_column][vc_column width=\u00a0\u00bb1\/4&Prime; el_class=\u00a0\u00bbsidebar-gray\u00a0\u00bb css=\u00a0\u00bb.vc_custom_1498559811149{margin-top: 0px !important;margin-right: 0px !important;margin-left: 0px !important;border-top-width: 0px !important;border-right-width: 0px !important;border-left-width: 0px !important;padding-top: 0px !important;padding-right: 0px !important;padding-left: 0px !important;}\u00a0\u00bb][vc_wp_custommenu title=\u00a0\u00bbAvocats\u00a0\u00bb nav_menu=\u00a0\u00bb218&Prime; el_class=\u00a0\u00bbsidebar-menu\u00a0\u00bb][\/vc_column][\/vc_row]<\/p>\n<\/div>","protected":false},"excerpt":{"rendered":"<p>[vc_row el_class=\u00a0\u00bbimage-holder-top\u00a0\u00bb el_id=\u00a0\u00bbBilder im Header\u00a0\u00bb][vc_column el_class=\u00a0\u00bbimage-holder\u00a0\u00bb][vc_column_text css=\u00a0\u00bb.vc_custom_1565857010665{margin-right: 0px !important;margin-left: 0px !important;border-right-width: 0px !important;border-left-width: 0px !important;padding-right: 0px !important;padding-left: 0px !important;}\u00a0\u00bb el_class=\u00a0\u00bbimage-holder-textarea-full\u00a0\u00bb][\/vc_column_text][\/vc_column][\/vc_row][vc_row<span class=\"excerpt-hellip\"> [\u2026]<\/span><\/p>\n","protected":false},"author":9,"featured_media":0,"parent":249,"menu_order":0,"comment_status":"open","ping_status":"open","template":"","meta":{"_acf_changed":false,"footnotes":""},"class_list":["post-7813","page","type-page","status-publish","hentry"],"acf":[],"_links":{"self":[{"href":"https:\/\/www.aclanz.de\/fr\/wp-json\/wp\/v2\/pages\/7813","targetHints":{"allow":["GET"]}}],"collection":[{"href":"https:\/\/www.aclanz.de\/fr\/wp-json\/wp\/v2\/pages"}],"about":[{"href":"https:\/\/www.aclanz.de\/fr\/wp-json\/wp\/v2\/types\/page"}],"author":[{"embeddable":true,"href":"https:\/\/www.aclanz.de\/fr\/wp-json\/wp\/v2\/users\/9"}],"replies":[{"embeddable":true,"href":"https:\/\/www.aclanz.de\/fr\/wp-json\/wp\/v2\/comments?post=7813"}],"version-history":[{"count":5,"href":"https:\/\/www.aclanz.de\/fr\/wp-json\/wp\/v2\/pages\/7813\/revisions"}],"predecessor-version":[{"id":13259,"href":"https:\/\/www.aclanz.de\/fr\/wp-json\/wp\/v2\/pages\/7813\/revisions\/13259"}],"up":[{"embeddable":true,"href":"https:\/\/www.aclanz.de\/fr\/wp-json\/wp\/v2\/pages\/249"}],"wp:attachment":[{"href":"https:\/\/www.aclanz.de\/fr\/wp-json\/wp\/v2\/media?parent=7813"}],"curies":[{"name":"wp","href":"https:\/\/api.w.org\/{rel}","templated":true}]}}