{"id":7809,"date":"2010-06-08T13:33:36","date_gmt":"2010-06-08T13:33:36","guid":{"rendered":"http:\/\/www.aclanz.de\/avocats\/joachim-hund-von-hagen\/"},"modified":"2026-02-23T09:37:57","modified_gmt":"2026-02-23T09:37:57","slug":"joachim-hund-von-hagen","status":"publish","type":"page","link":"https:\/\/www.aclanz.de\/fr\/avocats\/joachim-hund-von-hagen\/","title":{"rendered":"Joachim Hund-von Hagen"},"content":{"rendered":"<div class=\"wpb-content-wrapper\"><p>[vc_row el_class=\u00a0\u00bbimage-holder-top\u00a0\u00bb el_id=\u00a0\u00bbBilder im Header\u00a0\u00bb][vc_column el_class=\u00a0\u00bbimage-holder\u00a0\u00bb][vc_column_text css=\u00a0\u00bb.vc_custom_1499158081921{margin-right: 0px !important;margin-left: 0px !important;border-right-width: 0px !important;border-left-width: 0px !important;padding-right: 0px !important;padding-left: 0px !important;}\u00a0\u00bb el_class=\u00a0\u00bbimage-holder-textarea-full\u00a0\u00bb]<img loading=\"lazy\" decoding=\"async\" class=\"alignnone wp-image-12374 size-full\" src=\"https:\/\/www.aclanz.de\/wp-content\/uploads\/2021\/05\/jhvh_header-21-1.jpg\" alt=\"\" width=\"950\" height=\"380\" srcset=\"https:\/\/www.aclanz.de\/wp-content\/uploads\/2021\/05\/jhvh_header-21-1.jpg 950w, https:\/\/www.aclanz.de\/wp-content\/uploads\/2021\/05\/jhvh_header-21-1-300x120.jpg 300w, https:\/\/www.aclanz.de\/wp-content\/uploads\/2021\/05\/jhvh_header-21-1-768x307.jpg 768w, https:\/\/www.aclanz.de\/wp-content\/uploads\/2021\/05\/jhvh_header-21-1-260x104.jpg 260w, https:\/\/www.aclanz.de\/wp-content\/uploads\/2021\/05\/jhvh_header-21-1-50x20.jpg 50w, https:\/\/www.aclanz.de\/wp-content\/uploads\/2021\/05\/jhvh_header-21-1-150x60.jpg 150w\" sizes=\"auto, (max-width:767px) 480px, (max-width:950px) 100vw, 950px\" \/><img loading=\"lazy\" decoding=\"async\" class=\"alignnone wp-image-12361 size-full\" src=\"https:\/\/www.aclanz.de\/wp-content\/uploads\/2021\/05\/aclanz-jhvh-21.jpg\" alt=\"\" width=\"470\" height=\"380\" srcset=\"https:\/\/www.aclanz.de\/wp-content\/uploads\/2021\/05\/aclanz-jhvh-21.jpg 470w, https:\/\/www.aclanz.de\/wp-content\/uploads\/2021\/05\/aclanz-jhvh-21-300x243.jpg 300w, https:\/\/www.aclanz.de\/wp-content\/uploads\/2021\/05\/aclanz-jhvh-21-181x146.jpg 181w, https:\/\/www.aclanz.de\/wp-content\/uploads\/2021\/05\/aclanz-jhvh-21-50x40.jpg 50w, https:\/\/www.aclanz.de\/wp-content\/uploads\/2021\/05\/aclanz-jhvh-21-93x75.jpg 93w\" sizes=\"auto, (max-width:767px) 470px, 470px\" \/>[\/vc_column_text][\/vc_column][\/vc_row][vc_row full_height=\u00a0\u00bbyes\u00a0\u00bb columns_placement=\u00a0\u00bbtop\u00a0\u00bb css=\u00a0\u00bb.vc_custom_1498593308809{margin-top: 0px !important;margin-bottom: 0px !important;border-top-width: 0px !important;border-bottom-width: 0px !important;padding-top: 0px !important;padding-bottom: 0px !important;}\u00a0\u00bb el_id=\u00a0\u00bbContent Text und Submenu\u00a0\u00bb][vc_column width=\u00a0\u00bb3\/4&Prime; el_class=\u00a0\u00bbsidebar-content\u00a0\u00bb][vc_column_text css=\u00a0\u00bb\u00a0\u00bb]<\/p>\n<h1>Joachim Hund-von Hagen,<\/h1>\n<h3>D.E.A. en droit (Paris II)<\/h3>\n<p>Associ\u00e9<\/p>\n<p>Avocat et M\u00e9diateur commercial<br \/>\nAvocat sp\u00e9cialis\u00e9 en droit du commerce et des soci\u00e9t\u00e9s<br \/>\nAvocat sp\u00e9cialis\u00e9 en droit fiscal<\/p>\n<h3>Contacter:<\/h3>\n<p><a href=\"&#x6d;&#97;&#105;l&#x74;&#x6f;&#58;j&#x6f;&#x61;&#99;hi&#x6d;&#46;&#104;u&#x6e;&#x64;&#118;h&#x61;&#x67;&#101;&#110;&#64;&#x61;&#x63;&#108;a&#x6e;&#x7a;&#46;d&#x65;\">&#106;&#x6f;&#x61;c&#104;&#x69;m&#46;&#x68;&#x75;&#110;&#x64;&#x76;h&#97;&#x67;e&#110;&#x40;&#x61;&#99;&#x6c;&#x61;n&#122;&#x2e;d&#101;<\/a><br \/>\nT +49 69 297 287 30\u00a0\u00a0\u00a0\u00a0\u00a0 Frankfurt\/M<br \/>\nT +49 30 21 48 02 280\u00a0\u00a0 Berlin<br \/>\nT\u00e9l\u00e9charger:\u00a0 <a href=\"http:\/\/www.aclanz.de\/wp-content\/uploads\/2017\/07\/Joachim-Hund-von-Hagen-1.vcf\">vCard<\/a><\/p>\n<h3>Langues:<\/h3>\n<p>Allemand, Anglais, Fran\u00e7ais<\/p>\n<h3>Autres activit\u00e9s et adh\u00e9sions:<\/h3>\n<ul>\n<li>Member and QDR, <a href=\"https:\/\/academyofexperts.org\/\" target=\"_blank\" rel=\"noopener noreferrer\">The Academy of Experts<\/a>, London<br \/>\nThe Academy of Experts, London<\/li>\n<li>Membre du Conseil d&rsquo;Experts du Centre de recherches pour la m\u00e9diation et n\u00e9gociation commerciale \u00e0 l\u2019Universit\u00e9 des Sciences Appliqu\u00e9es de Cologne (<a href=\"https:\/\/www.th-koeln.de\/wirtschafts-und-rechtswissenschaften\/beteiligte_53203.php\" target=\"_blank\" rel=\"noopener noreferrer\">TH K\u00f6ln<\/a>)<\/li>\n<li><a href=\"http:\/\/www.disarb.org\/de\/4\/content\/dis-id2\">German Institution for Arbitration\u00a0<\/a>(DIS \u2013 Institut d\u2019Arbitrage en Allemagne)<\/li>\n<li>Ma\u00eetre de conf\u00e9rences en cours pour les dipl\u00f4mes d\u2019avocats sp\u00e9cialis\u00e9s en droit de la location: <a href=\"https:\/\/www.hagen-law-school.de\">Hagen Law School<\/a><\/li>\n<li><a href=\"http:\/\/www.ca-hesse.de\">Club des Affaires de la Hesse e.V.<\/a><\/li>\n<\/ul>\n<h3>Publications et interventions (s\u00e9lection):<\/h3>\n<ul>\n<li>\u00d6ffentliches Recht und Steuerrecht bei Mietverh\u00e4ltnissen (droit public et fiscal concernant le contrat de bail), Hagener Wissenschaftsverlag, cinqu<span class=\"Y2IQFc\" lang=\"fr\">i\u00e8me<\/span> \u00e9dition 2025<\/li>\n<li>Formularbuch Recht und Steuer, C.H. Beck Verlag, onzi\u00e8me \u00e9dition, 2025: Gesellschaft b\u00fcrgerlichen Rechts (soci\u00e9t\u00e9 civile,), Partnerschaftsgesellschaft und Partnerschaftsgesellschaft mbB (soci\u00e9t\u00e9 civile professionnelle et soci\u00e9t\u00e9 civile \u00e0 responsabilit\u00e9 professionelle limit\u00e9e), Schiedsvereinbarung und Mediationsklausel (convention d\u2019arbitrage et clause de m\u00e9diation)<\/li>\n<li>Auch Hausverwaltungen von der \u00c4nderung betroffen: Bu\u00dfgeld f\u00fcr fehlende Angaben im Arbeitsvertrag! (Amendes pour manque d&rsquo;informations dans les contrats de travail), <a href=\"https:\/\/www.aclanz.de\/wp-content\/uploads\/2022\/08\/Das-Grundeigentum-16-2022-824-826.pdf\" target=\"_blank\" rel=\"noopener\">Das Grundeigentum 16-2022, 824<\/a> (coauteur Dr. Joachim Wichert)<\/li>\n<li>Kommentar BGB, Nomos Verlag, quatri\u00e8me \u00e9dition 2021: \u00a7\u00a7 780 \u2013 782, Schuldversprechen, Schuldanerkenntnis (annotations des articles 780 \u2013 782 du code civil allemand, promesses de dette, reconnaissance de dette)<\/li>\n<li>Commentaire d\u2019arr\u00eat \u00e0 l\u2019hebdomadaire allemand de droit des affaires \u00ab\u00a0 Betriebsberater \u00ab (<a href=\"https:\/\/www.aclanz.de\/wp-content\/uploads\/2020\/06\/JH-BB_Kommentar-LG-Heilbronn-v-29.4.20-I-4-O-82_20.pdf\" target=\"_blank\" rel=\"noopener noreferrer\">BB 2020, 1301<\/a>) de LG Heilbronn: Eilverfahren \u2013 keine Entsch\u00e4digung wegen Betriebsschlie\u00dfung nach CoronaVO\u201c (<a href=\"https:\/\/www.aclanz.de\/wp-content\/uploads\/2020\/06\/LG-Heilbronn-v-29.4.20-I-4-O-82_20.pdf\" target=\"_blank\" rel=\"noopener noreferrer\">BB 2020, 1299<\/a>) en ce qui concerne les compensations pour les fermetures d\u2019entreprise dues \u00e0 la pand\u00e9mie covid 19<\/li>\n<li>Anspruch auf staatliche Entsch\u00e4digung auf Basis des Infektionsschutzgesetzes fristgerecht geltend machen (indemnisation par l&rsquo;\u00c9tat en vertu de la loi sur la protection contre les infections),<a href=\"https:\/\/www.aclanz.de\/wp-content\/uploads\/2020\/05\/Das-Grundeigentum-9-2020-593-597.pdf\" target=\"_blank\" rel=\"noopener\"> Das Grundeigentum 2020, 593<\/a> (coauteur Dr. Joachim Wichert)<\/li>\n<li>www.BREXIT-helpdesk.com, 2018 (Derni\u00e8re version publi\u00e9e disponible sur demande)<\/li>\n<li>Centre de recherches pour la m\u00e9diation et n\u00e9gociation commerciale de l\u2019universit\u00e9 de sciences appliqu\u00e9es de Cologne\u00a0: Pr\u00e9sentation de l\u2019index pour la culture de conflit dans les entreprises et organisations 2015, 2016 ; \u00a0<a href=\"https:\/\/www.aclanz.de\/wp-content\/uploads\/2012\/07\/Symposium-zum-neuen-Mediationsgesetz.pdf\" target=\"_blank\" rel=\"noopener noreferrer\">Colloque sur la nouvelle loi sur la m\u00e9diation<\/a> (cf. aussi <a href=\"https:\/\/www.aclanz.de\/wp-content\/uploads\/2012\/07\/Symposium-pdf-Vorlage-f%C3%BCr-aclanz.pdf\" target=\"_blank\" rel=\"noopener noreferrer\">documentation photographique<\/a>), 2012<\/li>\n<\/ul>\n<h3>Formation:<\/h3>\n<ul>\n<li>Universit\u00e9 de Fribourg en Brisgau, premier examen d\u2019Etat<\/li>\n<li>Universit\u00e9 Panth\u00e9on-Assas (Paris II), D.E.A. en droit du commerce international<\/li>\n<li>Dipl\u00f4me d\u2019avocat sp\u00e9cialis\u00e9 en droit fiscal (Deutsches Anwaltsinstitut)<\/li>\n<li>Dipl\u00f4me d\u2019avocat sp\u00e9cialis\u00e9 en droit du commerce et des soci\u00e9t\u00e9s (Institut f\u00fcr angewandtes Recht)<\/li>\n<li>M\u00e9diateur agr\u00e9\u00e9 (The Academy of Experts, London, et DeutscheAnwaltAkademie)<\/li>\n<li>Agr\u00e9\u00e9 pour l\u2019ex\u00e9cution des testaments (Deutsche Vereinigung f\u00fcr Erbrecht und Verm\u00f6gensnachfolge)<\/li>\n<\/ul>\n<p>[\/vc_column_text][\/vc_column][vc_column width=\u00a0\u00bb1\/4&Prime; el_class=\u00a0\u00bbsidebar-gray\u00a0\u00bb css=\u00a0\u00bb.vc_custom_1498559811149{margin-top: 0px !important;margin-right: 0px !important;margin-left: 0px !important;border-top-width: 0px !important;border-right-width: 0px !important;border-left-width: 0px !important;padding-top: 0px !important;padding-right: 0px !important;padding-left: 0px !important;}\u00a0\u00bb][vc_wp_custommenu title=\u00a0\u00bbAvocats\u00a0\u00bb nav_menu=\u00a0\u00bb218&Prime; el_class=\u00a0\u00bbsidebar-menu\u00a0\u00bb][\/vc_column][\/vc_row]<\/p>\n<\/div>","protected":false},"excerpt":{"rendered":"<p>[vc_row el_class=\u00a0\u00bbimage-holder-top\u00a0\u00bb el_id=\u00a0\u00bbBilder im Header\u00a0\u00bb][vc_column el_class=\u00a0\u00bbimage-holder\u00a0\u00bb][vc_column_text css=\u00a0\u00bb.vc_custom_1499158081921{margin-right: 0px !important;margin-left: 0px !important;border-right-width: 0px !important;border-left-width: 0px !important;padding-right: 0px !important;padding-left: 0px !important;}\u00a0\u00bb el_class=\u00a0\u00bbimage-holder-textarea-full\u00a0\u00bb][\/vc_column_text][\/vc_column][\/vc_row][vc_row<span class=\"excerpt-hellip\"> [\u2026]<\/span><\/p>\n","protected":false},"author":9,"featured_media":-1,"parent":249,"menu_order":1,"comment_status":"open","ping_status":"open","template":"","meta":{"_acf_changed":false,"footnotes":""},"class_list":["post-7809","page","type-page","status-publish","has-post-thumbnail","hentry"],"acf":[],"_links":{"self":[{"href":"https:\/\/www.aclanz.de\/fr\/wp-json\/wp\/v2\/pages\/7809","targetHints":{"allow":["GET"]}}],"collection":[{"href":"https:\/\/www.aclanz.de\/fr\/wp-json\/wp\/v2\/pages"}],"about":[{"href":"https:\/\/www.aclanz.de\/fr\/wp-json\/wp\/v2\/types\/page"}],"author":[{"embeddable":true,"href":"https:\/\/www.aclanz.de\/fr\/wp-json\/wp\/v2\/users\/9"}],"replies":[{"embeddable":true,"href":"https:\/\/www.aclanz.de\/fr\/wp-json\/wp\/v2\/comments?post=7809"}],"version-history":[{"count":6,"href":"https:\/\/www.aclanz.de\/fr\/wp-json\/wp\/v2\/pages\/7809\/revisions"}],"predecessor-version":[{"id":14242,"href":"https:\/\/www.aclanz.de\/fr\/wp-json\/wp\/v2\/pages\/7809\/revisions\/14242"}],"up":[{"embeddable":true,"href":"https:\/\/www.aclanz.de\/fr\/wp-json\/wp\/v2\/pages\/249"}],"wp:featuredmedia":[{"embeddable":true,"href":"https:\/\/www.aclanz.de\/fr\/wp-json\/"}],"wp:attachment":[{"href":"https:\/\/www.aclanz.de\/fr\/wp-json\/wp\/v2\/media?parent=7809"}],"curies":[{"name":"wp","href":"https:\/\/api.w.org\/{rel}","templated":true}]}}