{"id":325,"date":"2010-06-08T13:25:49","date_gmt":"2010-06-08T13:25:49","guid":{"rendered":"http:\/\/www.aclanz.de\/rechtsanwaelte"},"modified":"2025-09-15T10:50:04","modified_gmt":"2025-09-15T10:50:04","slug":"home-2","status":"publish","type":"page","link":"https:\/\/www.aclanz.de\/fr\/","title":{"rendered":"aclanz"},"content":{"rendered":"<div class=\"wpb-content-wrapper\"><p>[vc_row el_class=\u00a0\u00bbimage-holder-top\u00a0\u00bb el_id=\u00a0\u00bbBilder im Header\u00a0\u00bb][vc_column el_class=\u00a0\u00bbimage-holder\u00a0\u00bb][vc_column_text css=\u00a0\u00bb.vc_custom_1499692426817{margin-right: 0px !important;margin-left: 0px !important;border-right-width: 0px !important;border-left-width: 0px !important;padding-right: 0px !important;padding-left: 0px !important;}\u00a0\u00bb el_class=\u00a0\u00bbimage-holder-textarea-full\u00a0\u00bb]<img loading=\"lazy\" decoding=\"async\" class=\"alignnone size-full wp-image-8154\" src=\"http:\/\/www.aclanz.de\/wp-content\/uploads\/2017\/07\/startseite_header.jpg\" alt=\"\" width=\"950\" height=\"380\" srcset=\"https:\/\/www.aclanz.de\/wp-content\/uploads\/2017\/07\/startseite_header.jpg 950w, https:\/\/www.aclanz.de\/wp-content\/uploads\/2017\/07\/startseite_header-300x120.jpg 300w, https:\/\/www.aclanz.de\/wp-content\/uploads\/2017\/07\/startseite_header-768x307.jpg 768w, https:\/\/www.aclanz.de\/wp-content\/uploads\/2017\/07\/startseite_header-260x104.jpg 260w, https:\/\/www.aclanz.de\/wp-content\/uploads\/2017\/07\/startseite_header-50x20.jpg 50w, https:\/\/www.aclanz.de\/wp-content\/uploads\/2017\/07\/startseite_header-150x60.jpg 150w\" sizes=\"auto, (max-width:767px) 480px, (max-width:950px) 100vw, 950px\" \/><img loading=\"lazy\" decoding=\"async\" class=\"alignnone size-full wp-image-8336\" src=\"http:\/\/www.aclanz.de\/wp-content\/uploads\/2017\/07\/startbild_klein.jpg\" alt=\"aclanz Rechtsanw\u00e4lte Frankfurt am Main und Berlin\" width=\"470\" height=\"380\" srcset=\"https:\/\/www.aclanz.de\/wp-content\/uploads\/2017\/07\/startbild_klein.jpg 470w, https:\/\/www.aclanz.de\/wp-content\/uploads\/2017\/07\/startbild_klein-300x243.jpg 300w, https:\/\/www.aclanz.de\/wp-content\/uploads\/2017\/07\/startbild_klein-181x146.jpg 181w, https:\/\/www.aclanz.de\/wp-content\/uploads\/2017\/07\/startbild_klein-50x40.jpg 50w, https:\/\/www.aclanz.de\/wp-content\/uploads\/2017\/07\/startbild_klein-93x75.jpg 93w\" sizes=\"auto, (max-width:767px) 470px, 470px\" \/>[\/vc_column_text][\/vc_column][\/vc_row][vc_section el_class=\u00a0\u00bbhome-section\u00a0\u00bb][vc_row][vc_column][vc_column_text css=\u00a0\u00bb\u00a0\u00bb el_class=\u00a0\u00bbstart-title\u00a0\u00bb]<\/p>\n<h1>Avocats \u00e0 Francfort-sur-le-Main et Berlin, notaire \u00e0 Francfort-sur-le-Main<\/h1>\n<p><strong><span lang=\"FR\">aclanz<\/span><\/strong><span lang=\"FR\">\u00a0est un cabinet\u00a0d\u2019avocats ind\u00e9pendant ayant ses bureaux \u00e0 Francfort-sur-le-Main et Berlin. Nous repr\u00e9sentons nos clients allemands et \u00e9trangers en droit des affaires.\u00a0aclanz\u00a0intervient dans des solutions individuelles, coh\u00e9rentes et applicables, dans des proc\u00e9dures juridiques tout comme dans la n\u00e9gociation de contrats.<\/span>[\/vc_column_text][\/vc_column][\/vc_row][vc_row el_class=\u00a0\u00bbteaser-holder-rechtsanwaelte\u00a0\u00bb css=\u00a0\u00bb.vc_custom_1604058332147{margin-bottom: 30px !important;border-bottom-width: 0px !important;padding-bottom: 0px !important;}\u00a0\u00bb][vc_column][vc_column_text css=\u00a0\u00bb\u00a0\u00bb]<\/p>\n<h3>AVOCATS | NOTARIAT<\/h3>\n<p>[\/vc_column_text][vc_row_inner gap=\u00a0\u00bb10&Prime; disable_element=\u00a0\u00bbyes\u00a0\u00bb el_class=\u00a0\u00bbanwaelte-01&Prime;][vc_column_inner el_class=\u00a0\u00bbanwalt-one\u00a0\u00bb width=\u00a0\u00bb1\/4&Prime; css=\u00a0\u00bb.vc_custom_1499330367604{background-position: center !important;background-repeat: no-repeat !important;background-size: cover !important;}\u00a0\u00bb][vc_column_text el_class=\u00a0\u00bbanwalt-one-text\u00a0\u00bb]<\/p>\n<div class=\"teaser-anwalt-abbinder\"><a class=\"teaser-anwalt-link\" href=\"https:\/\/www.aclanz.de\/fr\/avocats\/joachim-hund-von-hagen\/\">Joachim Hund-von Hagen<\/a><\/div>\n<p>[\/vc_column_text][\/vc_column_inner][vc_column_inner el_class=\u00a0\u00bbanwalt-two\u00a0\u00bb width=\u00a0\u00bb1\/4&Prime;][vc_column_text el_class=\u00a0\u00bbanwalt-two-text\u00a0\u00bb]<\/p>\n<div class=\"teaser-anwalt-abbinder\"><a class=\"teaser-anwalt-link\" href=\"https:\/\/www.aclanz.de\/fr\/avocats\/dr-joachim-wichert\/\">Dr. Joachim Wichert<\/a><\/div>\n<p>[\/vc_column_text][\/vc_column_inner][vc_column_inner el_class=\u00a0\u00bbanwalt-three\u00a0\u00bb width=\u00a0\u00bb1\/4&Prime;][vc_column_text el_class=\u00a0\u00bbanwalt-three-text\u00a0\u00bb]<\/p>\n<div class=\"teaser-anwalt-abbinder-klein\"><a class=\"teaser-anwalt-link\" href=\"https:\/\/www.aclanz.de\/fr\/avocats\/sabrina-fehr\/\">Sabrina Fehr<\/a><\/div>\n<p>[\/vc_column_text][vc_column_text el_class=\u00a0\u00bbanwalt-four-text\u00a0\u00bb]<\/p>\n<div class=\"teaser-anwalt-abbinder-klein-unten\"><a class=\"teaser-anwalt-link\" href=\"https:\/\/www.aclanz.de\/fr\/?page_id=10881\">Christine Reinsberg<\/a><\/div>\n<p>[\/vc_column_text][\/vc_column_inner][vc_column_inner el_class=\u00a0\u00bbanwalt-four\u00a0\u00bb width=\u00a0\u00bb1\/4&Prime;][vc_column_text el_class=\u00a0\u00bbanwalt-five-text\u00a0\u00bb]<\/p>\n<div class=\"teaser-anwalt-abbinder-klein\"><a class=\"teaser-anwalt-link\" href=\"https:\/\/www.aclanz.de\/fr\/avocats\/frank-sauvigny\/\">Frank Sauvigny<\/a><\/div>\n<p>[\/vc_column_text][vc_column_text el_class=\u00a0\u00bbanwalt-six-text\u00a0\u00bb]<\/p>\n<div class=\"teaser-anwalt-abbinder\"><\/div>\n<p>[\/vc_column_text][\/vc_column_inner][\/vc_row_inner][vc_row_inner gap=\u00a0\u00bb10&Prime; el_class=\u00a0\u00bbanwaelte-01&Prime;][vc_column_inner el_class=\u00a0\u00bbanwalt-one\u00a0\u00bb width=\u00a0\u00bb1\/4&Prime; css=\u00a0\u00bb.vc_custom_1499330367604{background-position: center !important;background-repeat: no-repeat !important;background-size: cover !important;}\u00a0\u00bb][vc_column_text el_class=\u00a0\u00bbanwalt-one-text\u00a0\u00bb]<\/p>\n<div class=\"teaser-anwalt-abbinder\"><a class=\"teaser-anwalt-link\" href=\"https:\/\/www.aclanz.de\/fr\/avocats\/joachim-hund-von-hagen\/\">Joachim Hund-von Hagen<\/a><\/div>\n<p>[\/vc_column_text][\/vc_column_inner][vc_column_inner el_class=\u00a0\u00bbanwalt-two\u00a0\u00bb width=\u00a0\u00bb1\/4&Prime;][vc_column_text el_class=\u00a0\u00bbanwalt-two-text\u00a0\u00bb]<\/p>\n<div class=\"teaser-anwalt-abbinder\"><a class=\"teaser-anwalt-link\" href=\"https:\/\/www.aclanz.de\/fr\/avocats\/dr-joachim-wichert\/\">Dr. Joachim Wichert<\/a><\/div>\n<p>[\/vc_column_text][\/vc_column_inner][vc_column_inner el_class=\u00a0\u00bbanwalt-three\u00a0\u00bb width=\u00a0\u00bb1\/4&Prime;][vc_column_text el_class=\u00a0\u00bbanwalt-three-text\u00a0\u00bb]<\/p>\n<div class=\"teaser-anwalt-abbinder\"><a class=\"teaser-anwalt-link\" href=\"https:\/\/www.aclanz.de\/fr\/avocats\/sabrina-fehr\/\">Sabrina Fehr<\/a><\/div>\n<p>[\/vc_column_text][\/vc_column_inner][vc_column_inner el_class=\u00a0\u00bbanwalt-four\u00a0\u00bb width=\u00a0\u00bb1\/4&Prime;][vc_column_text el_class=\u00a0\u00bbanwalt-four-text\u00a0\u00bb]<\/p>\n<div class=\"teaser-anwalt-abbinder\"><a class=\"teaser-anwalt-link\" href=\"https:\/\/www.aclanz.de\/fr\/avocats\/frank-sauvigny\/\">Frank Sauvigny<\/a><\/div>\n<p>[\/vc_column_text][\/vc_column_inner][\/vc_row_inner][vc_row_inner gap=\u00a0\u00bb10&Prime; el_class=\u00a0\u00bbanwaelte-02&Prime; css=\u00a0\u00bb.vc_custom_1499339395007{margin-bottom: 0px !important;border-bottom-width: 0px !important;padding-bottom: 0px !important;}\u00a0\u00bb][vc_column_inner el_class=\u00a0\u00bbanwalt-one\u00a0\u00bb width=\u00a0\u00bb1\/2&Prime; css=\u00a0\u00bb.vc_custom_1499330367604{background-position: center !important;background-repeat: no-repeat !important;background-size: cover !important;}\u00a0\u00bb][vc_column_text el_class=\u00a0\u00bbanwalt-one-text\u00a0\u00bb][\/vc_column_text][vc_column_text el_class=\u00a0\u00bbteaser-anwalt-abbinder one\u00a0\u00bb]<a class=\"teaser-anwalt-link\" href=\"https:\/\/www.aclanz.de\/fr\/avocats\/joachim-hund-von-hagen\/\">Joachim Hund-von Hagen<\/a>[\/vc_column_text][\/vc_column_inner][vc_column_inner el_class=\u00a0\u00bbanwalt-two\u00a0\u00bb width=\u00a0\u00bb1\/2&Prime; css=\u00a0\u00bb.vc_custom_1499339329419{margin-bottom: 0px !important;border-bottom-width: 0px !important;padding-bottom: 0px !important;}\u00a0\u00bb][vc_column_text el_class=\u00a0\u00bbanwalt-two-text\u00a0\u00bb][\/vc_column_text][vc_column_text el_class=\u00a0\u00bbteaser-anwalt-abbinder two\u00a0\u00bb]<a class=\"teaser-anwalt-link\" href=\"https:\/\/www.aclanz.de\/fr\/avocats\/dr-joachim-wichert\/\">Dr. Joachim Wichert<\/a>[\/vc_column_text][\/vc_column_inner][\/vc_row_inner][vc_row_inner gap=\u00a0\u00bb10&Prime; el_class=\u00a0\u00bbanwaelte-02&Prime; css=\u00a0\u00bb.vc_custom_1499339403515{margin-bottom: 0px !important;border-bottom-width: 0px !important;padding-bottom: 0px !important;}\u00a0\u00bb][vc_column_inner el_class=\u00a0\u00bbanwalt-three\u00a0\u00bb width=\u00a0\u00bb1\/2&Prime; css=\u00a0\u00bb.vc_custom_1663579907626{background-position: center !important;background-repeat: no-repeat !important;background-size: cover !important;}\u00a0\u00bb][vc_column_text el_class=\u00a0\u00bbanwalt-four-text\u00a0\u00bb][\/vc_column_text][vc_column_text css=\u00a0\u00bb\u00a0\u00bb el_class=\u00a0\u00bbteaser-anwalt-abbinder four\u00a0\u00bb]<a class=\"teaser-anwalt-link\" href=\"https:\/\/www.aclanz.de\/fr\/avocats\/sabrina-fehr\/\">Sabrina Fehr<\/a>[\/vc_column_text][\/vc_column_inner][vc_column_inner el_class=\u00a0\u00bbanwalt-four\u00a0\u00bb width=\u00a0\u00bb1\/2&Prime;][vc_column_text el_class=\u00a0\u00bbanwalt-five-text\u00a0\u00bb][\/vc_column_text][vc_column_text el_class=\u00a0\u00bbteaser-anwalt-abbinder five\u00a0\u00bb]<a class=\"teaser-anwalt-link\" href=\"https:\/\/www.aclanz.de\/fr\/avocats\/frank-sauvigny\/\">Frank Sauvigny<\/a>[\/vc_column_text][\/vc_column_inner][\/vc_row_inner][\/vc_column][\/vc_row][vc_row css=\u00a0\u00bb.vc_custom_1751275333409{margin-top: 0px !important;margin-bottom: 0px !important;border-top-width: 0px !important;border-bottom-width: 0px !important;padding-top: 0px !important;padding-bottom: 0px !important;}\u00a0\u00bb el_id=\u00a0\u00bbContent Text und Submenu\u00a0\u00bb][vc_column el_class=\u00a0\u00bbsidebar-content\u00a0\u00bb][vc_row_inner gap=\u00a0\u00bb10&Prime; css=\u00a0\u00bb.vc_custom_1500033961188{margin-bottom: 5px !important;margin-left: 20px !important;}\u00a0\u00bb el_class=\u00a0\u00bbrechtsgebiete-teaser-container\u00a0\u00bb][vc_column_inner width=\u00a0\u00bb1\/2&Prime;][vc_column_text css=\u00a0\u00bb\u00a0\u00bb el_class=\u00a0\u00bbteaser-home first\u00a0\u00bb]<\/p>\n<h2 style=\"text-align: center;\"><a class=\"teaser-link\" href=\"https:\/\/www.aclanz.de\/fr\/domaines-de-droits\/\">Domaines de droit<\/a><\/h2>\n<p>[\/vc_column_text][vc_column_text css=\u00a0\u00bb\u00a0\u00bb el_class=\u00a0\u00bbteaser-home-abbinder\u00a0\u00bb]<a class=\"teaser-abbinder-link\" href=\"http:\/\/www.aclanz.de\/fr\/domaines-de-droits\">\u00a0<\/a>[\/vc_column_text][\/vc_column_inner][vc_column_inner width=\u00a0\u00bb1\/2&Prime;][vc_column_text css=\u00a0\u00bb\u00a0\u00bb el_class=\u00a0\u00bbteaser-home third\u00a0\u00bb]<\/p>\n<h2 style=\"text-align: center;\"><a class=\"teaser-link\" href=\"https:\/\/www.aclanz.de\/fr\/litiges\/\">Litiges<\/a><\/h2>\n<p>[\/vc_column_text][vc_column_text css=\u00a0\u00bb\u00a0\u00bb el_class=\u00a0\u00bbteaser-home-abbinder\u00a0\u00bb]<a class=\"teaser-abbinder-link\" href=\"https:\/\/www.aclanz.de\/fr\/litiges\/\">\u00a0<\/a>[\/vc_column_text][\/vc_column_inner][\/vc_row_inner][vc_row_inner gap=\u00a0\u00bb10&Prime; css=\u00a0\u00bb.vc_custom_1747855659958{margin-bottom: 5px !important;margin-left: 20px !important;}\u00a0\u00bb][vc_column_inner width=\u00a0\u00bb1\/2&Prime;][vc_column_text css=\u00a0\u00bb\u00a0\u00bb el_class=\u00a0\u00bbteaser-home first\u00a0\u00bb]<\/p>\n<h2 style=\"text-align: center;\"><a class=\"teaser-link\" href=\"https:\/\/www.aclanz.de\/fr\/contrats\/\">Contrats<\/a><\/h2>\n<p>[\/vc_column_text][vc_column_text css=\u00a0\u00bb\u00a0\u00bb el_class=\u00a0\u00bbteaser-home-abbinder\u00a0\u00bb]<a class=\"teaser-abbinder-link\" href=\"https:\/\/www.aclanz.de\/fr\/contrats\/\">\u00a0<\/a>[\/vc_column_text][\/vc_column_inner][vc_column_inner width=\u00a0\u00bb1\/2&Prime;][vc_column_text css=\u00a0\u00bb\u00a0\u00bb el_class=\u00a0\u00bbteaser-home third\u00a0\u00bb]<\/p>\n<h2 style=\"text-align: center;\"><a class=\"teaser-link\" href=\"https:\/\/www.aclanz.de\/fr\/notariat\/\" rel=\"noopener\">Notariat<\/a><\/h2>\n<p>[\/vc_column_text][vc_column_text css=\u00a0\u00bb\u00a0\u00bb el_class=\u00a0\u00bbteaser-home-abbinder\u00a0\u00bb]<a class=\"teaser-abbinder-link\" href=\"https:\/\/www.aclanz.de\/fr\/notariat\/\">\u00a0<\/a>[\/vc_column_text][\/vc_column_inner][\/vc_row_inner][\/vc_column][\/vc_row][vc_row el_class=\u00a0\u00bblogokarussel desktop\u00a0\u00bb][vc_column][vc_column_text el_class=\u00a0\u00bbteaser-mandanten-abbinder desktop\u00a0\u00bb]<\/p>\n<h3 style=\"padding-bottom: 5px; padding-top: 5px;\"><a class=\"teaser-abbinder-link aktuelles\" style=\"color: white !important;\" href=\"http:\/\/www.aclanz.de\/fr\/clients\/\">CLIENTS (S\u00c9LECTION)<\/a><\/h3>\n<p>[\/vc_column_text][vc_images_carousel images=\u00a0\u00bb7675,7668,7672,7669,7663,7670,7666,7696,7667,11012,7676,7680,7697,7679,7664,7665,11009,9501,7673,7671&Prime; img_size=\u00a0\u00bbfull\u00a0\u00bb onclick=\u00a0\u00bblink_no\u00a0\u00bb speed=\u00a0\u00bb1500&Prime; slides_per_view=\u00a0\u00bb4&Prime; autoplay=\u00a0\u00bbyes\u00a0\u00bb hide_pagination_control=\u00a0\u00bbyes\u00a0\u00bb hide_prev_next_buttons=\u00a0\u00bbyes\u00a0\u00bb wrap=\u00a0\u00bbyes\u00a0\u00bb css_animation=\u00a0\u00bbnone\u00a0\u00bb css=\u00a0\u00bb.vc_custom_1656057212372{margin-top: 0px !important;margin-bottom: 0px !important;border-top-width: 0px !important;border-bottom-width: 0px !important;padding-top: 0px !important;padding-bottom: 0px !important;}\u00a0\u00bb el_class=\u00a0\u00bbvc_custominfiniteloop desktop\u00a0\u00bb][\/vc_column][\/vc_row][vc_row el_class=\u00a0\u00bblogokarussel mobile\u00a0\u00bb][vc_column][vc_images_carousel images=\u00a0\u00bb7675,7668,7672,7669,7663,7670,7666,7696,7667,11012,7676,7680,7697,7679,7664,7665,11009,9501,7673,7671&Prime; img_size=\u00a0\u00bbfull\u00a0\u00bb onclick=\u00a0\u00bblink_no\u00a0\u00bb speed=\u00a0\u00bb1500&Prime; slides_per_view=\u00a0\u00bb2&Prime; autoplay=\u00a0\u00bbyes\u00a0\u00bb hide_pagination_control=\u00a0\u00bbyes\u00a0\u00bb hide_prev_next_buttons=\u00a0\u00bbyes\u00a0\u00bb wrap=\u00a0\u00bbyes\u00a0\u00bb css_animation=\u00a0\u00bbnone\u00a0\u00bb css=\u00a0\u00bb.vc_custom_1656057221980{margin-top: 0px !important;margin-bottom: 0px !important;border-top-width: 0px !important;border-bottom-width: 0px !important;padding-top: 0px !important;padding-bottom: 0px !important;}\u00a0\u00bb title=\u00a0\u00bbCLIENTS (S\u00c9LECTION)\u00a0\u00bb el_class=\u00a0\u00bbvc_custominfiniteloop mobile\u00a0\u00bb][vc_column_text el_class=\u00a0\u00bbteaser-mandanten-abbinder\u00a0\u00bb]<a class=\"teaser-abbinder-link\" href=\"http:\/\/www.aclanz.de\/mandanten\">\u00a0<\/a>[\/vc_column_text][\/vc_column][\/vc_row][vc_row el_class=\u00a0\u00bbteaser-holder-aktuell\u00a0\u00bb][vc_column][vc_column_text]<\/p>\n<h3>ACTUALIT\u00c9S<\/h3>\n<p>[\/vc_column_text][vc_basic_grid post_type=\u00a0\u00bbpost\u00a0\u00bb max_items=\u00a0\u00bb3&Prime; gap=\u00a0\u00bb10&Prime; item=\u00a0\u00bb9267&Prime; grid_id=\u00a0\u00bbvc_gid:1757933390280-b0a89ec8-e6c5-3&Prime; el_class=\u00a0\u00bbteaser-home-container\u00a0\u00bb taxonomies=\u00a0\u00bb11, 205&Prime;][vc_column_text el_class=\u00a0\u00bbteaser-aktuelles-abbinder\u00a0\u00bb]<\/p>\n<h3 style=\"padding-bottom: 5px; padding-top: 5px;\"><a class=\"teaser-abbinder-link aktuelles\" style=\"color: white !important;\" href=\"http:\/\/www.aclanz.de\/fr\/actualites\/\">D\u2019AUTRES ACTUALIT\u00c9S<\/a><\/h3>\n<p>[\/vc_column_text][\/vc_column][\/vc_row][vc_row el_class=\u00a0\u00bbteaser-holder-standorte\u00a0\u00bb][vc_column][vc_column_text]<\/p>\n<h3>BUREAUX<\/h3>\n<p>[\/vc_column_text][vc_row_inner gap=\u00a0\u00bb10&Prime;][vc_column_inner width=\u00a0\u00bb1\/2&Prime;][vc_column_text el_class=\u00a0\u00bbteaser-home fifth\u00a0\u00bb]<\/p>\n<h3>Francfort-sur-le-Main<\/h3>\n<p>Alemanniahaus<br \/>\nAn der Hauptwache 11<br \/>\n60313 Frankfurt am Main<br \/>\nT +49 69 \/ 2 97 28 73 \u2013 0[\/vc_column_text][vc_column_text el_class=\u00a0\u00bbteaser-standorte-abbinder\u00a0\u00bb]<a class=\"teaser-abbinder-link\" href=\"http:\/\/www.aclanz.de\/standorte\/buero-frankfurt-main\/\">\u00a0<\/a>[\/vc_column_text][\/vc_column_inner][vc_column_inner width=\u00a0\u00bb1\/2&Prime;][vc_column_text el_class=\u00a0\u00bbteaser-home sixth\u00a0\u00bb]<\/p>\n<h3>Berlin<\/h3>\n<p>Palais am Pariser Platz<br \/>\nPariser Platz 6a<br \/>\n10117 Berlin<br \/>\nT +49 30 \/ 21 48 02 28 \u2013 0[\/vc_column_text][vc_column_text el_class=\u00a0\u00bbteaser-standorte-abbinder\u00a0\u00bb]<a class=\"teaser-abbinder-link\" href=\"http:\/\/www.aclanz.de\/standorte\/buero-berlin\/\">\u00a0<\/a>[\/vc_column_text][\/vc_column_inner][\/vc_row_inner][\/vc_column][\/vc_row][\/vc_section]<\/p>\n<\/div>","protected":false},"excerpt":{"rendered":"<p>[vc_row el_class=\u00a0\u00bbimage-holder-top\u00a0\u00bb el_id=\u00a0\u00bbBilder im Header\u00a0\u00bb][vc_column el_class=\u00a0\u00bbimage-holder\u00a0\u00bb][vc_column_text css=\u00a0\u00bb.vc_custom_1499692426817{margin-right: 0px !important;margin-left: 0px !important;border-right-width: 0px !important;border-left-width: 0px !important;padding-right: 0px !important;padding-left: 0px !important;}\u00a0\u00bb el_class=\u00a0\u00bbimage-holder-textarea-full\u00a0\u00bb][\/vc_column_text][\/vc_column][\/vc_row][vc_section<span class=\"excerpt-hellip\"> [\u2026]<\/span><\/p>\n","protected":false},"author":9,"featured_media":-1,"parent":0,"menu_order":0,"comment_status":"open","ping_status":"open","template":"","meta":{"_acf_changed":false,"footnotes":""},"class_list":["post-325","page","type-page","status-publish","has-post-thumbnail","hentry"],"acf":[],"_links":{"self":[{"href":"https:\/\/www.aclanz.de\/fr\/wp-json\/wp\/v2\/pages\/325","targetHints":{"allow":["GET"]}}],"collection":[{"href":"https:\/\/www.aclanz.de\/fr\/wp-json\/wp\/v2\/pages"}],"about":[{"href":"https:\/\/www.aclanz.de\/fr\/wp-json\/wp\/v2\/types\/page"}],"author":[{"embeddable":true,"href":"https:\/\/www.aclanz.de\/fr\/wp-json\/wp\/v2\/users\/9"}],"replies":[{"embeddable":true,"href":"https:\/\/www.aclanz.de\/fr\/wp-json\/wp\/v2\/comments?post=325"}],"version-history":[{"count":5,"href":"https:\/\/www.aclanz.de\/fr\/wp-json\/wp\/v2\/pages\/325\/revisions"}],"predecessor-version":[{"id":14130,"href":"https:\/\/www.aclanz.de\/fr\/wp-json\/wp\/v2\/pages\/325\/revisions\/14130"}],"wp:featuredmedia":[{"embeddable":true,"href":"https:\/\/www.aclanz.de\/fr\/wp-json\/"}],"wp:attachment":[{"href":"https:\/\/www.aclanz.de\/fr\/wp-json\/wp\/v2\/media?parent=325"}],"curies":[{"name":"wp","href":"https:\/\/api.w.org\/{rel}","templated":true}]}}