{"id":293,"date":"2010-07-02T12:56:44","date_gmt":"2010-07-02T12:56:44","guid":{"rendered":"http:\/\/www.aclanz.de\/rechtsanwaelte"},"modified":"2019-03-22T07:25:09","modified_gmt":"2019-03-22T07:25:09","slug":"mediation","status":"publish","type":"page","link":"https:\/\/www.aclanz.de\/fr\/litiges\/mediation\/","title":{"rendered":"M\u00e9diation"},"content":{"rendered":"<div class=\"wpb-content-wrapper\"><p>[vc_row el_class=\u00a0\u00bbimage-holder-top\u00a0\u00bb el_id=\u00a0\u00bbBilder im Header\u00a0\u00bb][vc_column el_class=\u00a0\u00bbimage-holder\u00a0\u00bb][vc_column_text css=\u00a0\u00bb.vc_custom_1499846608570{margin-right: 0px !important;margin-left: 0px !important;border-right-width: 0px !important;border-left-width: 0px !important;padding-right: 0px !important;padding-left: 0px !important;}\u00a0\u00bb el_class=\u00a0\u00bbimage-holder-textarea-full\u00a0\u00bb]<img loading=\"lazy\" decoding=\"async\" class=\"alignnone size-full wp-image-9063\" src=\"http:\/\/www.aclanz.de\/wp-content\/uploads\/2017\/07\/aclanz-keyvisual-mediation3.jpg\" alt=\"\" width=\"940\" height=\"373\" srcset=\"https:\/\/www.aclanz.de\/wp-content\/uploads\/2017\/07\/aclanz-keyvisual-mediation3.jpg 940w, https:\/\/www.aclanz.de\/wp-content\/uploads\/2017\/07\/aclanz-keyvisual-mediation3-300x119.jpg 300w, https:\/\/www.aclanz.de\/wp-content\/uploads\/2017\/07\/aclanz-keyvisual-mediation3-768x305.jpg 768w, https:\/\/www.aclanz.de\/wp-content\/uploads\/2017\/07\/aclanz-keyvisual-mediation3-260x103.jpg 260w, https:\/\/www.aclanz.de\/wp-content\/uploads\/2017\/07\/aclanz-keyvisual-mediation3-50x20.jpg 50w, https:\/\/www.aclanz.de\/wp-content\/uploads\/2017\/07\/aclanz-keyvisual-mediation3-150x60.jpg 150w\" sizes=\"auto, (max-width:767px) 480px, (max-width:940px) 100vw, 940px\" \/><img loading=\"lazy\" decoding=\"async\" class=\"alignnone size-full wp-image-9052\" src=\"http:\/\/www.aclanz.de\/wp-content\/uploads\/2017\/07\/mediation-klein2.jpg\" alt=\"\" width=\"470\" height=\"380\" srcset=\"https:\/\/www.aclanz.de\/wp-content\/uploads\/2017\/07\/mediation-klein2.jpg 470w, https:\/\/www.aclanz.de\/wp-content\/uploads\/2017\/07\/mediation-klein2-300x243.jpg 300w, https:\/\/www.aclanz.de\/wp-content\/uploads\/2017\/07\/mediation-klein2-181x146.jpg 181w, https:\/\/www.aclanz.de\/wp-content\/uploads\/2017\/07\/mediation-klein2-50x40.jpg 50w, https:\/\/www.aclanz.de\/wp-content\/uploads\/2017\/07\/mediation-klein2-93x75.jpg 93w\" sizes=\"auto, (max-width:767px) 470px, 470px\" \/>[\/vc_column_text][\/vc_column][\/vc_row][vc_row full_height=\u00a0\u00bbyes\u00a0\u00bb columns_placement=\u00a0\u00bbtop\u00a0\u00bb css=\u00a0\u00bb.vc_custom_1498593308809{margin-top: 0px !important;margin-bottom: 0px !important;border-top-width: 0px !important;border-bottom-width: 0px !important;padding-top: 0px !important;padding-bottom: 0px !important;}\u00a0\u00bb el_id=\u00a0\u00bbContent Text und Submenu\u00a0\u00bb][vc_column width=\u00a0\u00bb3\/4&Prime; el_class=\u00a0\u00bbsidebar-content\u00a0\u00bb][vc_column_text]<\/p>\n<h1>M\u00e9diation<\/h1>\n<p>Nous faisons des m\u00e9diations dans des litiges en mati\u00e8re commerciale en tant que m\u00e9diateur neutre, ou bien en tant que repr\u00e9sentant d\u2019une partie, selon le cas. Nous avons une grande exp\u00e9rience dans les deux fonctions et dans ce que l\u2019on appelle la \u00ab\u00a0m\u00e9diation institutionnalis\u00e9e aupr\u00e8s des tribunaux\u00a0\u00bb (gerichtsinterne und -nahe Mediation). Nous intervenons aussi dans des m\u00e9diations bilingues ou trilingues.<\/p>\n<p>Comme m\u00e9diateurs les associ\u00e9s d\u2019<strong>aclanz<\/strong>\u00a0sont accr\u00e9dit\u00e9s aupr\u00e8s\u00a0nombreuses institutions et se sont aussi engag\u00e9s au respect des principes \u00e9nonc\u00e9s par le\u00a0<a href=\"http:\/\/www.aclanz.de\/wp-content\/uploads\/2011\/08\/code-de-conduite-europ%C3%A9en-pour-les-m%C3%A9diateurs.pdf\" target=\"_blank\" rel=\"noopener noreferrer\">code de conduite europ\u00e9en pour les m\u00e9diateurs\u00a0<\/a>qui est d\u00e9velopp\u00e9 avec le soutien de la Commission Europ\u00e9enne pour tout type de m\u00e9diation en mati\u00e8re civile et commerciale.<\/p>\n<p>A cet \u00e9gard\u00a0<strong>aclanz<\/strong>\u00a0entretient des liens de coop\u00e9ration tr\u00e8s \u00e9troits avec le centre de recherches pour la m\u00e9diation commerciale de l\u2019universit\u00e9 de sciences appliqu\u00e9es de Cologne. Veuillez trouver plus d\u2019informations\u00a0sur\u00a0la coop\u00e9ration\u00a0<a href=\"http:\/\/www.f04.fh-koeln.de\/kooperation-forschung\/wirtschaftsmediation\/koelner_forschungsstelle\/index.html\" target=\"_blank\" rel=\"noopener noreferrer\">ici<\/a>\u00a0(cf. aussi\u00a0<a href=\"http:\/\/www.aclanz.de\/wp-content\/uploads\/2012\/07\/Fotodokumentation-mit-Flyer.pdf\" target=\"_blank\" rel=\"noopener noreferrer\">documentation photographique<\/a>\u00a0sur le colloque sur la nouvelle loi sur la m\u00e9dation organis\u00e9e avec le soutien du Ministre de la Justice de Rh\u00e9nanie-du-Nord-Westphalie en 2012).[\/vc_column_text][\/vc_column][vc_column width=\u00a0\u00bb1\/4&Prime; el_class=\u00a0\u00bbsidebar-gray\u00a0\u00bb css=\u00a0\u00bb.vc_custom_1498559811149{margin-top: 0px !important;margin-right: 0px !important;margin-left: 0px !important;border-top-width: 0px !important;border-right-width: 0px !important;border-left-width: 0px !important;padding-top: 0px !important;padding-right: 0px !important;padding-left: 0px !important;}\u00a0\u00bb][vc_wp_custommenu title=\u00a0\u00bbLitiges\u00a0\u00bb nav_menu=\u00a0\u00bb112&Prime; el_class=\u00a0\u00bbsidebar-menu\u00a0\u00bb][\/vc_column][\/vc_row]<\/p>\n<\/div>","protected":false},"excerpt":{"rendered":"<p>[vc_row el_class=\u00a0\u00bbimage-holder-top\u00a0\u00bb el_id=\u00a0\u00bbBilder im Header\u00a0\u00bb][vc_column el_class=\u00a0\u00bbimage-holder\u00a0\u00bb][vc_column_text css=\u00a0\u00bb.vc_custom_1499846608570{margin-right: 0px !important;margin-left: 0px !important;border-right-width: 0px !important;border-left-width: 0px !important;padding-right: 0px !important;padding-left: 0px !important;}\u00a0\u00bb el_class=\u00a0\u00bbimage-holder-textarea-full\u00a0\u00bb][\/vc_column_text][\/vc_column][\/vc_row][vc_row<span class=\"excerpt-hellip\"> [\u2026]<\/span><\/p>\n","protected":false},"author":9,"featured_media":0,"parent":277,"menu_order":0,"comment_status":"open","ping_status":"open","template":"","meta":{"_acf_changed":false,"footnotes":""},"class_list":["post-293","page","type-page","status-publish","hentry"],"acf":[],"_links":{"self":[{"href":"https:\/\/www.aclanz.de\/fr\/wp-json\/wp\/v2\/pages\/293","targetHints":{"allow":["GET"]}}],"collection":[{"href":"https:\/\/www.aclanz.de\/fr\/wp-json\/wp\/v2\/pages"}],"about":[{"href":"https:\/\/www.aclanz.de\/fr\/wp-json\/wp\/v2\/types\/page"}],"author":[{"embeddable":true,"href":"https:\/\/www.aclanz.de\/fr\/wp-json\/wp\/v2\/users\/9"}],"replies":[{"embeddable":true,"href":"https:\/\/www.aclanz.de\/fr\/wp-json\/wp\/v2\/comments?post=293"}],"version-history":[{"count":5,"href":"https:\/\/www.aclanz.de\/fr\/wp-json\/wp\/v2\/pages\/293\/revisions"}],"predecessor-version":[{"id":10570,"href":"https:\/\/www.aclanz.de\/fr\/wp-json\/wp\/v2\/pages\/293\/revisions\/10570"}],"up":[{"embeddable":true,"href":"https:\/\/www.aclanz.de\/fr\/wp-json\/wp\/v2\/pages\/277"}],"wp:attachment":[{"href":"https:\/\/www.aclanz.de\/fr\/wp-json\/wp\/v2\/media?parent=293"}],"curies":[{"name":"wp","href":"https:\/\/api.w.org\/{rel}","templated":true}]}}