{"id":288,"date":"2010-06-30T11:37:39","date_gmt":"2010-06-30T11:37:39","guid":{"rendered":"http:\/\/www.aclanz.de\/rechtsanwaelte"},"modified":"2021-10-12T08:46:32","modified_gmt":"2021-10-12T08:46:32","slug":"contentieux","status":"publish","type":"page","link":"https:\/\/www.aclanz.de\/fr\/litiges\/contentieux\/","title":{"rendered":"Contentieux"},"content":{"rendered":"<div class=\"wpb-content-wrapper\"><p>[vc_row el_class=\u00a0\u00bbimage-holder-top\u00a0\u00bb el_id=\u00a0\u00bbBilder im Header\u00a0\u00bb][vc_column el_class=\u00a0\u00bbimage-holder\u00a0\u00bb][vc_column_text css=\u00a0\u00bb.vc_custom_1500284889106{margin-right: 0px !important;margin-left: 0px !important;border-right-width: 0px !important;border-left-width: 0px !important;padding-right: 0px !important;padding-left: 0px !important;}\u00a0\u00bb el_class=\u00a0\u00bbimage-holder-textarea-full\u00a0\u00bb]<img loading=\"lazy\" decoding=\"async\" class=\"alignnone size-full wp-image-9059\" src=\"http:\/\/www.aclanz.de\/wp-content\/uploads\/2017\/07\/aclanz-keyvisual-gerichtsverfahren2.jpg\" alt=\"\" width=\"940\" height=\"373\" srcset=\"https:\/\/www.aclanz.de\/wp-content\/uploads\/2017\/07\/aclanz-keyvisual-gerichtsverfahren2.jpg 940w, https:\/\/www.aclanz.de\/wp-content\/uploads\/2017\/07\/aclanz-keyvisual-gerichtsverfahren2-300x119.jpg 300w, https:\/\/www.aclanz.de\/wp-content\/uploads\/2017\/07\/aclanz-keyvisual-gerichtsverfahren2-768x305.jpg 768w, https:\/\/www.aclanz.de\/wp-content\/uploads\/2017\/07\/aclanz-keyvisual-gerichtsverfahren2-260x103.jpg 260w, https:\/\/www.aclanz.de\/wp-content\/uploads\/2017\/07\/aclanz-keyvisual-gerichtsverfahren2-50x20.jpg 50w, https:\/\/www.aclanz.de\/wp-content\/uploads\/2017\/07\/aclanz-keyvisual-gerichtsverfahren2-150x60.jpg 150w\" sizes=\"auto, (max-width:767px) 480px, (max-width:940px) 100vw, 940px\" \/><img loading=\"lazy\" decoding=\"async\" class=\"alignnone size-full wp-image-9058\" src=\"http:\/\/www.aclanz.de\/wp-content\/uploads\/2017\/07\/gericht-klein2.jpg\" alt=\"\" width=\"470\" height=\"380\" srcset=\"https:\/\/www.aclanz.de\/wp-content\/uploads\/2017\/07\/gericht-klein2.jpg 470w, https:\/\/www.aclanz.de\/wp-content\/uploads\/2017\/07\/gericht-klein2-300x243.jpg 300w, https:\/\/www.aclanz.de\/wp-content\/uploads\/2017\/07\/gericht-klein2-181x146.jpg 181w, https:\/\/www.aclanz.de\/wp-content\/uploads\/2017\/07\/gericht-klein2-50x40.jpg 50w, https:\/\/www.aclanz.de\/wp-content\/uploads\/2017\/07\/gericht-klein2-93x75.jpg 93w\" sizes=\"auto, (max-width:767px) 470px, 470px\" \/>[\/vc_column_text][\/vc_column][\/vc_row][vc_row full_height=\u00a0\u00bbyes\u00a0\u00bb columns_placement=\u00a0\u00bbtop\u00a0\u00bb css=\u00a0\u00bb.vc_custom_1498593308809{margin-top: 0px !important;margin-bottom: 0px !important;border-top-width: 0px !important;border-bottom-width: 0px !important;padding-top: 0px !important;padding-bottom: 0px !important;}\u00a0\u00bb el_id=\u00a0\u00bbContent Text und Submenu\u00a0\u00bb][vc_column width=\u00a0\u00bb3\/4&Prime; el_class=\u00a0\u00bbsidebar-content\u00a0\u00bb][vc_column_text]<\/p>\n<h1>Contentieux<\/h1>\n<p>Nous apportons un soutien \u00e0 nos clients dans le r\u00e8glement \u00e9conomique des conflits, si possible \u00e0 l\u2019amiable. Si ce n\u2019est pas possible, il faudra en tirer les cons\u00e9quences et agir en justice \u2013 et ceci avec toute la coh\u00e9rence, l\u2019habilet\u00e9 tactique et la finesse proc\u00e9durale qui s\u2019impose.<\/p>\n<p>Nous avons une grande exp\u00e9rience pour repr\u00e9senter nos clients en justice dans des proc\u00e8s portant sur des domaines juridiques plut\u00f4t rares et dans des proc\u00e8s sur des situations complexes autant que dans des proc\u00e8s courants. Nous faisons appel \u00e0 tous les instruments proc\u00e9duraux, par exemple l\u2019ordonnance de r\u00e9f\u00e9r\u00e9 et d\u2019autres mesures provisoires, la saisie-arr\u00eat\u00a0ou la mise sous s\u00e9questre, la proc\u00e9dure sur titres ou l\u2019intervention forc\u00e9e. Apr\u00e8s le proc\u00e8s, nous\u00a0chargerons aussi de l\u2019ex\u00e9cution du jugement.<\/p>\n<p>Nous menons des proc\u00e8s devant les juridictions civiles et les juridictions sp\u00e9cialis\u00e9es, les juridictions fiscales et des chambres de commerce des tribunaux de grande instance. Nous repr\u00e9sentons nos clients devant des hautes juridictions comme les Cours d\u2019appel des L\u00e4nder, la Cour fiscale f\u00e9d\u00e9rale (Bundesfinanzhof), la Cour f\u00e9d\u00e9rale du travail (Bundesarbeitsgericht) et la Cour constitutionnelle f\u00e9d\u00e9rale (Bundesverfassungsgericht).[\/vc_column_text][\/vc_column][vc_column width=\u00a0\u00bb1\/4&Prime; el_class=\u00a0\u00bbsidebar-gray\u00a0\u00bb css=\u00a0\u00bb.vc_custom_1498559811149{margin-top: 0px !important;margin-right: 0px !important;margin-left: 0px !important;border-top-width: 0px !important;border-right-width: 0px !important;border-left-width: 0px !important;padding-top: 0px !important;padding-right: 0px !important;padding-left: 0px !important;}\u00a0\u00bb][vc_wp_custommenu title=\u00a0\u00bbLitiges\u00a0\u00bb nav_menu=\u00a0\u00bb112&Prime; el_class=\u00a0\u00bbsidebar-menu\u00a0\u00bb][\/vc_column][\/vc_row]<\/p>\n<\/div>","protected":false},"excerpt":{"rendered":"<p>[vc_row el_class=\u00a0\u00bbimage-holder-top\u00a0\u00bb el_id=\u00a0\u00bbBilder im Header\u00a0\u00bb][vc_column el_class=\u00a0\u00bbimage-holder\u00a0\u00bb][vc_column_text css=\u00a0\u00bb.vc_custom_1500284889106{margin-right: 0px !important;margin-left: 0px !important;border-right-width: 0px !important;border-left-width: 0px !important;padding-right: 0px !important;padding-left: 0px !important;}\u00a0\u00bb el_class=\u00a0\u00bbimage-holder-textarea-full\u00a0\u00bb][\/vc_column_text][\/vc_column][\/vc_row][vc_row<span class=\"excerpt-hellip\"> [\u2026]<\/span><\/p>\n","protected":false},"author":9,"featured_media":0,"parent":277,"menu_order":0,"comment_status":"open","ping_status":"open","template":"","meta":{"_acf_changed":false,"footnotes":""},"class_list":["post-288","page","type-page","status-publish","hentry"],"acf":[],"_links":{"self":[{"href":"https:\/\/www.aclanz.de\/fr\/wp-json\/wp\/v2\/pages\/288","targetHints":{"allow":["GET"]}}],"collection":[{"href":"https:\/\/www.aclanz.de\/fr\/wp-json\/wp\/v2\/pages"}],"about":[{"href":"https:\/\/www.aclanz.de\/fr\/wp-json\/wp\/v2\/types\/page"}],"author":[{"embeddable":true,"href":"https:\/\/www.aclanz.de\/fr\/wp-json\/wp\/v2\/users\/9"}],"replies":[{"embeddable":true,"href":"https:\/\/www.aclanz.de\/fr\/wp-json\/wp\/v2\/comments?post=288"}],"version-history":[{"count":5,"href":"https:\/\/www.aclanz.de\/fr\/wp-json\/wp\/v2\/pages\/288\/revisions"}],"predecessor-version":[{"id":12614,"href":"https:\/\/www.aclanz.de\/fr\/wp-json\/wp\/v2\/pages\/288\/revisions\/12614"}],"up":[{"embeddable":true,"href":"https:\/\/www.aclanz.de\/fr\/wp-json\/wp\/v2\/pages\/277"}],"wp:attachment":[{"href":"https:\/\/www.aclanz.de\/fr\/wp-json\/wp\/v2\/media?parent=288"}],"curies":[{"name":"wp","href":"https:\/\/api.w.org\/{rel}","templated":true}]}}