{"id":282,"date":"2010-07-03T12:57:16","date_gmt":"2010-07-03T12:57:16","guid":{"rendered":"http:\/\/www.aclanz.de\/rechtsanwaelte"},"modified":"2019-03-22T07:30:23","modified_gmt":"2019-03-22T07:30:23","slug":"conciliation-entreprise","status":"publish","type":"page","link":"https:\/\/www.aclanz.de\/fr\/litiges\/conciliation-entreprise\/","title":{"rendered":"Conciliation d&rsquo;entreprise"},"content":{"rendered":"<div class=\"wpb-content-wrapper\"><p>[vc_row el_class=\u00a0\u00bbimage-holder-top\u00a0\u00bb el_id=\u00a0\u00bbBilder im Header\u00a0\u00bb][vc_column el_class=\u00a0\u00bbimage-holder\u00a0\u00bb][vc_column_text css=\u00a0\u00bb.vc_custom_1499846708923{margin-right: 0px !important;margin-left: 0px !important;border-right-width: 0px !important;border-left-width: 0px !important;padding-right: 0px !important;padding-left: 0px !important;}\u00a0\u00bb el_class=\u00a0\u00bbimage-holder-textarea-full\u00a0\u00bb]<img loading=\"lazy\" decoding=\"async\" class=\"alignnone size-full wp-image-9055\" src=\"http:\/\/www.aclanz.de\/wp-content\/uploads\/2017\/07\/aclanz-keyvisual-einigung.jpg\" alt=\"\" width=\"940\" height=\"373\" srcset=\"https:\/\/www.aclanz.de\/wp-content\/uploads\/2017\/07\/aclanz-keyvisual-einigung.jpg 940w, https:\/\/www.aclanz.de\/wp-content\/uploads\/2017\/07\/aclanz-keyvisual-einigung-300x119.jpg 300w, https:\/\/www.aclanz.de\/wp-content\/uploads\/2017\/07\/aclanz-keyvisual-einigung-768x305.jpg 768w, https:\/\/www.aclanz.de\/wp-content\/uploads\/2017\/07\/aclanz-keyvisual-einigung-260x103.jpg 260w, https:\/\/www.aclanz.de\/wp-content\/uploads\/2017\/07\/aclanz-keyvisual-einigung-50x20.jpg 50w, https:\/\/www.aclanz.de\/wp-content\/uploads\/2017\/07\/aclanz-keyvisual-einigung-150x60.jpg 150w\" sizes=\"auto, (max-width:767px) 480px, (max-width:940px) 100vw, 940px\" \/><img loading=\"lazy\" decoding=\"async\" class=\"alignnone size-full wp-image-9054\" src=\"http:\/\/www.aclanz.de\/wp-content\/uploads\/2017\/07\/einigung-klein2.jpg\" alt=\"\" width=\"470\" height=\"380\" srcset=\"https:\/\/www.aclanz.de\/wp-content\/uploads\/2017\/07\/einigung-klein2.jpg 470w, https:\/\/www.aclanz.de\/wp-content\/uploads\/2017\/07\/einigung-klein2-300x243.jpg 300w, https:\/\/www.aclanz.de\/wp-content\/uploads\/2017\/07\/einigung-klein2-181x146.jpg 181w, https:\/\/www.aclanz.de\/wp-content\/uploads\/2017\/07\/einigung-klein2-50x40.jpg 50w, https:\/\/www.aclanz.de\/wp-content\/uploads\/2017\/07\/einigung-klein2-93x75.jpg 93w\" sizes=\"auto, (max-width:767px) 470px, 470px\" \/>[\/vc_column_text][\/vc_column][\/vc_row][vc_row full_height=\u00a0\u00bbyes\u00a0\u00bb columns_placement=\u00a0\u00bbtop\u00a0\u00bb css=\u00a0\u00bb.vc_custom_1498593308809{margin-top: 0px !important;margin-bottom: 0px !important;border-top-width: 0px !important;border-bottom-width: 0px !important;padding-top: 0px !important;padding-bottom: 0px !important;}\u00a0\u00bb el_id=\u00a0\u00bbContent Text und Submenu\u00a0\u00bb][vc_column width=\u00a0\u00bb3\/4&Prime; el_class=\u00a0\u00bbsidebar-content\u00a0\u00bb][vc_column_text]<\/p>\n<h1>Conciliation d\u2018entreprise<\/h1>\n<p>La loi sur la constitution des entreprises (Betriebsverfassungsgesetz) part du principe d\u2019une collaboration en toute confiance entre l\u2019employeur et le comit\u00e9 d\u2019entreprise. La pratique montre que cela ne r\u00e9ussit pas toujours. Dans ce cas, il faut faire appel au comit\u00e9 de conciliation d\u2019entreprise du droit allemand pour les affaires soumises \u00e0 la cogestion.<\/p>\n<p>L\u2019objectif est de trouver au sein du comit\u00e9 de conciliation un r\u00e8glement \u00e0 l\u2019amiable qui tienne compte des int\u00e9r\u00eats de chaque partie. Lorsque cela n\u2019est pas possible, le comit\u00e9 de conciliation rend sa sentence. Il convient alors de faire valoir son propre objectif de n\u00e9gociation lors du vote.[\/vc_column_text][\/vc_column][vc_column width=\u00a0\u00bb1\/4&Prime; el_class=\u00a0\u00bbsidebar-gray\u00a0\u00bb css=\u00a0\u00bb.vc_custom_1498559811149{margin-top: 0px !important;margin-right: 0px !important;margin-left: 0px !important;border-top-width: 0px !important;border-right-width: 0px !important;border-left-width: 0px !important;padding-top: 0px !important;padding-right: 0px !important;padding-left: 0px !important;}\u00a0\u00bb][vc_wp_custommenu title=\u00a0\u00bbLitiges\u00a0\u00bb nav_menu=\u00a0\u00bb112&Prime; el_class=\u00a0\u00bbsidebar-menu\u00a0\u00bb][\/vc_column][\/vc_row]<\/p>\n<\/div>","protected":false},"excerpt":{"rendered":"<p>[vc_row el_class=\u00a0\u00bbimage-holder-top\u00a0\u00bb el_id=\u00a0\u00bbBilder im Header\u00a0\u00bb][vc_column el_class=\u00a0\u00bbimage-holder\u00a0\u00bb][vc_column_text css=\u00a0\u00bb.vc_custom_1499846708923{margin-right: 0px !important;margin-left: 0px !important;border-right-width: 0px !important;border-left-width: 0px !important;padding-right: 0px !important;padding-left: 0px !important;}\u00a0\u00bb el_class=\u00a0\u00bbimage-holder-textarea-full\u00a0\u00bb][\/vc_column_text][\/vc_column][\/vc_row][vc_row<span class=\"excerpt-hellip\"> [\u2026]<\/span><\/p>\n","protected":false},"author":9,"featured_media":0,"parent":277,"menu_order":0,"comment_status":"open","ping_status":"open","template":"","meta":{"_acf_changed":false,"footnotes":""},"class_list":["post-282","page","type-page","status-publish","hentry"],"acf":[],"_links":{"self":[{"href":"https:\/\/www.aclanz.de\/fr\/wp-json\/wp\/v2\/pages\/282","targetHints":{"allow":["GET"]}}],"collection":[{"href":"https:\/\/www.aclanz.de\/fr\/wp-json\/wp\/v2\/pages"}],"about":[{"href":"https:\/\/www.aclanz.de\/fr\/wp-json\/wp\/v2\/types\/page"}],"author":[{"embeddable":true,"href":"https:\/\/www.aclanz.de\/fr\/wp-json\/wp\/v2\/users\/9"}],"replies":[{"embeddable":true,"href":"https:\/\/www.aclanz.de\/fr\/wp-json\/wp\/v2\/comments?post=282"}],"version-history":[{"count":5,"href":"https:\/\/www.aclanz.de\/fr\/wp-json\/wp\/v2\/pages\/282\/revisions"}],"predecessor-version":[{"id":10573,"href":"https:\/\/www.aclanz.de\/fr\/wp-json\/wp\/v2\/pages\/282\/revisions\/10573"}],"up":[{"embeddable":true,"href":"https:\/\/www.aclanz.de\/fr\/wp-json\/wp\/v2\/pages\/277"}],"wp:attachment":[{"href":"https:\/\/www.aclanz.de\/fr\/wp-json\/wp\/v2\/media?parent=282"}],"curies":[{"name":"wp","href":"https:\/\/api.w.org\/{rel}","templated":true}]}}