{"id":273,"date":"2010-06-17T15:09:16","date_gmt":"2010-06-17T15:09:16","guid":{"rendered":"http:\/\/www.aclanz.de\/rechtsanwaelte"},"modified":"2021-10-12T08:41:15","modified_gmt":"2021-10-12T08:41:15","slug":"droit-fiscal-et-penal","status":"publish","type":"page","link":"https:\/\/www.aclanz.de\/fr\/domaines-de-droits\/droit-fiscal-et-penal\/","title":{"rendered":"Droit fiscal et p\u00e9nal"},"content":{"rendered":"<div class=\"wpb-content-wrapper\"><p>[vc_row el_class=\u00a0\u00bbimage-holder-top\u00a0\u00bb el_id=\u00a0\u00bbBilder im Header\u00a0\u00bb][vc_column el_class=\u00a0\u00bbimage-holder\u00a0\u00bb][vc_column_text css=\u00a0\u00bb.vc_custom_1499846965993{margin-right: 0px !important;margin-left: 0px !important;border-right-width: 0px !important;border-left-width: 0px !important;padding-right: 0px !important;padding-left: 0px !important;}\u00a0\u00bb el_class=\u00a0\u00bbimage-holder-textarea-full\u00a0\u00bb]<img loading=\"lazy\" decoding=\"async\" class=\"alignnone size-full wp-image-9061\" src=\"http:\/\/www.aclanz.de\/wp-content\/uploads\/2017\/07\/aclanz-keyvisual-steuerrecht2.jpg\" alt=\"\" width=\"940\" height=\"373\" srcset=\"https:\/\/www.aclanz.de\/wp-content\/uploads\/2017\/07\/aclanz-keyvisual-steuerrecht2.jpg 940w, https:\/\/www.aclanz.de\/wp-content\/uploads\/2017\/07\/aclanz-keyvisual-steuerrecht2-300x119.jpg 300w, https:\/\/www.aclanz.de\/wp-content\/uploads\/2017\/07\/aclanz-keyvisual-steuerrecht2-768x305.jpg 768w, https:\/\/www.aclanz.de\/wp-content\/uploads\/2017\/07\/aclanz-keyvisual-steuerrecht2-260x103.jpg 260w, https:\/\/www.aclanz.de\/wp-content\/uploads\/2017\/07\/aclanz-keyvisual-steuerrecht2-50x20.jpg 50w, https:\/\/www.aclanz.de\/wp-content\/uploads\/2017\/07\/aclanz-keyvisual-steuerrecht2-150x60.jpg 150w\" sizes=\"auto, (max-width:767px) 480px, (max-width:940px) 100vw, 940px\" \/><img loading=\"lazy\" decoding=\"async\" class=\"alignnone size-full wp-image-9060\" src=\"http:\/\/www.aclanz.de\/wp-content\/uploads\/2017\/07\/steuerrecht-klein.jpg\" alt=\"\" width=\"470\" height=\"380\" srcset=\"https:\/\/www.aclanz.de\/wp-content\/uploads\/2017\/07\/steuerrecht-klein.jpg 470w, https:\/\/www.aclanz.de\/wp-content\/uploads\/2017\/07\/steuerrecht-klein-300x243.jpg 300w, https:\/\/www.aclanz.de\/wp-content\/uploads\/2017\/07\/steuerrecht-klein-181x146.jpg 181w, https:\/\/www.aclanz.de\/wp-content\/uploads\/2017\/07\/steuerrecht-klein-50x40.jpg 50w, https:\/\/www.aclanz.de\/wp-content\/uploads\/2017\/07\/steuerrecht-klein-93x75.jpg 93w\" sizes=\"auto, (max-width:767px) 470px, 470px\" \/>[\/vc_column_text][\/vc_column][\/vc_row][vc_row full_height=\u00a0\u00bbyes\u00a0\u00bb columns_placement=\u00a0\u00bbtop\u00a0\u00bb css=\u00a0\u00bb.vc_custom_1498593308809{margin-top: 0px !important;margin-bottom: 0px !important;border-top-width: 0px !important;border-bottom-width: 0px !important;padding-top: 0px !important;padding-bottom: 0px !important;}\u00a0\u00bb el_id=\u00a0\u00bbContent Text und Submenu\u00a0\u00bb][vc_column width=\u00a0\u00bb3\/4&Prime; el_class=\u00a0\u00bbsidebar-content\u00a0\u00bb][vc_column_text]<\/p>\n<h1>Droit fiscal et p\u00e9nal<\/h1>\n<p>Nous tenons \u00e0 assurer la mise en application juridiquement valable et parfaite des structures contractuelles ou des soci\u00e9t\u00e9s fiscalement optimis\u00e9es, et dans ce cadre, nous collaborons \u00e9galement avec les conseils fiscaux respectifs du client.<\/p>\n<p>Nous d\u00e9fendons nos clients \u00e0 l\u2019occasion de contr\u00f4les fiscaux, de recours administratifs pr\u00e9alables et de plaintes d\u00e9pos\u00e9es devant des tribunaux fiscaux, y compris dans des recours en r\u00e9visions devant le Bundesfinanzhof (Cour fiscale f\u00e9d\u00e9rale).<\/p>\n<p>Notre exp\u00e9rience couvre aussi les interventions en situation d\u2019urgence due aux\u00a0 risques de droit p\u00e9nal: v\u00e9rification des signalements spontan\u00e9s sans cons\u00e9quences p\u00e9nales pour l\u2019assujetti, communication avec les contr\u00f4leurs fiscaux et les procureurs de la r\u00e9publique, d\u00e9fense et conseil au proc\u00e8s p\u00e9nal. Nous soutenons des coll\u00e8gues du point de vue de droit fiscal qui se sont d\u00e9j\u00e0 charg\u00e9s d\u2019assurer la d\u00e9fense des clients dans le cadre d\u2019une proc\u00e9dure penale. Nous cherchons tout particuli\u00e8rement \u00e0 d\u00e9fendre aussi les int\u00e9r\u00eats civils et professionels de nos clients touch\u00e9s par ces situations \u00e0 risques de droit p\u00e9nal et des proc\u00e9dures p\u00e9nales.<\/p>\n<p>Nous sommes dans une grande mesure aux c\u00f4t\u00e9s de victimes de d\u00e9lits des affaires, en utilisant tous les moyens de la proc\u00e9dure p\u00e9nale, du droit p\u00e9nal et du droit civil, pour les aider \u00e0 faire valoir leurs droits.[\/vc_column_text][\/vc_column][vc_column width=\u00a0\u00bb1\/4&Prime; el_class=\u00a0\u00bbsidebar-gray\u00a0\u00bb css=\u00a0\u00bb.vc_custom_1498559811149{margin-top: 0px !important;margin-right: 0px !important;margin-left: 0px !important;border-top-width: 0px !important;border-right-width: 0px !important;border-left-width: 0px !important;padding-top: 0px !important;padding-right: 0px !important;padding-left: 0px !important;}\u00a0\u00bb][vc_wp_custommenu title=\u00a0\u00bbDomaines\u00a0\u00bb nav_menu=\u00a0\u00bb111&Prime; el_class=\u00a0\u00bbsidebar-menu\u00a0\u00bb][\/vc_column][\/vc_row]<\/p>\n<\/div>","protected":false},"excerpt":{"rendered":"<p>[vc_row el_class=\u00a0\u00bbimage-holder-top\u00a0\u00bb el_id=\u00a0\u00bbBilder im Header\u00a0\u00bb][vc_column el_class=\u00a0\u00bbimage-holder\u00a0\u00bb][vc_column_text css=\u00a0\u00bb.vc_custom_1499846965993{margin-right: 0px !important;margin-left: 0px !important;border-right-width: 0px !important;border-left-width: 0px !important;padding-right: 0px !important;padding-left: 0px !important;}\u00a0\u00bb el_class=\u00a0\u00bbimage-holder-textarea-full\u00a0\u00bb][\/vc_column_text][\/vc_column][\/vc_row][vc_row<span class=\"excerpt-hellip\"> [\u2026]<\/span><\/p>\n","protected":false},"author":9,"featured_media":0,"parent":256,"menu_order":0,"comment_status":"open","ping_status":"open","template":"","meta":{"_acf_changed":false,"footnotes":""},"class_list":["post-273","page","type-page","status-publish","hentry"],"acf":[],"_links":{"self":[{"href":"https:\/\/www.aclanz.de\/fr\/wp-json\/wp\/v2\/pages\/273","targetHints":{"allow":["GET"]}}],"collection":[{"href":"https:\/\/www.aclanz.de\/fr\/wp-json\/wp\/v2\/pages"}],"about":[{"href":"https:\/\/www.aclanz.de\/fr\/wp-json\/wp\/v2\/types\/page"}],"author":[{"embeddable":true,"href":"https:\/\/www.aclanz.de\/fr\/wp-json\/wp\/v2\/users\/9"}],"replies":[{"embeddable":true,"href":"https:\/\/www.aclanz.de\/fr\/wp-json\/wp\/v2\/comments?post=273"}],"version-history":[{"count":5,"href":"https:\/\/www.aclanz.de\/fr\/wp-json\/wp\/v2\/pages\/273\/revisions"}],"predecessor-version":[{"id":12611,"href":"https:\/\/www.aclanz.de\/fr\/wp-json\/wp\/v2\/pages\/273\/revisions\/12611"}],"up":[{"embeddable":true,"href":"https:\/\/www.aclanz.de\/fr\/wp-json\/wp\/v2\/pages\/256"}],"wp:attachment":[{"href":"https:\/\/www.aclanz.de\/fr\/wp-json\/wp\/v2\/media?parent=273"}],"curies":[{"name":"wp","href":"https:\/\/api.w.org\/{rel}","templated":true}]}}