{"id":268,"date":"2010-06-17T15:08:43","date_gmt":"2010-06-17T15:08:43","guid":{"rendered":"http:\/\/www.aclanz.de\/rechtsanwaelte"},"modified":"2025-04-09T08:31:00","modified_gmt":"2025-04-09T08:31:00","slug":"droit-immobilier","status":"publish","type":"page","link":"https:\/\/www.aclanz.de\/fr\/domaines-de-droits\/droit-immobilier\/","title":{"rendered":"Droit immobilier"},"content":{"rendered":"<div class=\"wpb-content-wrapper\"><p>[vc_row el_class=\u00a0\u00bbimage-holder-top\u00a0\u00bb el_id=\u00a0\u00bbBilder im Header\u00a0\u00bb][vc_column el_class=\u00a0\u00bbimage-holder\u00a0\u00bb][vc_column_text css=\u00a0\u00bb.vc_custom_1499162995055{margin-right: 0px !important;margin-left: 0px !important;border-right-width: 0px !important;border-left-width: 0px !important;padding-right: 0px !important;padding-left: 0px !important;}\u00a0\u00bb el_class=\u00a0\u00bbimage-holder-textarea-full\u00a0\u00bb]<img loading=\"lazy\" decoding=\"async\" class=\"alignnone size-full wp-image-7247\" src=\"http:\/\/www.aclanz.de\/wp-content\/uploads\/2016\/07\/aclanz-keyvisual-immobilienrecht.jpg\" alt=\"aclanz droit immobilier\" width=\"940\" height=\"373\" srcset=\"https:\/\/www.aclanz.de\/wp-content\/uploads\/2016\/07\/aclanz-keyvisual-immobilienrecht.jpg 940w, https:\/\/www.aclanz.de\/wp-content\/uploads\/2016\/07\/aclanz-keyvisual-immobilienrecht-300x119.jpg 300w, https:\/\/www.aclanz.de\/wp-content\/uploads\/2016\/07\/aclanz-keyvisual-immobilienrecht-768x305.jpg 768w, https:\/\/www.aclanz.de\/wp-content\/uploads\/2016\/07\/aclanz-keyvisual-immobilienrecht-260x103.jpg 260w, https:\/\/www.aclanz.de\/wp-content\/uploads\/2016\/07\/aclanz-keyvisual-immobilienrecht-50x20.jpg 50w, https:\/\/www.aclanz.de\/wp-content\/uploads\/2016\/07\/aclanz-keyvisual-immobilienrecht-150x60.jpg 150w\" sizes=\"auto, (max-width:767px) 480px, (max-width:940px) 100vw, 940px\" \/><img loading=\"lazy\" decoding=\"async\" class=\"alignnone size-full wp-image-8402\" src=\"http:\/\/www.aclanz.de\/wp-content\/uploads\/2017\/07\/immobilioenrecht_klein.jpg\" alt=\"\" width=\"470\" height=\"380\" srcset=\"https:\/\/www.aclanz.de\/wp-content\/uploads\/2017\/07\/immobilioenrecht_klein.jpg 470w, https:\/\/www.aclanz.de\/wp-content\/uploads\/2017\/07\/immobilioenrecht_klein-300x243.jpg 300w, https:\/\/www.aclanz.de\/wp-content\/uploads\/2017\/07\/immobilioenrecht_klein-181x146.jpg 181w, https:\/\/www.aclanz.de\/wp-content\/uploads\/2017\/07\/immobilioenrecht_klein-50x40.jpg 50w, https:\/\/www.aclanz.de\/wp-content\/uploads\/2017\/07\/immobilioenrecht_klein-93x75.jpg 93w\" sizes=\"auto, (max-width:767px) 470px, 470px\" \/>[\/vc_column_text][\/vc_column][\/vc_row][vc_row full_height=\u00a0\u00bbyes\u00a0\u00bb columns_placement=\u00a0\u00bbtop\u00a0\u00bb css=\u00a0\u00bb.vc_custom_1498593308809{margin-top: 0px !important;margin-bottom: 0px !important;border-top-width: 0px !important;border-bottom-width: 0px !important;padding-top: 0px !important;padding-bottom: 0px !important;}\u00a0\u00bb el_id=\u00a0\u00bbContent Text und Submenu\u00a0\u00bb][vc_column width=\u00a0\u00bb3\/4&Prime; el_class=\u00a0\u00bbsidebar-content\u00a0\u00bb][vc_column_text css=\u00a0\u00bb\u00a0\u00bb]<\/p>\n<h1>Droit immobilier<\/h1>\n<p>Nous conseillons les bailleurs et les locataires de locaux commerciaux, de la simple surface de bureau \u00e0 l\u2019immobilier sp\u00e9cial comme les cabinets m\u00e9dicaux ou les centres commerciaux. Nous conseillons les bailleurs concernant les locaux d\u2019habitation, y compris les immeubles \u00e0 usage d\u2019habitation \u00e0 loyer mod\u00e9r\u00e9 (H.L.M.) dans la r\u00e9glementation allemande. Il s\u2019agit en l\u2019occurrence de r\u00e9diger des contrats, de donner une assistance permanente et de traiter les actions en \u00e9viction et en ex\u00e9cution forc\u00e9e apr\u00e8s la r\u00e9siliation du contrat de location.<\/p>\n<p>Nous conseillons nos clients sur l\u2019achat et la promotion d\u2019un bien immobilier. Nos clients sont propri\u00e9taires, acheteurs, ma\u00eetres d\u2019ouvrage, ing\u00e9nieurs, entrepreneurs g\u00e9n\u00e9raux, sous-traitants, artisans et prestataires de service.<\/p>\n<p>En courtage, nous conseillons les agences immobili\u00e8res dans la r\u00e9daction des contrats et nous les assistons pour faire valoir leurs droits aux commissions. Concernant les clients des agences immobili\u00e8res, nous v\u00e9rifions les clauses des contrats et soulevons les objections qui s\u2019imposent \u00e0 des commissions illicites ou excessives.<\/p>\n<p>Les associ\u00e9s d\u2019<strong>aclanz<\/strong> interviennent en qualit\u00e9 de ma\u00eetres de conf\u00e9rences en cours pour les dipl\u00f4mes d\u2019avocat sp\u00e9cialis\u00e9 en droit de la location:\u00a0<a href=\"http:\/\/www.hagen-law-school.de\/\">Hagen Law School\u00a0<\/a>(FIRM\/Fernuniversit\u00e4t Hagen).<\/p>\n<p>L\u2019hebdomadaire immobilier \u00ab Immobilienzeitung \u00bb a d\u00e9sign\u00e9 <strong>aclanz<\/strong> pour la liste des cabinets d\u2019avocats immobiliers les plus renomm\u00e9s en Allemagne. Veuillez trouver\u00a0<a href=\"https:\/\/emagazin.iz.de\/immobilienanwaelte\/a-f\" target=\"_blank\" rel=\"noopener\">ici<\/a>\u00a0la liste \u00e9tablie par\u00a0<em>IZ<\/em>.[\/vc_column_text][\/vc_column][vc_column width=\u00a0\u00bb1\/4&Prime; el_class=\u00a0\u00bbsidebar-gray\u00a0\u00bb css=\u00a0\u00bb.vc_custom_1498559811149{margin-top: 0px !important;margin-right: 0px !important;margin-left: 0px !important;border-top-width: 0px !important;border-right-width: 0px !important;border-left-width: 0px !important;padding-top: 0px !important;padding-right: 0px !important;padding-left: 0px !important;}\u00a0\u00bb][vc_wp_custommenu title=\u00a0\u00bbDomaines\u00a0\u00bb nav_menu=\u00a0\u00bb111&Prime; el_class=\u00a0\u00bbsidebar-menu\u00a0\u00bb][\/vc_column][\/vc_row]<\/p>\n<\/div>","protected":false},"excerpt":{"rendered":"<p>[vc_row el_class=\u00a0\u00bbimage-holder-top\u00a0\u00bb el_id=\u00a0\u00bbBilder im Header\u00a0\u00bb][vc_column el_class=\u00a0\u00bbimage-holder\u00a0\u00bb][vc_column_text css=\u00a0\u00bb.vc_custom_1499162995055{margin-right: 0px !important;margin-left: 0px !important;border-right-width: 0px !important;border-left-width: 0px !important;padding-right: 0px !important;padding-left: 0px !important;}\u00a0\u00bb el_class=\u00a0\u00bbimage-holder-textarea-full\u00a0\u00bb][\/vc_column_text][\/vc_column][\/vc_row][vc_row<span class=\"excerpt-hellip\"> [\u2026]<\/span><\/p>\n","protected":false},"author":9,"featured_media":0,"parent":256,"menu_order":0,"comment_status":"open","ping_status":"open","template":"","meta":{"_acf_changed":false,"footnotes":""},"class_list":["post-268","page","type-page","status-publish","hentry"],"acf":[],"_links":{"self":[{"href":"https:\/\/www.aclanz.de\/fr\/wp-json\/wp\/v2\/pages\/268","targetHints":{"allow":["GET"]}}],"collection":[{"href":"https:\/\/www.aclanz.de\/fr\/wp-json\/wp\/v2\/pages"}],"about":[{"href":"https:\/\/www.aclanz.de\/fr\/wp-json\/wp\/v2\/types\/page"}],"author":[{"embeddable":true,"href":"https:\/\/www.aclanz.de\/fr\/wp-json\/wp\/v2\/users\/9"}],"replies":[{"embeddable":true,"href":"https:\/\/www.aclanz.de\/fr\/wp-json\/wp\/v2\/comments?post=268"}],"version-history":[{"count":5,"href":"https:\/\/www.aclanz.de\/fr\/wp-json\/wp\/v2\/pages\/268\/revisions"}],"predecessor-version":[{"id":13820,"href":"https:\/\/www.aclanz.de\/fr\/wp-json\/wp\/v2\/pages\/268\/revisions\/13820"}],"up":[{"embeddable":true,"href":"https:\/\/www.aclanz.de\/fr\/wp-json\/wp\/v2\/pages\/256"}],"wp:attachment":[{"href":"https:\/\/www.aclanz.de\/fr\/wp-json\/wp\/v2\/media?parent=268"}],"curies":[{"name":"wp","href":"https:\/\/api.w.org\/{rel}","templated":true}]}}