{"id":264,"date":"2010-06-17T15:06:40","date_gmt":"2010-06-17T15:06:40","guid":{"rendered":"http:\/\/www.aclanz.de\/rechtsanwaelte"},"modified":"2021-10-12T08:34:52","modified_gmt":"2021-10-12T08:34:52","slug":"droit-du-commerce-et-des-societes","status":"publish","type":"page","link":"https:\/\/www.aclanz.de\/fr\/domaines-de-droits\/droit-du-commerce-et-des-societes\/","title":{"rendered":"Droit du commerce et des soci\u00e9t\u00e9s"},"content":{"rendered":"<div class=\"wpb-content-wrapper\"><p>[vc_row el_class=\u00a0\u00bbimage-holder-top\u00a0\u00bb el_id=\u00a0\u00bbBilder im Header\u00a0\u00bb][vc_column el_class=\u00a0\u00bbimage-holder\u00a0\u00bb][vc_column_text css=\u00a0\u00bb.vc_custom_1499867924550{margin-right: 0px !important;margin-left: 0px !important;border-right-width: 0px !important;border-left-width: 0px !important;padding-right: 0px !important;padding-left: 0px !important;}\u00a0\u00bb el_class=\u00a0\u00bbimage-holder-textarea-full\u00a0\u00bb]<img loading=\"lazy\" decoding=\"async\" class=\"alignnone size-full wp-image-9333\" src=\"http:\/\/www.aclanz.de\/wp-content\/uploads\/2017\/07\/aclanz-keyvisual-handelsrecht3.jpg\" alt=\"\" width=\"940\" height=\"373\" srcset=\"https:\/\/www.aclanz.de\/wp-content\/uploads\/2017\/07\/aclanz-keyvisual-handelsrecht3.jpg 940w, https:\/\/www.aclanz.de\/wp-content\/uploads\/2017\/07\/aclanz-keyvisual-handelsrecht3-300x119.jpg 300w, https:\/\/www.aclanz.de\/wp-content\/uploads\/2017\/07\/aclanz-keyvisual-handelsrecht3-768x305.jpg 768w, https:\/\/www.aclanz.de\/wp-content\/uploads\/2017\/07\/aclanz-keyvisual-handelsrecht3-260x103.jpg 260w, https:\/\/www.aclanz.de\/wp-content\/uploads\/2017\/07\/aclanz-keyvisual-handelsrecht3-50x20.jpg 50w, https:\/\/www.aclanz.de\/wp-content\/uploads\/2017\/07\/aclanz-keyvisual-handelsrecht3-150x60.jpg 150w\" sizes=\"auto, (max-width:767px) 480px, (max-width:940px) 100vw, 940px\" \/><img loading=\"lazy\" decoding=\"async\" class=\"alignnone size-full wp-image-9056\" src=\"http:\/\/www.aclanz.de\/wp-content\/uploads\/2017\/07\/handelsrecht-klein2.jpg\" alt=\"\" width=\"470\" height=\"380\" srcset=\"https:\/\/www.aclanz.de\/wp-content\/uploads\/2017\/07\/handelsrecht-klein2.jpg 470w, https:\/\/www.aclanz.de\/wp-content\/uploads\/2017\/07\/handelsrecht-klein2-300x243.jpg 300w, https:\/\/www.aclanz.de\/wp-content\/uploads\/2017\/07\/handelsrecht-klein2-181x146.jpg 181w, https:\/\/www.aclanz.de\/wp-content\/uploads\/2017\/07\/handelsrecht-klein2-50x40.jpg 50w, https:\/\/www.aclanz.de\/wp-content\/uploads\/2017\/07\/handelsrecht-klein2-93x75.jpg 93w\" sizes=\"auto, (max-width:767px) 470px, 470px\" \/>[\/vc_column_text][\/vc_column][\/vc_row][vc_row full_height=\u00a0\u00bbyes\u00a0\u00bb columns_placement=\u00a0\u00bbtop\u00a0\u00bb css=\u00a0\u00bb.vc_custom_1498593308809{margin-top: 0px !important;margin-bottom: 0px !important;border-top-width: 0px !important;border-bottom-width: 0px !important;padding-top: 0px !important;padding-bottom: 0px !important;}\u00a0\u00bb el_id=\u00a0\u00bbContent Text und Submenu\u00a0\u00bb][vc_column width=\u00a0\u00bb3\/4&Prime; el_class=\u00a0\u00bbsidebar-content\u00a0\u00bb][vc_column_text]<\/p>\n<h1>Droit du commerce et des soci\u00e9t\u00e9s<\/h1>\n<p>Nous conseillons des entreprises allemandes et des entreprises \u00e9trang\u00e8res implant\u00e9es en Allemagne ou d\u00e9sireuses de l\u2032\u00eatre sur les relations juridiques avec leurs partenaires commerciaux, tels que: des contrats des distribution, contrats d\u2032agence commerciale, contrats de service et de livraison, impl\u00e9mentation des conditions g\u00e9n\u00e9rales, etc. Les questions \u00e9voqu\u00e9es par le cadre du droit europ\u00e9en et les usages commerciaux seront trait\u00e9es tout en respectant les besoins pratiques des nos clients. En cas de conflit, nous prennons les mesures juridiques n\u00e9cessaires afin de prot\u00e9ger efficacement les int\u00e9r\u00eats commerciaux de nos clients.<\/p>\n<p>Nos comp\u00e9tences s\u2032adressent aussi aux clients en qualit\u00e9 d\u2032associ\u00e9,\u00a0actionnaire, soci\u00e9t\u00e9, ou g\u00e9rant:\u00a0 Nous les accompagnons de la cr\u00e9ation ou l\u2019acquisition, lors des restructurations\u00a0(filialisation, fusion, scission, changement de forme, financement),\u00a0 \u00e0 la liquidation, cession ou succession. Nos clients sont des groupes de soci\u00e9t\u00e9s \u00e0 l\u2019\u00e9chelle internationale et des entreprises moyennes qui sont g\u00e9r\u00e9es par des familles d\u2019entrepreneurs. Nous repr\u00e9sentons nos clients dans des conflits de droit des soci\u00e9t\u00e9s. Cela englobe la participation \u00e0 des assembl\u00e9es g\u00e9n\u00e9rales conflictuelles, des mesures d\u2019intervention dans des conflits, des proc\u00e8s aupr\u00e8s des tribunaux, des ordonnances de r\u00e9f\u00e9r\u00e9, des proc\u00e9dures d\u2019arbitrage, des m\u00e9diations.[\/vc_column_text][\/vc_column][vc_column width=\u00a0\u00bb1\/4&Prime; el_class=\u00a0\u00bbsidebar-gray\u00a0\u00bb css=\u00a0\u00bb.vc_custom_1498559811149{margin-top: 0px !important;margin-right: 0px !important;margin-left: 0px !important;border-top-width: 0px !important;border-right-width: 0px !important;border-left-width: 0px !important;padding-top: 0px !important;padding-right: 0px !important;padding-left: 0px !important;}\u00a0\u00bb][vc_wp_custommenu title=\u00a0\u00bbDomaines\u00a0\u00bb nav_menu=\u00a0\u00bb111&Prime; el_class=\u00a0\u00bbsidebar-menu\u00a0\u00bb][\/vc_column][\/vc_row]<\/p>\n<\/div>","protected":false},"excerpt":{"rendered":"<p>[vc_row el_class=\u00a0\u00bbimage-holder-top\u00a0\u00bb el_id=\u00a0\u00bbBilder im Header\u00a0\u00bb][vc_column el_class=\u00a0\u00bbimage-holder\u00a0\u00bb][vc_column_text css=\u00a0\u00bb.vc_custom_1499867924550{margin-right: 0px !important;margin-left: 0px !important;border-right-width: 0px !important;border-left-width: 0px !important;padding-right: 0px !important;padding-left: 0px !important;}\u00a0\u00bb el_class=\u00a0\u00bbimage-holder-textarea-full\u00a0\u00bb][\/vc_column_text][\/vc_column][\/vc_row][vc_row<span class=\"excerpt-hellip\"> [\u2026]<\/span><\/p>\n","protected":false},"author":9,"featured_media":0,"parent":256,"menu_order":0,"comment_status":"open","ping_status":"open","template":"","meta":{"_acf_changed":false,"footnotes":""},"class_list":["post-264","page","type-page","status-publish","hentry"],"acf":[],"_links":{"self":[{"href":"https:\/\/www.aclanz.de\/fr\/wp-json\/wp\/v2\/pages\/264","targetHints":{"allow":["GET"]}}],"collection":[{"href":"https:\/\/www.aclanz.de\/fr\/wp-json\/wp\/v2\/pages"}],"about":[{"href":"https:\/\/www.aclanz.de\/fr\/wp-json\/wp\/v2\/types\/page"}],"author":[{"embeddable":true,"href":"https:\/\/www.aclanz.de\/fr\/wp-json\/wp\/v2\/users\/9"}],"replies":[{"embeddable":true,"href":"https:\/\/www.aclanz.de\/fr\/wp-json\/wp\/v2\/comments?post=264"}],"version-history":[{"count":5,"href":"https:\/\/www.aclanz.de\/fr\/wp-json\/wp\/v2\/pages\/264\/revisions"}],"predecessor-version":[{"id":12605,"href":"https:\/\/www.aclanz.de\/fr\/wp-json\/wp\/v2\/pages\/264\/revisions\/12605"}],"up":[{"embeddable":true,"href":"https:\/\/www.aclanz.de\/fr\/wp-json\/wp\/v2\/pages\/256"}],"wp:attachment":[{"href":"https:\/\/www.aclanz.de\/fr\/wp-json\/wp\/v2\/media?parent=264"}],"curies":[{"name":"wp","href":"https:\/\/api.w.org\/{rel}","templated":true}]}}