{"id":260,"date":"2010-06-17T15:05:43","date_gmt":"2010-06-17T15:05:43","guid":{"rendered":"http:\/\/www.aclanz.de\/rechtsanwaelte"},"modified":"2025-07-02T09:45:43","modified_gmt":"2025-07-02T09:45:43","slug":"droit-du-travail","status":"publish","type":"page","link":"https:\/\/www.aclanz.de\/fr\/domaines-de-droits\/droit-du-travail\/","title":{"rendered":"Droit du travail"},"content":{"rendered":"<div class=\"wpb-content-wrapper\"><p>[vc_row el_class=\u00a0\u00bbimage-holder-top\u00a0\u00bb el_id=\u00a0\u00bbBilder im Header\u00a0\u00bb][vc_column el_class=\u00a0\u00bbimage-holder\u00a0\u00bb][vc_column_text css=\u00a0\u00bb.vc_custom_1499846798833{margin-right: 0px !important;margin-left: 0px !important;border-right-width: 0px !important;border-left-width: 0px !important;padding-right: 0px !important;padding-left: 0px !important;}\u00a0\u00bb el_class=\u00a0\u00bbimage-holder-textarea-full\u00a0\u00bb]<img loading=\"lazy\" decoding=\"async\" class=\"alignnone size-full wp-image-9075\" src=\"http:\/\/www.aclanz.de\/wp-content\/uploads\/2017\/07\/aclanz-keyvisual-arbeitsrecht2.jpg\" alt=\"\" width=\"940\" height=\"373\" srcset=\"https:\/\/www.aclanz.de\/wp-content\/uploads\/2017\/07\/aclanz-keyvisual-arbeitsrecht2.jpg 940w, https:\/\/www.aclanz.de\/wp-content\/uploads\/2017\/07\/aclanz-keyvisual-arbeitsrecht2-300x119.jpg 300w, https:\/\/www.aclanz.de\/wp-content\/uploads\/2017\/07\/aclanz-keyvisual-arbeitsrecht2-768x305.jpg 768w, https:\/\/www.aclanz.de\/wp-content\/uploads\/2017\/07\/aclanz-keyvisual-arbeitsrecht2-260x103.jpg 260w, https:\/\/www.aclanz.de\/wp-content\/uploads\/2017\/07\/aclanz-keyvisual-arbeitsrecht2-50x20.jpg 50w, https:\/\/www.aclanz.de\/wp-content\/uploads\/2017\/07\/aclanz-keyvisual-arbeitsrecht2-150x60.jpg 150w\" sizes=\"auto, (max-width:767px) 480px, (max-width:940px) 100vw, 940px\" \/><img loading=\"lazy\" decoding=\"async\" class=\"alignnone size-full wp-image-9074\" src=\"http:\/\/www.aclanz.de\/wp-content\/uploads\/2017\/07\/arbeitsrecht-klein2.jpg\" alt=\"\" width=\"470\" height=\"380\" srcset=\"https:\/\/www.aclanz.de\/wp-content\/uploads\/2017\/07\/arbeitsrecht-klein2.jpg 470w, https:\/\/www.aclanz.de\/wp-content\/uploads\/2017\/07\/arbeitsrecht-klein2-300x243.jpg 300w, https:\/\/www.aclanz.de\/wp-content\/uploads\/2017\/07\/arbeitsrecht-klein2-181x146.jpg 181w, https:\/\/www.aclanz.de\/wp-content\/uploads\/2017\/07\/arbeitsrecht-klein2-50x40.jpg 50w, https:\/\/www.aclanz.de\/wp-content\/uploads\/2017\/07\/arbeitsrecht-klein2-93x75.jpg 93w\" sizes=\"auto, (max-width:767px) 470px, 470px\" \/>[\/vc_column_text][\/vc_column][\/vc_row][vc_row full_height=\u00a0\u00bbyes\u00a0\u00bb columns_placement=\u00a0\u00bbtop\u00a0\u00bb css=\u00a0\u00bb.vc_custom_1498593308809{margin-top: 0px !important;margin-bottom: 0px !important;border-top-width: 0px !important;border-bottom-width: 0px !important;padding-top: 0px !important;padding-bottom: 0px !important;}\u00a0\u00bb el_id=\u00a0\u00bbContent Text und Submenu\u00a0\u00bb][vc_column width=\u00a0\u00bb3\/4&Prime; el_class=\u00a0\u00bbsidebar-content\u00a0\u00bb][vc_column_text css=\u00a0\u00bb\u00a0\u00bb]<\/p>\n<h1>Droit du travail<\/h1>\n<p>Nous conseillons des entreprises allemandes et internationales, par exemple sur des questions de droit du travail de leur quotidien, ainsi que dans la r\u00e9daction de contrats de travail, de r\u00e9siliation, sur des relations avec les comit\u00e9s d\u2019entreprise, sur des question r\u00e9latives aux r\u00e8gles sur le protection des donn\u00e9es. D\u2019autre part, dans des projets de droit du travail plus large tels que restructuration, plan social, lancement ou r\u00e9duction d\u2019un r\u00e9gime de retraite, mise au point de syst\u00e8mes de r\u00e9mun\u00e9ration pour les cadres dirigeants, gestion et accompagnement dans les n\u00e9gociations de conventions collectives.<\/p>\n<p>Nous conseillons des dirigeants d\u2019entreprise, dont des membres de conseil d\u2019administration ou de directoires, dans la r\u00e9daction de contrats, les conventions d\u2019objectifs et de primes, la clause de non-concurrence et les actes de concurrence d\u00e9loyale, la rupture du contrat et le contrat de r\u00e9siliation.<\/p>\n<p>Dans certains cas, nous conseillons les comit\u00e9s d&rsquo;entreprise sur des questions de droit du travail collectif, notamment sur la conciliation des int\u00e9r\u00eats et les plans sociaux. Nous disposons d&rsquo;une exp\u00e9rience particuli\u00e8re dans la repr\u00e9sentation de comit\u00e9s d&rsquo;entreprise d&rsquo;entreprises internationales du secteur financier.<\/p>\n<p>Nous repr\u00e9sentons nos clients dans des n\u00e9gociations devant les juridictions sociales (conseil de prud\u2019hommes) et, s\u2019il le faut, jusque devant la Cour f\u00e9d\u00e9rale du droit de travail (Bundesarbeitsgericht) et dans des proc\u00e9dures de r\u00e8glements amiables, de m\u00eame que dans les comit\u00e9s de conciliation d\u2019entreprise o\u00f9 nous avons aussi une grande exp\u00e9rience.<\/p>\n<p>Nous soutenons nos clients, employeurs, leurs employ\u00e9s\/stagiaires en ce qui concerne des questions des expatri\u00e9s, par exemple des questions \u00e0 propos des permits de s\u00e9jours et de travail en Allemagne et en Europe.<\/p>\n<p>Nous donnons des cours pour la formation interne des cadres des entreprises, par exemple: Droit du travail pour les cadres, les relations entre la gestion et le comit\u00e9 d\u2019entreprise ou la protection contre les discriminations au travail.[\/vc_column_text][\/vc_column][vc_column width=\u00a0\u00bb1\/4&Prime; el_class=\u00a0\u00bbsidebar-gray\u00a0\u00bb css=\u00a0\u00bb.vc_custom_1498559811149{margin-top: 0px !important;margin-right: 0px !important;margin-left: 0px !important;border-top-width: 0px !important;border-right-width: 0px !important;border-left-width: 0px !important;padding-top: 0px !important;padding-right: 0px !important;padding-left: 0px !important;}\u00a0\u00bb][vc_wp_custommenu title=\u00a0\u00bbDomaines\u00a0\u00bb nav_menu=\u00a0\u00bb111&Prime; el_class=\u00a0\u00bbsidebar-menu\u00a0\u00bb][\/vc_column][\/vc_row]<\/p>\n<\/div>","protected":false},"excerpt":{"rendered":"<p>[vc_row el_class=\u00a0\u00bbimage-holder-top\u00a0\u00bb el_id=\u00a0\u00bbBilder im Header\u00a0\u00bb][vc_column el_class=\u00a0\u00bbimage-holder\u00a0\u00bb][vc_column_text css=\u00a0\u00bb.vc_custom_1499846798833{margin-right: 0px !important;margin-left: 0px !important;border-right-width: 0px !important;border-left-width: 0px !important;padding-right: 0px !important;padding-left: 0px !important;}\u00a0\u00bb el_class=\u00a0\u00bbimage-holder-textarea-full\u00a0\u00bb][\/vc_column_text][\/vc_column][\/vc_row][vc_row<span class=\"excerpt-hellip\"> [\u2026]<\/span><\/p>\n","protected":false},"author":9,"featured_media":-1,"parent":256,"menu_order":0,"comment_status":"open","ping_status":"open","template":"","meta":{"_acf_changed":false,"footnotes":""},"class_list":["post-260","page","type-page","status-publish","has-post-thumbnail","hentry"],"acf":[],"_links":{"self":[{"href":"https:\/\/www.aclanz.de\/fr\/wp-json\/wp\/v2\/pages\/260","targetHints":{"allow":["GET"]}}],"collection":[{"href":"https:\/\/www.aclanz.de\/fr\/wp-json\/wp\/v2\/pages"}],"about":[{"href":"https:\/\/www.aclanz.de\/fr\/wp-json\/wp\/v2\/types\/page"}],"author":[{"embeddable":true,"href":"https:\/\/www.aclanz.de\/fr\/wp-json\/wp\/v2\/users\/9"}],"replies":[{"embeddable":true,"href":"https:\/\/www.aclanz.de\/fr\/wp-json\/wp\/v2\/comments?post=260"}],"version-history":[{"count":5,"href":"https:\/\/www.aclanz.de\/fr\/wp-json\/wp\/v2\/pages\/260\/revisions"}],"predecessor-version":[{"id":14056,"href":"https:\/\/www.aclanz.de\/fr\/wp-json\/wp\/v2\/pages\/260\/revisions\/14056"}],"up":[{"embeddable":true,"href":"https:\/\/www.aclanz.de\/fr\/wp-json\/wp\/v2\/pages\/256"}],"wp:featuredmedia":[{"embeddable":true,"href":"https:\/\/www.aclanz.de\/fr\/wp-json\/"}],"wp:attachment":[{"href":"https:\/\/www.aclanz.de\/fr\/wp-json\/wp\/v2\/media?parent=260"}],"curies":[{"name":"wp","href":"https:\/\/api.w.org\/{rel}","templated":true}]}}