{"id":225,"date":"2010-06-30T14:43:47","date_gmt":"2010-06-30T14:43:47","guid":{"rendered":"http:\/\/www.aclanz.de\/rechtsanwaelte"},"modified":"2025-07-07T06:44:29","modified_gmt":"2025-07-07T06:44:29","slug":"mentions-legales","status":"publish","type":"page","link":"https:\/\/www.aclanz.de\/fr\/mentions-legales\/","title":{"rendered":"Mentions L\u00e9gales"},"content":{"rendered":"<div class=\"wpb-content-wrapper\"><p>[vc_row el_class=\u00a0\u00bbimage-holder-top\u00a0\u00bb el_id=\u00a0\u00bbBilder im Header\u00a0\u00bb][vc_column el_class=\u00a0\u00bbimage-holder\u00a0\u00bb][vc_column_text css=\u00a0\u00bb.vc_custom_1499098314846{margin-right: 0px !important;margin-left: 0px !important;border-right-width: 0px !important;border-left-width: 0px !important;padding-right: 0px !important;padding-left: 0px !important;}\u00a0\u00bb el_class=\u00a0\u00bbimage-holder-textarea-full\u00a0\u00bb]<img loading=\"lazy\" decoding=\"async\" class=\"alignnone size-full wp-image-7057\" src=\"http:\/\/www.aclanz.de\/wp-content\/uploads\/2016\/07\/aclanz-keyvisual-agb.jpg\" alt=\"aclanz Rechtsanw\u00e4lte Frankfurt am Main\" width=\"940\" height=\"373\" srcset=\"https:\/\/www.aclanz.de\/wp-content\/uploads\/2016\/07\/aclanz-keyvisual-agb.jpg 940w, https:\/\/www.aclanz.de\/wp-content\/uploads\/2016\/07\/aclanz-keyvisual-agb-300x119.jpg 300w, https:\/\/www.aclanz.de\/wp-content\/uploads\/2016\/07\/aclanz-keyvisual-agb-768x305.jpg 768w, https:\/\/www.aclanz.de\/wp-content\/uploads\/2016\/07\/aclanz-keyvisual-agb-260x103.jpg 260w, https:\/\/www.aclanz.de\/wp-content\/uploads\/2016\/07\/aclanz-keyvisual-agb-50x20.jpg 50w, https:\/\/www.aclanz.de\/wp-content\/uploads\/2016\/07\/aclanz-keyvisual-agb-150x60.jpg 150w\" sizes=\"auto, (max-width:767px) 480px, (max-width:940px) 100vw, 940px\" \/>[\/vc_column_text][\/vc_column][\/vc_row][vc_row full_height=\u00a0\u00bbyes\u00a0\u00bb columns_placement=\u00a0\u00bbtop\u00a0\u00bb css=\u00a0\u00bb.vc_custom_1498593308809{margin-top: 0px !important;margin-bottom: 0px !important;border-top-width: 0px !important;border-bottom-width: 0px !important;padding-top: 0px !important;padding-bottom: 0px !important;}\u00a0\u00bb el_id=\u00a0\u00bbContent Text und Submenu\u00a0\u00bb][vc_column width=\u00a0\u00bb3\/4&Prime; el_class=\u00a0\u00bbsidebar-content\u00a0\u00bb][vc_column_text css=\u00a0\u00bb\u00a0\u00bb]<\/p>\n<h1>MENTIONS L\u00c9GALES<\/h1>\n<p><strong>aclanz<\/strong> Rechtsanw\u00e4lte<br \/>\nHund-von Hagen &amp; Wichert<br \/>\nPartnerschaft von Rechtsanw\u00e4lten mbB<\/p>\n<p>Maison m\u00e8re \u00e0 Francfort-sur-le-Main:<br \/>\nAlemanniahaus, An der Hauptwache 11<br \/>\n60313 Francfort-sur-le-Main<br \/>\nT +49 69 \/ 2 97 28 73 \u2013 0<br \/>\nF +49 69 \/ 2 97 28 73 \u2013 10<br \/>\n<a href=\"&#x6d;&#97;i&#x6c;&#116;o&#x3a;&#105;n&#x66;&#111;&#64;&#x61;&#99;l&#x61;&#x6e;z&#x2e;&#x64;&#101;\">&#x69;&#x6e;&#x66;&#x6f;&#x40;&#x61;&#99;&#108;&#97;&#110;z&#46;de<\/a><\/p>\n<p>Succursale \u00e0 Berlin:<br \/>\nPalais am Pariser Platz, Pariser Platz 6a<br class=\"\" \/>10117 Berlin<br class=\"\" \/>T +49 30 \/ 21 48 02 28\u00a0\u2013\u00a00<br \/>\nF +49 30 \/ 21 48 02 28\u00a0\u2013 1<br \/>\n<a href=\"&#109;a&#105;l&#116;o&#x3a;i&#x6e;f&#x6f;&#64;&#x61;c&#x6c;a&#x6e;z&#x2e;d&#x65;\">&#105;&#x6e;f&#x6f;&#64;&#97;&#x63;&#108;&#x61;n&#122;&#x2e;&#100;&#x65;<\/a><\/p>\n<p>&nbsp;<\/p>\n<h3>ASSOCI\u00c9S<\/h3>\n<p>Joachim Hund-von Hagen<br \/>\nDr. Joachim Wichert<br \/>\nSabrina Fehr<\/p>\n<p>&nbsp;<\/p>\n<h3>FORME JURIDIQUE, REGISTRE, SI\u00c8GE<\/h3>\n<p><strong>aclanz <\/strong>est une soci\u00e9t\u00e9 civile professionnelle d\u2019avocats dans la form juridique allemande de Partnerschaftsgesellschaft mbB ayant son si\u00e8ge social \u00e0 Francfort-sur-le-Main et une succursale \u00e0 Berlin conform\u00e9ment \u00e0 la loi allemande sur les soci\u00e9t\u00e9s civiles professionnelles, immatricul\u00e9e au registre de l\u2019Amtsgericht (Tribunal d\u2019instance) de Francfort-sur-le-Main, PR N\u00b0 1882 et admis \u00e0 exercer en tant que soci\u00e9t\u00e9 professionnelle (Berufsaus\u00fcbungsgesellschaft) selon les articles 59f, 59g BRAO (loi f\u00e9d\u00e9rale sur les avocats).<\/p>\n<p>N\u00b0 d\u2019identification de TVA: DE270121633<\/p>\n<p>&nbsp;<\/p>\n<h3><strong>R\u00c8GLEMENTS PROFESSIONNELS APPLICABLES AUX AVOCATS<\/strong><\/h3>\n<p>Les avocats du cabinet sont agr\u00e9\u00e9s conform\u00e9ment\u00a0\u00e0 la\u00a0loi de la\u00a0R\u00e9publique F\u00e9d\u00e9rale Allemande. Le droit professionnel qui leur est applicable est la Bundesrechtsanwaltsordnung (loi f\u00e9d\u00e9rale sur les avocats), le Berufsordnung (r\u00e8glement d\u00e9ontologique de la profession), le Fachanwaltsordnung (r\u00e8glement sur les avocats sp\u00e9cialis\u00e9s), la Rechtsanwaltsverg\u00fctunggesetz (loi sur la r\u00e9mun\u00e9ration des avocats) et le CCBE code de d\u00e9ontologie des avocats europ\u00e9ens. Vous pouvez trouver ces textes sous\u00a0<a href=\"https:\/\/www.brak.de\/anwaltschaft\/berufsrecht\/allgemeine-informationen\/\" target=\"_blank\" rel=\"noopener\">www.brak.de<\/a>\u00a0dans les rubriques \u00ab\u00a0Berufsrecht \u00bb et \u00a0\u00ab\u00a0Geb\u00fchren und Honoare\u00a0\u00bb.<\/p>\n<h3><strong>CHAMBRE DES AVOCATS COMP\u00c9TENTE<\/strong><\/h3>\n<p>Rechtsanwaltskammer Francfort<br \/>\nBockenheimer Anlage 36<br \/>\n60322 Francfort-sur-le-Main<br \/>\n<a href=\"http:\/\/www.rechtsanwaltskammer-ffm.de\/\">www.rechtsanwaltskammer-ffm.de<\/a><\/p>\n<p>&nbsp;<\/p>\n<h3><strong>R\u00c8GLEMENTS PROFESSIONNELS APPLICABLES AUX NOTAIRES<\/strong><\/h3>\n<p>La notaire Sabrina Fehr est membre de la Chambre des notaires de Francfort-sur-le-Main. Le titre professionnel de \u00ab notaire \u00bb lui a \u00e9t\u00e9 conf\u00e9r\u00e9 en R\u00e9publique f\u00e9d\u00e9rale d&rsquo;Allemagne.<\/p>\n<p>&nbsp;<\/p>\n<p>Les autorit\u00e9s de surveillance comp\u00e9tentes conform\u00e9ment au \u00a7 92 BNotO sont :<\/p>\n<p>&nbsp;<\/p>\n<ol>\n<li>Le pr\u00e9sident du tribunal r\u00e9gional de Francfort-sur-le-Main<br \/>\nGerichtsstra\u00dfe 2, 60313 Francfort-sur-le-Main<br \/>\nT +49 69 1367 01<br \/>\nF +49 69 1367 6050<br \/>\n<a href=\"m&#97;&#x69;&#x6c;t&#111;&#x3a;&#x76;e&#114;&#x77;&#x61;l&#116;&#x75;&#x6e;g&#64;&#x6c;&#x67;-&#102;&#114;&#x61;&#x6e;k&#102;&#x75;&#x72;t&#46;&#x6a;&#x75;s&#116;&#x69;&#x7a;&#46;&#104;&#x65;&#x73;s&#101;&#x6e;&#x2e;d&#101;\">&#x76;&#x65;&#x72;&#x77;&#97;&#108;&#116;un&#x67;&#x40;&#x6c;&#x67;&#x2d;&#102;&#114;&#97;nk&#x66;&#x75;&#x72;&#x74;&#x2e;&#106;&#117;&#115;ti&#x7a;&#x2e;&#x68;&#x65;&#x73;&#115;&#101;&#110;&#46;d&#x65;<\/a><\/li>\n<li>Le pr\u00e9sident de la Cour d&rsquo;appel de Francfort-sur-le-Main<br \/>\nZeil 42, 60313 Francfort-sur-le-Main<br \/>\nT +49 69 1367 01<br \/>\nF +49 69 1367 2340<br \/>\n<a href=\"&#109;&#x61;i&#108;&#x74;o&#58;&#x76;e&#114;&#x77;a&#108;&#x74;&#117;&#x6e;&#x67;&#64;&#x6f;&#x6c;&#103;&#x2d;f&#114;&#x61;n&#107;&#x66;u&#114;&#x74;&#46;&#106;&#x75;&#115;&#x74;&#x69;&#122;&#x2e;&#x68;&#101;&#x73;s&#101;&#x6e;&#46;&#100;&#x65;\">verwal&#116;&#117;&#110;&#103;&#64;&#111;&#108;&#x67;&#x2d;&#x66;&#x72;&#x61;&#x6e;&#x6b;&#x66;&#x75;&#x72;&#x74;&#x2e;justiz&#46;&#104;&#101;&#115;&#115;&#101;&#110;&#x2e;&#x64;&#x65;<\/a><\/li>\n<li>Minist\u00e8re de la Justice de Hesse<br \/>\nLuisenstra\u00dfe 13, 65185 Wiesbaden<br \/>\nT +49 611 32 \u2013 0<br \/>\nF +49 611 32714 \u2013 2763<br \/>\n<a href=\"&#109;&#x61;i&#x6c;&#x74;&#111;&#x3a;p&#111;&#x73;&#116;&#x73;t&#101;&#x6c;l&#x65;&#64;&#104;&#x6d;d&#x6a;&#x2e;&#104;&#x65;s&#115;&#x65;&#110;&#x2e;d&#101;\">&#x70;&#x6f;&#x73;&#x74;&#x73;&#x74;&#x65;&#x6c;&#x6c;&#x65;&#x40;&#x68;&#x6d;&#x64;&#106;&#46;&#104;&#101;&#115;&#115;&#101;&#110;&#46;&#100;&#101;<\/a><\/li>\n<\/ol>\n<p>&nbsp;<\/p>\n<p>Les dispositions professionnelles applicables sont la loi f\u00e9d\u00e9rale sur le notariat (BNotO), la loi sur l&rsquo;authentification (BeurkG), le r\u00e8glement sur la tenue des actes et registres notariaux (NotAktVV), les directives des chambres des notaires, le r\u00e8glement de service des notaires (DONot) et la loi sur les frais de justice et de notaire (GNotKG).<\/p>\n<p>&nbsp;<\/p>\n<p>Toutes les dispositions professionnelles sont disponibles \u00e0 l&rsquo;adresse suivante : <a href=\"https:\/\/www.notar.de\/der-notar\/berufsrecht\">https:\/\/www.notar.de\/der-notar\/berufsrecht<\/a> .<\/p>\n<p>&nbsp;<\/p>\n<h3><strong>ASSURANCE RESPONSABILIT\u00c9 PROFESSIONNELLE<\/strong><\/h3>\n<p>ergo\u00a0Versicherung AG<br \/>\nVictoriaplatz 1<br \/>\n40477 D\u00fcsseldorf<br \/>\nDomaine d\u2019application:\u00a0mondial<\/p>\n<p>&nbsp;<\/p>\n<h3><strong>R\u00c8GLEMENT DES LITIGES CONSOMMATEURS<\/strong><\/h3>\n<p>Le site de la UE pour le r\u00e8glement extrajudiciaire des litiges relatifs aux transactions en ligne avec des consommateurs: <a href=\"https:\/\/ec.europa.eu\/consumers\/odr\/main\/?event=main.home2.show\">R\u00e8glement en ligne des litiges | Commission europ\u00e9enne<\/a> . L&rsquo;instance de conciliation comp\u00e9tente pour les litiges patrimoniaux d\u00e9coulant d&rsquo;un mandat est l&rsquo;instance de conciliation de l&rsquo;ordre des avocats, Rauchstra\u00dfe 26, 10787 Berlin, Allemagne : <a href=\"http:\/\/www.schlichtungsstelle-der-rechtsanwaltschaft.de\">www.schlichtungsstelle-der-rechtsanwaltschaft.de<\/a>. aclanz n\u00b4est pas oblig\u00e9 \u00e0 participer \u00e0 un r\u00e8glement extrajudiciaire des litiges par un organisme consommateur de r\u00e8glement des litiges et g\u00e9n\u00e9ralement aclanz n\u00b4y participe pas sans une \u00e9valuation individuelle du cas. aclanz ne s\u00b4engage pas \u00e0 une telle \u00e9valuation individuelle.<\/p>\n<p>&nbsp;<\/p>\n<h3>R\u00c8GLEMENTS PROFESSIONNELS<\/h3>\n<p>Les avocats du cabinet sont agr\u00e9\u00e9s conform\u00e9ment\u00a0\u00e0 la\u00a0loi de la\u00a0R\u00e9publique F\u00e9d\u00e9rale Allemande. Le droit professionnel qui leur est applicable est la Bundesrechtsanwaltsordnung (loi f\u00e9d\u00e9rale sur les avocats), le Berufsordnung (r\u00e8glement d\u00e9ontologique de la profession), le Fachanwaltsordnung (r\u00e8glement sur les avocats sp\u00e9cialis\u00e9s), la Rechtsanwaltsverg\u00fctunggesetz (loi sur la r\u00e9mun\u00e9ration des avocats) et le CCBE code de d\u00e9ontologie des avocats europ\u00e9ens. Vous pouvez trouver ces textes sous <a href=\"https:\/\/www.brak.de\/anwaltschaft\/berufsrecht\/allgemeine-informationen\/\" target=\"_blank\" rel=\"noopener\">www.brak.de <\/a>dans les rubriques \u00ab\u00a0Berufsrecht \u00bb et \u00a0\u00ab\u00a0Geb\u00fchren und Honoare\u00a0\u00bb.<\/p>\n<p>&nbsp;<\/p>\n<h3>ASSURANCE RESPONSABILIT\u00c9 PROFESSIONNELLE<\/h3>\n<p>ergo\u00a0Versicherung AG<br \/>\nVictoriaplatz 1<br \/>\n40477 D\u00fcsseldorf<br \/>\nDomaine d\u2019application:\u00a0mondial<\/p>\n<p>&nbsp;<\/p>\n<h3>CHAMBRE DES AVOCATS COMP\u00c9TENTE<\/h3>\n<p>Rechtsanwaltskammer Francfort<br \/>\nBockenheimer Anlage 36<br \/>\n60322 Francfort-sur-le-Main<br \/>\n<a href=\"http:\/\/www.rechtsanwaltskammer-ffm.de\/\" target=\"_blank\" rel=\"noopener\">www.rechtsanwaltskammer-ffm.de<\/a><\/p>\n<p>&nbsp;<\/p>\n<h3>R\u00c8GLEMENT DES LITIGES CONSOMMATEURS<\/h3>\n<p>Le site de la UE pour le r\u00e8glement extrajudiciaire des litiges relatifs aux transactions en ligne avec des consommateurs:<br \/>\n<a href=\"https:\/\/webgate.ec.europa.eu\/odr\/main\/index.cfm?event=main.home.show&amp;lng=FR\" target=\"_blank\" rel=\"noopener\">https:\/\/webgate.ec.europa.eu\/odr\/main\/index.cfm?event=main.home.show&amp;lng=FR<br \/>\n<\/a>aclanz n\u00b4est pas oblig\u00e9 \u00e0 participer \u00e0 un r\u00e8glement extrajudiciaire des litiges par un organisme consommateur de r\u00e8glement des litiges et g\u00e9n\u00e9ralement aclanz n\u00b4y participe pas sans une \u00e9valuation individuelle du cas. aclanz ne s\u00b4engage pas \u00e0 une telle \u00e9valuation individuelle.<\/p>\n<p>Veuillez trouver\u00a0\u00a0<a href=\"http:\/\/www.aclanz.de\/kontakt\/disclaimer\" target=\"_blank\" rel=\"noopener\">ici<\/a> la clause de limitation de responsabilit\u00e9 pour cette page d\u2019accueil en allemand et une traduction en anglais <a href=\"http:\/\/www.aclanz.de\/en\/contact-us\/disclaimer-english\" target=\"_blank\" rel=\"noopener\">ici<\/a>, s\u2019il vous plait.[\/vc_column_text][\/vc_column][\/vc_row]<\/p>\n<\/div>","protected":false},"excerpt":{"rendered":"<p>[vc_row el_class=\u00a0\u00bbimage-holder-top\u00a0\u00bb el_id=\u00a0\u00bbBilder im Header\u00a0\u00bb][vc_column el_class=\u00a0\u00bbimage-holder\u00a0\u00bb][vc_column_text css=\u00a0\u00bb.vc_custom_1499098314846{margin-right: 0px !important;margin-left: 0px !important;border-right-width: 0px !important;border-left-width: 0px !important;padding-right: 0px !important;padding-left: 0px !important;}\u00a0\u00bb el_class=\u00a0\u00bbimage-holder-textarea-full\u00a0\u00bb][\/vc_column_text][\/vc_column][\/vc_row][vc_row<span class=\"excerpt-hellip\"> [\u2026]<\/span><\/p>\n","protected":false},"author":9,"featured_media":-1,"parent":0,"menu_order":0,"comment_status":"open","ping_status":"open","template":"","meta":{"_acf_changed":false,"footnotes":""},"class_list":["post-225","page","type-page","status-publish","has-post-thumbnail","hentry"],"acf":[],"_links":{"self":[{"href":"https:\/\/www.aclanz.de\/fr\/wp-json\/wp\/v2\/pages\/225","targetHints":{"allow":["GET"]}}],"collection":[{"href":"https:\/\/www.aclanz.de\/fr\/wp-json\/wp\/v2\/pages"}],"about":[{"href":"https:\/\/www.aclanz.de\/fr\/wp-json\/wp\/v2\/types\/page"}],"author":[{"embeddable":true,"href":"https:\/\/www.aclanz.de\/fr\/wp-json\/wp\/v2\/users\/9"}],"replies":[{"embeddable":true,"href":"https:\/\/www.aclanz.de\/fr\/wp-json\/wp\/v2\/comments?post=225"}],"version-history":[{"count":5,"href":"https:\/\/www.aclanz.de\/fr\/wp-json\/wp\/v2\/pages\/225\/revisions"}],"predecessor-version":[{"id":14065,"href":"https:\/\/www.aclanz.de\/fr\/wp-json\/wp\/v2\/pages\/225\/revisions\/14065"}],"wp:featuredmedia":[{"embeddable":true,"href":"https:\/\/www.aclanz.de\/fr\/wp-json\/"}],"wp:attachment":[{"href":"https:\/\/www.aclanz.de\/fr\/wp-json\/wp\/v2\/media?parent=225"}],"curies":[{"name":"wp","href":"https:\/\/api.w.org\/{rel}","templated":true}]}}