{"id":14133,"date":"2025-09-15T11:05:00","date_gmt":"2025-09-15T11:05:00","guid":{"rendered":"https:\/\/www.aclanz.de\/?page_id=14133"},"modified":"2025-09-15T11:05:00","modified_gmt":"2025-09-15T11:05:00","slug":"brexit-helpdesk","status":"publish","type":"page","link":"https:\/\/www.aclanz.de\/fr\/brexit-helpdesk\/","title":{"rendered":"Brexit Help Desk"},"content":{"rendered":"<div class=\"wpb-content-wrapper\"><p>[vc_row el_class=\u00a0\u00bbimage-holder-top\u00a0\u00bb el_id=\u00a0\u00bbBilder im Header\u00a0\u00bb][vc_column el_class=\u00a0\u00bbimage-holder\u00a0\u00bb][vc_column_text css=\u00a0\u00bb.vc_custom_1757934242953{margin-right: 0px !important;margin-left: 0px !important;border-right-width: 0px !important;border-left-width: 0px !important;padding-right: 0px !important;padding-left: 0px !important;}\u00a0\u00bb el_class=\u00a0\u00bbimage-holder-textarea-full\u00a0\u00bb]<img loading=\"lazy\" decoding=\"async\" class=\"alignnone size-full wp-image-7057\" src=\"https:\/\/www.aclanz.de\/wp-content\/uploads\/2025\/09\/aclanz_keyvisual_brexit-helpdesk.jpg\" alt=\"Brexit Helpdesk by aclanz Rechtsanw\u00e4lte Frankfurt am Main \u2013 Notariat\" width=\"940\" height=\"373\" \/><img loading=\"lazy\" decoding=\"async\" class=\"alignnone size-full wp-image-9074\" src=\"https:\/\/www.aclanz.de\/wp-content\/uploads\/2025\/09\/aclanz_keyvisual_brexit-helpdesk-mobile.jpg\" alt=\"Brexit Helpdesk by aclanz Rechtsanw\u00e4lte Frankfurt am Main \u2013 Notariat\" width=\"470\" height=\"380\" \/>[\/vc_column_text][\/vc_column][\/vc_row][vc_row full_height=\u00a0\u00bbyes\u00a0\u00bb columns_placement=\u00a0\u00bbtop\u00a0\u00bb css=\u00a0\u00bb.vc_custom_1498593308809{margin-top: 0px !important;margin-bottom: 0px !important;border-top-width: 0px !important;border-bottom-width: 0px !important;padding-top: 0px !important;padding-bottom: 0px !important;}\u00a0\u00bb el_id=\u00a0\u00bbContent Text und Submenu\u00a0\u00bb][vc_column width=\u00a0\u00bb3\/4&Prime; el_class=\u00a0\u00bbsidebar-content\u00a0\u00bb][vc_column_text css=\u00a0\u00bb\u00a0\u00bb]<\/p>\n<h1>Brexit Help Desk<\/h1>\n<p>Vous avez \u00e9t\u00e9 redirig\u00e9(e) depuis le site brexit-helpdesk.com. Le site brexit-helpdesk.com a \u00e9t\u00e9 propos\u00e9 par nos soins jusqu&rsquo;en 2018 en raison des \u00e9v\u00e9nements de l&rsquo;\u00e9poque. Si vous avez des questions sur la situation juridique actuelle par rapport \u00e0 la Grande-Bretagne, vous pouvez nous contacter via notre <a href=\"https:\/\/www.aclanz.de\/fr\">page d&rsquo;accueil<\/a> actuelle.[\/vc_column_text][\/vc_column][\/vc_row]<\/p>\n<\/div>","protected":false},"excerpt":{"rendered":"<p>[vc_row el_class=\u00a0\u00bbimage-holder-top\u00a0\u00bb el_id=\u00a0\u00bbBilder im Header\u00a0\u00bb][vc_column el_class=\u00a0\u00bbimage-holder\u00a0\u00bb][vc_column_text css=\u00a0\u00bb.vc_custom_1757934242953{margin-right: 0px !important;margin-left: 0px !important;border-right-width: 0px !important;border-left-width: 0px !important;padding-right: 0px !important;padding-left: 0px !important;}\u00a0\u00bb el_class=\u00a0\u00bbimage-holder-textarea-full\u00a0\u00bb][\/vc_column_text][\/vc_column][\/vc_row][vc_row<span class=\"excerpt-hellip\"> [\u2026]<\/span><\/p>\n","protected":false},"author":9,"featured_media":-1,"parent":0,"menu_order":0,"comment_status":"open","ping_status":"closed","template":"","meta":{"_acf_changed":false,"footnotes":""},"class_list":["post-14133","page","type-page","status-publish","has-post-thumbnail","hentry"],"acf":[],"_links":{"self":[{"href":"https:\/\/www.aclanz.de\/fr\/wp-json\/wp\/v2\/pages\/14133","targetHints":{"allow":["GET"]}}],"collection":[{"href":"https:\/\/www.aclanz.de\/fr\/wp-json\/wp\/v2\/pages"}],"about":[{"href":"https:\/\/www.aclanz.de\/fr\/wp-json\/wp\/v2\/types\/page"}],"author":[{"embeddable":true,"href":"https:\/\/www.aclanz.de\/fr\/wp-json\/wp\/v2\/users\/9"}],"replies":[{"embeddable":true,"href":"https:\/\/www.aclanz.de\/fr\/wp-json\/wp\/v2\/comments?post=14133"}],"version-history":[{"count":1,"href":"https:\/\/www.aclanz.de\/fr\/wp-json\/wp\/v2\/pages\/14133\/revisions"}],"predecessor-version":[{"id":14145,"href":"https:\/\/www.aclanz.de\/fr\/wp-json\/wp\/v2\/pages\/14133\/revisions\/14145"}],"wp:featuredmedia":[{"embeddable":true,"href":"https:\/\/www.aclanz.de\/fr\/wp-json\/"}],"wp:attachment":[{"href":"https:\/\/www.aclanz.de\/fr\/wp-json\/wp\/v2\/media?parent=14133"}],"curies":[{"name":"wp","href":"https:\/\/api.w.org\/{rel}","templated":true}]}}