{"id":13882,"date":"2025-06-25T13:35:48","date_gmt":"2025-06-25T13:35:48","guid":{"rendered":"https:\/\/www.aclanz.de\/?page_id=13882"},"modified":"2025-06-30T09:58:04","modified_gmt":"2025-06-30T09:58:04","slug":"notariat","status":"publish","type":"page","link":"https:\/\/www.aclanz.de\/fr\/notariat\/","title":{"rendered":"Notariat"},"content":{"rendered":"<div class=\"wpb-content-wrapper\"><p>[vc_row el_class=\u00a0\u00bbimage-holder-top\u00a0\u00bb el_id=\u00a0\u00bbBilder im Header\u00a0\u00bb][vc_column el_class=\u00a0\u00bbimage-holder\u00a0\u00bb][vc_column_text css=\u00a0\u00bb.vc_custom_1751277480830{margin-right: 0px !important;margin-left: 0px !important;border-right-width: 0px !important;border-left-width: 0px !important;padding-right: 0px !important;padding-left: 0px !important;}\u00a0\u00bb el_class=\u00a0\u00bbimage-holder-textarea-full\u00a0\u00bb]<img loading=\"lazy\" decoding=\"async\" class=\"alignnone size-full wp-image-7057\" src=\"https:\/\/www.aclanz.de\/wp-content\/uploads\/2025\/05\/aclanz-keyvisual-notariat-2.jpg\" alt=\"aclanz Rechtsanw\u00e4lte Frankfurt am Main \u2013 Notariat\" width=\"940\" height=\"373\" \/><img loading=\"lazy\" decoding=\"async\" class=\"alignnone size-full wp-image-9074\" src=\"https:\/\/www.aclanz.de\/wp-content\/uploads\/2025\/06\/notariat_klein.jpg\" alt=\"aclanz Rechtsanw\u00e4lte Frankfurt am Main \u2013 Notariat\" width=\"470\" height=\"380\" \/>[\/vc_column_text][\/vc_column][\/vc_row][vc_row full_height=\u00a0\u00bbyes\u00a0\u00bb columns_placement=\u00a0\u00bbtop\u00a0\u00bb css=\u00a0\u00bb.vc_custom_1498593308809{margin-top: 0px !important;margin-bottom: 0px !important;border-top-width: 0px !important;border-bottom-width: 0px !important;padding-top: 0px !important;padding-bottom: 0px !important;}\u00a0\u00bb el_id=\u00a0\u00bbContent Text und Submenu\u00a0\u00bb][vc_column width=\u00a0\u00bb3\/4&Prime; el_class=\u00a0\u00bbsidebar-content\u00a0\u00bb][vc_column_text css=\u00a0\u00bb\u00a0\u00bb]<\/p>\n<h1>Notariat<\/h1>\n<p><a href=\"https:\/\/www.aclanz.de\/fr\/avocats\/sabrina-fehr\/\">Sabrina Fehr<\/a>, avocate, a \u00e9t\u00e9 nomm\u00e9e notaire \u00e0 Francfort-sur-le-Main pour le district de la Cour d&rsquo;appel de Francfort-sur-le-Main et est disponible pour toutes les activit\u00e9s notariales. Elle certifie en allemand et en anglais.<\/p>\n<p>En tant que notaire, elle travaille principalement dans les domaines suivants : droit des soci\u00e9t\u00e9s, droit immobilier et droit successoral, y compris dans un contexte international.<\/p>\n<p>En sa qualit\u00e9 de notaire, elle est titulaire ind\u00e9pendante d&rsquo;une fonction publique et garantit la r\u00e9daction impartiale de tous les actes. Elle attache une importance particuli\u00e8re au conseil personnalis\u00e9, aux solutions sur mesure et juridiquement s\u00fbres ainsi qu&rsquo;au traitement rapide et efficace des transactions en cours. Elle est \u00e9galement disponible en tant qu&rsquo;interlocutrice pour discuter en d\u00e9tail des aspects juridiques d&rsquo;une affaire avec les avocats des parties concern\u00e9es.[\/vc_column_text][\/vc_column][\/vc_row]<\/p>\n<\/div>","protected":false},"excerpt":{"rendered":"<p>[vc_row el_class=\u00a0\u00bbimage-holder-top\u00a0\u00bb el_id=\u00a0\u00bbBilder im Header\u00a0\u00bb][vc_column el_class=\u00a0\u00bbimage-holder\u00a0\u00bb][vc_column_text css=\u00a0\u00bb.vc_custom_1751277480830{margin-right: 0px !important;margin-left: 0px !important;border-right-width: 0px !important;border-left-width: 0px !important;padding-right: 0px !important;padding-left: 0px !important;}\u00a0\u00bb el_class=\u00a0\u00bbimage-holder-textarea-full\u00a0\u00bb][\/vc_column_text][\/vc_column][\/vc_row][vc_row<span class=\"excerpt-hellip\"> [\u2026]<\/span><\/p>\n","protected":false},"author":9,"featured_media":-1,"parent":0,"menu_order":0,"comment_status":"open","ping_status":"closed","template":"","meta":{"_acf_changed":false,"footnotes":""},"class_list":["post-13882","page","type-page","status-publish","has-post-thumbnail","hentry"],"acf":[],"_links":{"self":[{"href":"https:\/\/www.aclanz.de\/fr\/wp-json\/wp\/v2\/pages\/13882","targetHints":{"allow":["GET"]}}],"collection":[{"href":"https:\/\/www.aclanz.de\/fr\/wp-json\/wp\/v2\/pages"}],"about":[{"href":"https:\/\/www.aclanz.de\/fr\/wp-json\/wp\/v2\/types\/page"}],"author":[{"embeddable":true,"href":"https:\/\/www.aclanz.de\/fr\/wp-json\/wp\/v2\/users\/9"}],"replies":[{"embeddable":true,"href":"https:\/\/www.aclanz.de\/fr\/wp-json\/wp\/v2\/comments?post=13882"}],"version-history":[{"count":3,"href":"https:\/\/www.aclanz.de\/fr\/wp-json\/wp\/v2\/pages\/13882\/revisions"}],"predecessor-version":[{"id":14039,"href":"https:\/\/www.aclanz.de\/fr\/wp-json\/wp\/v2\/pages\/13882\/revisions\/14039"}],"wp:featuredmedia":[{"embeddable":true,"href":"https:\/\/www.aclanz.de\/fr\/wp-json\/"}],"wp:attachment":[{"href":"https:\/\/www.aclanz.de\/fr\/wp-json\/wp\/v2\/media?parent=13882"}],"curies":[{"name":"wp","href":"https:\/\/api.w.org\/{rel}","templated":true}]}}