{"id":13852,"date":"2025-05-13T10:00:12","date_gmt":"2025-05-13T10:00:12","guid":{"rendered":"https:\/\/www.aclanz.de\/?page_id=13852"},"modified":"2025-08-13T08:57:27","modified_gmt":"2025-08-13T08:57:27","slug":"droit-de-succession","status":"publish","type":"page","link":"https:\/\/www.aclanz.de\/fr\/domaines-de-droits\/droit-de-succession\/","title":{"rendered":"Droit de succession"},"content":{"rendered":"<div class=\"wpb-content-wrapper\"><p>[vc_row el_class=\u00a0\u00bbimage-holder-top\u00a0\u00bb el_id=\u00a0\u00bbBilder im Header\u00a0\u00bb][vc_column el_class=\u00a0\u00bbimage-holder\u00a0\u00bb][vc_column_text css=\u00a0\u00bb.vc_custom_1751277329408{margin-right: 0px !important;margin-left: 0px !important;border-right-width: 0px !important;border-left-width: 0px !important;padding-right: 0px !important;padding-left: 0px !important;}\u00a0\u00bb el_class=\u00a0\u00bbimage-holder-textarea-full\u00a0\u00bb]<img loading=\"lazy\" decoding=\"async\" class=\"alignnone size-full wp-image-7057\" src=\"https:\/\/www.aclanz.de\/wp-content\/uploads\/2025\/05\/aclanz-keyvisual-erbrecht-2.jpg\" alt=\"aclanz Rechtsanw\u00e4lte Frankfurt am Main \u2013 Droit de succession\" width=\"940\" height=\"373\" \/><img loading=\"lazy\" decoding=\"async\" class=\"alignnone size-full wp-image-9074\" src=\"http:\/\/www.aclanz.de\/wp-content\/uploads\/2025\/06\/erbrecht-klein.jpg\" alt=\"aclanz Rechtsanw\u00e4lte Frankfurt am Main \u2013 Droit de succession\" width=\"470\" height=\"380\" \/>[\/vc_column_text][\/vc_column][\/vc_row][vc_row full_height=\u00a0\u00bbyes\u00a0\u00bb columns_placement=\u00a0\u00bbtop\u00a0\u00bb css=\u00a0\u00bb.vc_custom_1498593308809{margin-top: 0px !important;margin-bottom: 0px !important;border-top-width: 0px !important;border-bottom-width: 0px !important;padding-top: 0px !important;padding-bottom: 0px !important;}\u00a0\u00bb el_id=\u00a0\u00bbContent Text und Submenu\u00a0\u00bb][vc_column width=\u00a0\u00bb3\/4&Prime; el_class=\u00a0\u00bbsidebar-content\u00a0\u00bb][vc_column_text css=\u00a0\u00bb\u00a0\u00bb]<\/p>\n<h1>Droit de succession<\/h1>\n<p>Avant l&rsquo;ouverture de la succession, nous conseillons nos clients afin de mettre en place des dispositions et des contrats individuels et pr\u00e9voyants. Nous aidons nos clients \u00e0 la r\u00e9daction de testaments, de contrats successoraux, de procurations, de directives anticip\u00e9es, de donations et de contrats de succession anticip\u00e9e. Nous connaissons les questions qui se posent en mati\u00e8re de succession d&rsquo;entreprise. Il en va de m\u00eame pour la transmission de patrimoine priv\u00e9, tel que les biens immobiliers.<\/p>\n<p>En cas de succession, nous repr\u00e9sentons nos clients en tant qu&rsquo;h\u00e9ritiers, communaut\u00e9s d&rsquo;h\u00e9ritiers, r\u00e9servataires ou l\u00e9gataires. Selon le r\u00f4le des parties concern\u00e9es, il s&rsquo;agit de r\u00e9gler la succession ou de faire valoir des droits \u00e0 l&rsquo;\u00e9gard de la succession, le cas \u00e9ch\u00e9ant \u00e9galement dans le cadre d&rsquo;un litige. Nous avons \u00e0 l&rsquo;\u0153il les questions fiscales qui peuvent \u00eatre transmises par h\u00e9ritage, par exemple les d\u00e9p\u00f4ts de titres, les comptes ou les biens immobiliers \u00e0 l&rsquo;\u00e9tranger.<\/p>\n<p>Nous disposons d&rsquo;une exp\u00e9rience particuli\u00e8re en tant que en tant que l\u2019ex\u00e9cuteurs testamentaires, notamment dans le cas de successions pr\u00e9sentant des liens multinationaux. Nous nous chargeons de l&rsquo;ex\u00e9cution testamentaire lorsque nous avons \u00e9t\u00e9 d\u00e9sign\u00e9s comme ex\u00e9cuteurs testamentaires par le testateur ou lorsque nous avons \u00e9t\u00e9 d\u00e9sign\u00e9s par le tribunal comp\u00e9tent en mati\u00e8re successorale avec notre accord.[\/vc_column_text][\/vc_column][vc_column width=\u00a0\u00bb1\/4&Prime; el_class=\u00a0\u00bbsidebar-gray\u00a0\u00bb css=\u00a0\u00bb.vc_custom_1747855272701{margin-top: 0px !important;margin-right: 0px !important;margin-left: 0px !important;border-top-width: 0px !important;border-right-width: 0px !important;border-left-width: 0px !important;padding-top: 0px !important;padding-right: 0px !important;padding-left: 0px !important;}\u00a0\u00bb][vc_wp_custommenu nav_menu=\u00a0\u00bb153&Prime; title=\u00a0\u00bbDomaines\u00a0\u00bb el_class=\u00a0\u00bbsidebar-menu\u00a0\u00bb][\/vc_column][\/vc_row]<\/p>\n<\/div>","protected":false},"excerpt":{"rendered":"<p>[vc_row el_class=\u00a0\u00bbimage-holder-top\u00a0\u00bb el_id=\u00a0\u00bbBilder im Header\u00a0\u00bb][vc_column el_class=\u00a0\u00bbimage-holder\u00a0\u00bb][vc_column_text css=\u00a0\u00bb.vc_custom_1751277329408{margin-right: 0px !important;margin-left: 0px !important;border-right-width: 0px !important;border-left-width: 0px !important;padding-right: 0px !important;padding-left: 0px !important;}\u00a0\u00bb el_class=\u00a0\u00bbimage-holder-textarea-full\u00a0\u00bb][\/vc_column_text][\/vc_column][\/vc_row][vc_row<span class=\"excerpt-hellip\"> [\u2026]<\/span><\/p>\n","protected":false},"author":9,"featured_media":-1,"parent":256,"menu_order":0,"comment_status":"open","ping_status":"closed","template":"","meta":{"_acf_changed":false,"footnotes":""},"class_list":["post-13852","page","type-page","status-publish","has-post-thumbnail","hentry"],"acf":[],"_links":{"self":[{"href":"https:\/\/www.aclanz.de\/fr\/wp-json\/wp\/v2\/pages\/13852","targetHints":{"allow":["GET"]}}],"collection":[{"href":"https:\/\/www.aclanz.de\/fr\/wp-json\/wp\/v2\/pages"}],"about":[{"href":"https:\/\/www.aclanz.de\/fr\/wp-json\/wp\/v2\/types\/page"}],"author":[{"embeddable":true,"href":"https:\/\/www.aclanz.de\/fr\/wp-json\/wp\/v2\/users\/9"}],"replies":[{"embeddable":true,"href":"https:\/\/www.aclanz.de\/fr\/wp-json\/wp\/v2\/comments?post=13852"}],"version-history":[{"count":5,"href":"https:\/\/www.aclanz.de\/fr\/wp-json\/wp\/v2\/pages\/13852\/revisions"}],"predecessor-version":[{"id":14109,"href":"https:\/\/www.aclanz.de\/fr\/wp-json\/wp\/v2\/pages\/13852\/revisions\/14109"}],"up":[{"embeddable":true,"href":"https:\/\/www.aclanz.de\/fr\/wp-json\/wp\/v2\/pages\/256"}],"wp:featuredmedia":[{"embeddable":true,"href":"https:\/\/www.aclanz.de\/fr\/wp-json\/"}],"wp:attachment":[{"href":"https:\/\/www.aclanz.de\/fr\/wp-json\/wp\/v2\/media?parent=13852"}],"curies":[{"name":"wp","href":"https:\/\/api.w.org\/{rel}","templated":true}]}}