{"id":12399,"date":"2021-05-11T08:01:36","date_gmt":"2021-05-11T08:01:36","guid":{"rendered":"https:\/\/www.aclanz.de\/?page_id=12399"},"modified":"2025-06-25T13:39:09","modified_gmt":"2025-06-25T13:39:09","slug":"sabrina-fehr","status":"publish","type":"page","link":"https:\/\/www.aclanz.de\/fr\/avocats\/sabrina-fehr\/","title":{"rendered":"Sabrina Fehr"},"content":{"rendered":"<div class=\"wpb-content-wrapper\"><p>[vc_row el_class=\u00a0\u00bbimage-holder-top\u00a0\u00bb el_id=\u00a0\u00bbBilder im Header\u00a0\u00bb][vc_column el_class=\u00a0\u00bbimage-holder\u00a0\u00bb][vc_column_text css=\u00a0\u00bb.vc_custom_1565856824532{margin-right: 0px !important;margin-left: 0px !important;border-right-width: 0px !important;border-left-width: 0px !important;padding-right: 0px !important;padding-left: 0px !important;}\u00a0\u00bb el_class=\u00a0\u00bbimage-holder-textarea-full\u00a0\u00bb]<img loading=\"lazy\" decoding=\"async\" class=\"alignnone wp-image-12405 size-full\" src=\"https:\/\/www.aclanz.de\/wp-content\/uploads\/2021\/05\/sabrina-fehr_header.jpg\" alt=\"\" width=\"950\" height=\"380\" srcset=\"https:\/\/www.aclanz.de\/wp-content\/uploads\/2021\/05\/sabrina-fehr_header.jpg 950w, https:\/\/www.aclanz.de\/wp-content\/uploads\/2021\/05\/sabrina-fehr_header-300x120.jpg 300w, https:\/\/www.aclanz.de\/wp-content\/uploads\/2021\/05\/sabrina-fehr_header-768x307.jpg 768w, https:\/\/www.aclanz.de\/wp-content\/uploads\/2021\/05\/sabrina-fehr_header-260x104.jpg 260w, https:\/\/www.aclanz.de\/wp-content\/uploads\/2021\/05\/sabrina-fehr_header-50x20.jpg 50w, https:\/\/www.aclanz.de\/wp-content\/uploads\/2021\/05\/sabrina-fehr_header-150x60.jpg 150w\" sizes=\"auto, (max-width:767px) 480px, (max-width:950px) 100vw, 950px\" \/><img loading=\"lazy\" decoding=\"async\" class=\"alignnone wp-image-12402 size-full\" src=\"https:\/\/www.aclanz.de\/wp-content\/uploads\/2021\/05\/aclanz-sabrfina-fehr-21.jpg\" alt=\"\" width=\"470\" height=\"380\" srcset=\"https:\/\/www.aclanz.de\/wp-content\/uploads\/2021\/05\/aclanz-sabrfina-fehr-21.jpg 470w, https:\/\/www.aclanz.de\/wp-content\/uploads\/2021\/05\/aclanz-sabrfina-fehr-21-300x243.jpg 300w, https:\/\/www.aclanz.de\/wp-content\/uploads\/2021\/05\/aclanz-sabrfina-fehr-21-181x146.jpg 181w, https:\/\/www.aclanz.de\/wp-content\/uploads\/2021\/05\/aclanz-sabrfina-fehr-21-50x40.jpg 50w, https:\/\/www.aclanz.de\/wp-content\/uploads\/2021\/05\/aclanz-sabrfina-fehr-21-93x75.jpg 93w\" sizes=\"auto, (max-width:767px) 470px, 470px\" \/>[\/vc_column_text][\/vc_column][\/vc_row][vc_row full_height=\u00a0\u00bbyes\u00a0\u00bb columns_placement=\u00a0\u00bbtop\u00a0\u00bb css=\u00a0\u00bb.vc_custom_1498593308809{margin-top: 0px !important;margin-bottom: 0px !important;border-top-width: 0px !important;border-bottom-width: 0px !important;padding-top: 0px !important;padding-bottom: 0px !important;}\u00a0\u00bb el_id=\u00a0\u00bbContent Text und Submenu\u00a0\u00bb][vc_column width=\u00a0\u00bb3\/4&Prime; el_class=\u00a0\u00bbsidebar-content\u00a0\u00bb][vc_column_text css=\u00a0\u00bb\u00a0\u00bb]<\/p>\n<h1>Sabrina Fehr<\/h1>\n<p>Avocat et Notaire<\/p>\n<p>Associ\u00e9e<\/p>\n<h3>Contacter:<\/h3>\n<p><a href=\"m&#97;&#x69;&#x6c;&#x74;o&#58;&#83;&#x61;&#x62;r&#105;&#110;&#x61;&#x2e;Fe&#104;&#x72;&#x40;&#x61;c&#108;&#x61;&#x6e;&#x7a;&#46;&#100;&#101;\">&#83;&#x61;&#98;&#x72;&#105;&#x6e;&#97;&#x2e;F&#x65;h&#x72;&#64;&#x61;c&#108;&#x61;&#110;&#x7a;&#46;&#x64;&#101;<\/a><br \/>\nT +49 69 297 287 30<br \/>\nT\u00e9l\u00e9charger:\u00a0<a href=\"http:\/\/www.aclanz.de\/wp-content\/uploads\/2021\/05\/Sabrina-Fehr.vcf\" target=\"_blank\" rel=\"noopener\">vCard<\/a><\/p>\n<h3>Langues:<\/h3>\n<p>Allemand, Anglais<\/p>\n<h3>Autres activit\u00e9s, adh\u00e9sions et publications:<\/h3>\n<ul>\n<li>Membre de l\u2019association du barreau allemand (DAV)<\/li>\n<li>Arbeitsgemeinschaft Anwaltsnotariat im Deutschen Anwaltsverein (Groupement des avocats-notaires dans le cadre de la F\u00e9d\u00e9ration des avocats allemands)<\/li>\n<\/ul>\n<h3><strong>Formation:<\/strong><\/h3>\n<ul>\n<li>Agr\u00e9\u00e9 pour l\u2019ex\u00e9cution des testaments (Deutsche Vereinigung f\u00fcr Erbrecht und Verm\u00f6gensnachfolge)<\/li>\n<li>Humboldt-Universit\u00e4t \u00e0 Berlin, premier examen d\u2018Etat<\/li>\n<li>Stage d\u2019avocat \u00e0 Brandenburg an der Havel<\/li>\n<li>Dipl\u00f4me d\u2019avocat-notaire en ao\u00fbt 2019<\/li>\n<\/ul>\n<p>[\/vc_column_text][\/vc_column][vc_column width=\u00a0\u00bb1\/4&Prime; el_class=\u00a0\u00bbsidebar-gray\u00a0\u00bb css=\u00a0\u00bb.vc_custom_1498559811149{margin-top: 0px !important;margin-right: 0px !important;margin-left: 0px !important;border-top-width: 0px !important;border-right-width: 0px !important;border-left-width: 0px !important;padding-top: 0px !important;padding-right: 0px !important;padding-left: 0px !important;}\u00a0\u00bb][vc_wp_custommenu title=\u00a0\u00bbRechtsanw\u00e4lte\u00a0\u00bb nav_menu=\u00a0\u00bb218&Prime; el_class=\u00a0\u00bbsidebar-menu\u00a0\u00bb][\/vc_column][\/vc_row]<\/p>\n<\/div>","protected":false},"excerpt":{"rendered":"<p>[vc_row el_class=\u00a0\u00bbimage-holder-top\u00a0\u00bb el_id=\u00a0\u00bbBilder im Header\u00a0\u00bb][vc_column el_class=\u00a0\u00bbimage-holder\u00a0\u00bb][vc_column_text css=\u00a0\u00bb.vc_custom_1565856824532{margin-right: 0px !important;margin-left: 0px !important;border-right-width: 0px !important;border-left-width: 0px !important;padding-right: 0px !important;padding-left: 0px !important;}\u00a0\u00bb el_class=\u00a0\u00bbimage-holder-textarea-full\u00a0\u00bb][\/vc_column_text][\/vc_column][\/vc_row][vc_row<span class=\"excerpt-hellip\"> [\u2026]<\/span><\/p>\n","protected":false},"author":15,"featured_media":-1,"parent":249,"menu_order":1,"comment_status":"open","ping_status":"closed","template":"","meta":{"_acf_changed":false,"footnotes":""},"class_list":["post-12399","page","type-page","status-publish","has-post-thumbnail","hentry"],"acf":[],"_links":{"self":[{"href":"https:\/\/www.aclanz.de\/fr\/wp-json\/wp\/v2\/pages\/12399","targetHints":{"allow":["GET"]}}],"collection":[{"href":"https:\/\/www.aclanz.de\/fr\/wp-json\/wp\/v2\/pages"}],"about":[{"href":"https:\/\/www.aclanz.de\/fr\/wp-json\/wp\/v2\/types\/page"}],"author":[{"embeddable":true,"href":"https:\/\/www.aclanz.de\/fr\/wp-json\/wp\/v2\/users\/15"}],"replies":[{"embeddable":true,"href":"https:\/\/www.aclanz.de\/fr\/wp-json\/wp\/v2\/comments?post=12399"}],"version-history":[{"count":5,"href":"https:\/\/www.aclanz.de\/fr\/wp-json\/wp\/v2\/pages\/12399\/revisions"}],"predecessor-version":[{"id":13985,"href":"https:\/\/www.aclanz.de\/fr\/wp-json\/wp\/v2\/pages\/12399\/revisions\/13985"}],"up":[{"embeddable":true,"href":"https:\/\/www.aclanz.de\/fr\/wp-json\/wp\/v2\/pages\/249"}],"wp:featuredmedia":[{"embeddable":true,"href":"https:\/\/www.aclanz.de\/fr\/wp-json\/"}],"wp:attachment":[{"href":"https:\/\/www.aclanz.de\/fr\/wp-json\/wp\/v2\/media?parent=12399"}],"curies":[{"name":"wp","href":"https:\/\/api.w.org\/{rel}","templated":true}]}}