{"id":7808,"date":"2010-06-08T13:33:36","date_gmt":"2010-06-08T13:33:36","guid":{"rendered":"http:\/\/www.aclanz.de\/attorneys\/joachim-hund-von-hagen\/"},"modified":"2026-02-23T09:39:35","modified_gmt":"2026-02-23T09:39:35","slug":"joachim-hund-von-hagen","status":"publish","type":"page","link":"https:\/\/www.aclanz.de\/en\/attorneys\/joachim-hund-von-hagen\/","title":{"rendered":"Joachim Hund-von Hagen"},"content":{"rendered":"<div class=\"wpb-content-wrapper\"><p>[vc_row el_class=&#8221;image-holder-top&#8221; el_id=&#8221;Bilder im Header&#8221;][vc_column el_class=&#8221;image-holder&#8221;][vc_column_text css=&#8221;.vc_custom_1499158115169{margin-right: 0px !important;margin-left: 0px !important;border-right-width: 0px !important;border-left-width: 0px !important;padding-right: 0px !important;padding-left: 0px !important;}&#8221; el_class=&#8221;image-holder-textarea-full&#8221;]<img loading=\"lazy\" decoding=\"async\" class=\"alignnone wp-image-12373 size-full\" src=\"https:\/\/www.aclanz.de\/wp-content\/uploads\/2021\/05\/jhvh_header-21-1.jpg\" alt=\"\" width=\"950\" height=\"380\" srcset=\"https:\/\/www.aclanz.de\/wp-content\/uploads\/2021\/05\/jhvh_header-21-1.jpg 950w, https:\/\/www.aclanz.de\/wp-content\/uploads\/2021\/05\/jhvh_header-21-1-300x120.jpg 300w, https:\/\/www.aclanz.de\/wp-content\/uploads\/2021\/05\/jhvh_header-21-1-768x307.jpg 768w, https:\/\/www.aclanz.de\/wp-content\/uploads\/2021\/05\/jhvh_header-21-1-260x104.jpg 260w, https:\/\/www.aclanz.de\/wp-content\/uploads\/2021\/05\/jhvh_header-21-1-50x20.jpg 50w, https:\/\/www.aclanz.de\/wp-content\/uploads\/2021\/05\/jhvh_header-21-1-150x60.jpg 150w\" sizes=\"auto, (max-width:767px) 480px, (max-width:950px) 100vw, 950px\" \/><img loading=\"lazy\" decoding=\"async\" class=\"alignnone wp-image-12376 size-full\" src=\"https:\/\/www.aclanz.de\/wp-content\/uploads\/2021\/05\/aclanz-jhvh-21-1.jpg\" alt=\"\" width=\"470\" height=\"380\" srcset=\"https:\/\/www.aclanz.de\/wp-content\/uploads\/2021\/05\/aclanz-jhvh-21-1.jpg 470w, https:\/\/www.aclanz.de\/wp-content\/uploads\/2021\/05\/aclanz-jhvh-21-1-300x243.jpg 300w, https:\/\/www.aclanz.de\/wp-content\/uploads\/2021\/05\/aclanz-jhvh-21-1-181x146.jpg 181w, https:\/\/www.aclanz.de\/wp-content\/uploads\/2021\/05\/aclanz-jhvh-21-1-50x40.jpg 50w, https:\/\/www.aclanz.de\/wp-content\/uploads\/2021\/05\/aclanz-jhvh-21-1-93x75.jpg 93w\" sizes=\"auto, (max-width:767px) 470px, 470px\" \/>[\/vc_column_text][\/vc_column][\/vc_row][vc_row full_height=&#8221;yes&#8221; columns_placement=&#8221;top&#8221; css=&#8221;.vc_custom_1498593308809{margin-top: 0px !important;margin-bottom: 0px !important;border-top-width: 0px !important;border-bottom-width: 0px !important;padding-top: 0px !important;padding-bottom: 0px !important;}&#8221; el_id=&#8221;Content Text und Submenu&#8221;][vc_column width=&#8221;3\/4&#8243; el_class=&#8221;sidebar-content&#8221;][vc_column_text css=&#8221;&#8221;]<\/p>\n<h1>Joachim Hund-von Hagen,<\/h1>\n<h3>D.E.A. en droit (Paris II)<\/h3>\n<p>Partner<\/p>\n<p>Attorney at Law and Commercial Mediator<br \/>\nCertified Trade and Corporate Law Attorney<br \/>\nCertified Tax Attorney<\/p>\n<h3>Contact:<\/h3>\n<p><a href=\"&#x6d;&#97;i&#x6c;&#116;o&#x3a;&#106;o&#x61;&#x63;&#104;&#x69;&#x6d;&#46;h&#x75;&#110;d&#x76;&#104;a&#x67;&#x65;&#110;&#x40;&#x61;&#99;l&#x61;&#110;z&#x2e;&#100;e\">&#x6a;&#x6f;&#x61;&#x63;&#x68;&#x69;&#x6d;&#x2e;&#x68;&#x75;&#x6e;&#x64;&#x76;&#x68;&#x61;&#x67;&#x65;&#x6e;&#x40;&#x61;&#x63;&#x6c;&#x61;&#x6e;&#x7a;&#x2e;&#x64;&#x65;<\/a><br \/>\nT +49 69 297 287 30\u00a0\u00a0\u00a0\u00a0\u00a0 Frankfurt\/M<br \/>\nT +49 30 21 48 02 280\u00a0\u00a0 Berlin<br \/>\nDownload: <a href=\"http:\/\/www.aclanz.de\/wp-content\/uploads\/2017\/07\/Joachim-Hund-von-Hagen-1.vcf\">vCard<\/a><\/p>\n<h3>Languages:<\/h3>\n<p>German, English, French<\/p>\n<h3>Further Activities and Memberships<\/h3>\n<ul>\n<li>Member and QDR, <a href=\"https:\/\/academyofexperts.org\/\" target=\"_blank\" rel=\"noopener noreferrer\">The Academy of Experts<\/a>, London<br \/>\nThe Academy of Experts, London<\/li>\n<li>Member of the Advisory Board of Experts: Research Center for Commercial Mediation and Negotiation at the Cologne University of Applied Sciences (<a href=\"https:\/\/www.th-koeln.de\/wirtschafts-und-rechtswissenschaften\/beteiligte_53203.php\" target=\"_blank\" rel=\"noopener noreferrer\">TH K\u00f6ln<\/a>)<\/li>\n<li><a href=\"http:\/\/www.disarb.org\/de\/4\/content\/dis-id2\">German Institution of Arbitration<\/a><\/li>\n<li>Lecturer Qualifying Courses for the Examination of Certified Landlord\/Tenant Law Attorneys: <a href=\"https:\/\/www.hagen-law-school.de\">Hagen Law School<\/a><\/li>\n<li><a href=\"http:\/\/www.ca-hesse.de\">Club des Affaires de la Hesse e.V.<\/a><\/li>\n<\/ul>\n<h3>Publications and Lectures (selected):<\/h3>\n<ul>\n<li>\u00d6ffentliches Recht und Steuerrecht bei Mietverh\u00e4ltnissen (Public and Tax Law in Lease Matters), Hagener Wissenschaftsverlag, 5th edition 2025<\/li>\n<li>Formularbuch Recht und Steuer, C.H. Beck Verlag, 11th edition 2025, Chapters: Gesellschaft b\u00fcrgerlichen Rechts (Civil Law Partnership), Partnerschaftsgesellschaft und Partnerschaftsgesellschaft mbB (Professional Partnership and Partnership with Limited Professional Liability), Schiedsvereinbarung und Mediationsklausel (Arbitration Agreements and Mediation Clause)<\/li>\n<li>Auch Hausverwaltungen von der \u00c4nderung betroffen: Bu\u00dfgeld f\u00fcr fehlende Angaben im Arbeitsvertrag! (Fines for Information Missing in Employment Contracts), <a href=\"https:\/\/www.aclanz.de\/wp-content\/uploads\/2022\/08\/Das-Grundeigentum-16-2022-824-826.pdf\" target=\"_blank\" rel=\"noopener\">Das Grundeigentum 16-2022, 824<\/a> (co-author Dr. Joachim Wichert)<\/li>\n<li>Kommentar BGB, Nomos Verlag, 4. Auflage 2021: \u00a7\u00a7 780 \u2013 782, Schuldversprechen, Schuldanerkenntnis (Commentary on the Civil Code, sections 780 \u2013 782, Promise of Obligation, Acknowledgment of Obligation)<\/li>\n<li>Commentary in the German Business Law Periodical \u201cBetriebsberater\u201d (<a href=\"https:\/\/www.aclanz.de\/wp-content\/uploads\/2020\/06\/JH-BB_Kommentar-LG-Heilbronn-v-29.4.20-I-4-O-82_20.pdf\" target=\"_blank\" rel=\"noopener noreferrer\">BB 2020, 1301<\/a>) of the judgment of the LG Heilbronn: Eilverfahren \u2013 keine Entsch\u00e4digung wegen Betriebsschlie\u00dfung nach CoronaVO\u201c (<a href=\"https:\/\/www.aclanz.de\/wp-content\/uploads\/2020\/06\/LG-Heilbronn-v-29.4.20-I-4-O-82_20.pdf\" target=\"_blank\" rel=\"noopener noreferrer\">BB 2020, 1299<\/a>) with comment (<a href=\"https:\/\/www.aclanz.de\/wp-content\/uploads\/2020\/06\/LG-Heilbronn-v-29.4.20-I-4-O-82_20.pdf\" target=\"_blank\" rel=\"noopener noreferrer\">BB 2020, 1299<\/a>) regarding compensations for business lock downs due to the covid 19 pandemic<\/li>\n<li>Anspruch auf staatliche Entsch\u00e4digung auf Basis des Infektionsschutzgesetzes fristgerecht geltend machen (state compensation according to the Infection Protection Act), <a href=\"https:\/\/www.aclanz.de\/wp-content\/uploads\/2020\/05\/Das-Grundeigentum-9-2020-593-597.pdf\" target=\"_blank\" rel=\"noopener\">Das Grundeigentum 2020, 593<\/a> (co-author Dr. Joachim Wichert)<\/li>\n<li>www.BREXIT-helpdesk.com, 2018 (Latest version published available on request)<\/li>\n<li>Research Center for Commercial Mediation and Negotiation at the Cologne University of Applied Sciences: Presentation of the Conflict-Culture-Index 2015 for Businesses and Organizations in Germany, 2016; <a href=\"https:\/\/www.aclanz.de\/wp-content\/uploads\/2012\/07\/Symposium-zum-neuen-Mediationsgesetz.pdf\" target=\"_blank\" rel=\"noopener noreferrer\">Symposium on the New Mediation Act<\/a> (see also <a href=\"https:\/\/www.aclanz.de\/wp-content\/uploads\/2012\/07\/Symposium-pdf-Vorlage-f%C3%BCr-aclanz.pdf\" target=\"_blank\" rel=\"noopener noreferrer\">photo documentation<\/a>), 2012<\/li>\n<\/ul>\n<h3>Education:<\/h3>\n<ul>\n<li>Universit\u00e4t Freiburg i. Br., Law Degree<\/li>\n<li><a href=\"https:\/\/en.wikipedia.org\/wiki\/Panth%C3%A9on-Assas_University\" target=\"_blank\" rel=\"noopener noreferrer\">Universit\u00e9 Panth\u00e9on-Assas (Paris II)<\/a>, D.E.A. en droit du commerce international<\/li>\n<li>Certified Tax Attorney (Deutsches Anwaltsinstitut)<\/li>\n<li>Certified Trade and Corporate Law Attorney (Institut f\u00fcr angewandtes Recht)<\/li>\n<li>Accredited Mediator (The Academy of Experts, London \/ DeutscheAnwaltAkademie )<\/li>\n<li>Accredited Estate Executor (Deutsche Vereinigung f\u00fcr Erbrecht und Verm\u00f6gensnachfolge)<\/li>\n<\/ul>\n<p>[\/vc_column_text][\/vc_column][vc_column width=&#8221;1\/4&#8243; el_class=&#8221;sidebar-gray&#8221; css=&#8221;.vc_custom_1498559811149{margin-top: 0px !important;margin-right: 0px !important;margin-left: 0px !important;border-top-width: 0px !important;border-right-width: 0px !important;border-left-width: 0px !important;padding-top: 0px !important;padding-right: 0px !important;padding-left: 0px !important;}&#8221;][vc_wp_custommenu title=&#8221;Attorneys&#8221; nav_menu=&#8221;217&#8243; el_class=&#8221;sidebar-menu&#8221;][\/vc_column][\/vc_row]<\/p>\n<\/div>","protected":false},"excerpt":{"rendered":"<p>[vc_row el_class=&#8221;image-holder-top&#8221; el_id=&#8221;Bilder im Header&#8221;][vc_column el_class=&#8221;image-holder&#8221;][vc_column_text css=&#8221;.vc_custom_1499158115169{margin-right: 0px !important;margin-left: 0px !important;border-right-width: 0px !important;border-left-width: 0px !important;padding-right: 0px !important;padding-left: 0px !important;}&#8221; el_class=&#8221;image-holder-textarea-full&#8221;][\/vc_column_text][\/vc_column][\/vc_row][vc_row<span class=\"excerpt-hellip\"> [\u2026]<\/span><\/p>\n","protected":false},"author":9,"featured_media":-1,"parent":227,"menu_order":1,"comment_status":"open","ping_status":"open","template":"","meta":{"_acf_changed":false,"footnotes":""},"class_list":["post-7808","page","type-page","status-publish","has-post-thumbnail","hentry"],"acf":[],"_links":{"self":[{"href":"https:\/\/www.aclanz.de\/en\/wp-json\/wp\/v2\/pages\/7808","targetHints":{"allow":["GET"]}}],"collection":[{"href":"https:\/\/www.aclanz.de\/en\/wp-json\/wp\/v2\/pages"}],"about":[{"href":"https:\/\/www.aclanz.de\/en\/wp-json\/wp\/v2\/types\/page"}],"author":[{"embeddable":true,"href":"https:\/\/www.aclanz.de\/en\/wp-json\/wp\/v2\/users\/9"}],"replies":[{"embeddable":true,"href":"https:\/\/www.aclanz.de\/en\/wp-json\/wp\/v2\/comments?post=7808"}],"version-history":[{"count":7,"href":"https:\/\/www.aclanz.de\/en\/wp-json\/wp\/v2\/pages\/7808\/revisions"}],"predecessor-version":[{"id":14243,"href":"https:\/\/www.aclanz.de\/en\/wp-json\/wp\/v2\/pages\/7808\/revisions\/14243"}],"up":[{"embeddable":true,"href":"https:\/\/www.aclanz.de\/en\/wp-json\/wp\/v2\/pages\/227"}],"wp:featuredmedia":[{"embeddable":true,"href":"https:\/\/www.aclanz.de\/en\/wp-json\/"}],"wp:attachment":[{"href":"https:\/\/www.aclanz.de\/en\/wp-json\/wp\/v2\/media?parent=7808"}],"curies":[{"name":"wp","href":"https:\/\/api.w.org\/{rel}","templated":true}]}}