{"id":299,"date":"2010-06-11T13:30:15","date_gmt":"2010-06-11T13:30:15","guid":{"rendered":"http:\/\/www.aclanz.de\/rechtsanwaelte"},"modified":"2021-10-12T08:48:41","modified_gmt":"2021-10-12T08:48:41","slug":"contracts","status":"publish","type":"page","link":"https:\/\/www.aclanz.de\/en\/contracts\/","title":{"rendered":"Contracts"},"content":{"rendered":"<div class=\"wpb-content-wrapper\"><p>[vc_row el_class=&#8221;image-holder-top&#8221; el_id=&#8221;Bilder im Header&#8221;][vc_column el_class=&#8221;image-holder&#8221;][vc_column_text css=&#8221;.vc_custom_1499846280068{margin-right: 0px !important;margin-left: 0px !important;border-right-width: 0px !important;border-left-width: 0px !important;padding-right: 0px !important;padding-left: 0px !important;}&#8221; el_class=&#8221;image-holder-textarea-full&#8221;]<img loading=\"lazy\" decoding=\"async\" class=\"alignnone size-full wp-image-9073\" src=\"http:\/\/www.aclanz.de\/wp-content\/uploads\/2017\/07\/aclanz-keyvisual-vertraege2.jpg\" alt=\"\" width=\"940\" height=\"373\" srcset=\"https:\/\/www.aclanz.de\/wp-content\/uploads\/2017\/07\/aclanz-keyvisual-vertraege2.jpg 940w, https:\/\/www.aclanz.de\/wp-content\/uploads\/2017\/07\/aclanz-keyvisual-vertraege2-300x119.jpg 300w, https:\/\/www.aclanz.de\/wp-content\/uploads\/2017\/07\/aclanz-keyvisual-vertraege2-768x305.jpg 768w, https:\/\/www.aclanz.de\/wp-content\/uploads\/2017\/07\/aclanz-keyvisual-vertraege2-260x103.jpg 260w, https:\/\/www.aclanz.de\/wp-content\/uploads\/2017\/07\/aclanz-keyvisual-vertraege2-50x20.jpg 50w, https:\/\/www.aclanz.de\/wp-content\/uploads\/2017\/07\/aclanz-keyvisual-vertraege2-150x60.jpg 150w\" sizes=\"auto, (max-width:767px) 480px, (max-width:940px) 100vw, 940px\" \/><img loading=\"lazy\" decoding=\"async\" class=\"alignnone size-full wp-image-9072\" src=\"http:\/\/www.aclanz.de\/wp-content\/uploads\/2017\/07\/vertraege-klein2.jpg\" alt=\"\" width=\"470\" height=\"380\" srcset=\"https:\/\/www.aclanz.de\/wp-content\/uploads\/2017\/07\/vertraege-klein2.jpg 470w, https:\/\/www.aclanz.de\/wp-content\/uploads\/2017\/07\/vertraege-klein2-300x243.jpg 300w, https:\/\/www.aclanz.de\/wp-content\/uploads\/2017\/07\/vertraege-klein2-181x146.jpg 181w, https:\/\/www.aclanz.de\/wp-content\/uploads\/2017\/07\/vertraege-klein2-50x40.jpg 50w, https:\/\/www.aclanz.de\/wp-content\/uploads\/2017\/07\/vertraege-klein2-93x75.jpg 93w\" sizes=\"auto, (max-width:767px) 470px, 470px\" \/>[\/vc_column_text][\/vc_column][\/vc_row][vc_row full_height=&#8221;yes&#8221; columns_placement=&#8221;top&#8221; css=&#8221;.vc_custom_1498593308809{margin-top: 0px !important;margin-bottom: 0px !important;border-top-width: 0px !important;border-bottom-width: 0px !important;padding-top: 0px !important;padding-bottom: 0px !important;}&#8221; el_id=&#8221;Content Text und Submenu&#8221;][vc_column width=&#8221;3\/4&#8243; el_class=&#8221;sidebar-content&#8221;][vc_column_text]<\/p>\n<h1>Contracts<\/h1>\n<p>We take on the professional negotiation of agreements and contracts on behalf of our clients. In this regard, we also provide monitoring services in conflict situations and assist our clients in establishing agreements on commercial and practicable terms, including those involving corporate law, tax law, employment law, or real estate law.<\/p>\n<p>Our practice covers a broad spectrum, from agreements between labor and management, and mergers and acquisitions to complex settlement arrangements and so-called \u201cfactual understandings\u201d with governmental agencies. We are accustomed to working on such negotiations on a multilingual basis.[\/vc_column_text][\/vc_column][vc_column width=&#8221;1\/4&#8243; css=&#8221;.vc_custom_1499079040954{margin-top: 0px !important;margin-right: 0px !important;margin-left: 0px !important;border-top-width: 0px !important;border-right-width: 0px !important;border-left-width: 0px !important;padding-top: 0px !important;padding-right: 0px !important;padding-left: 0px !important;}&#8221;][\/vc_column][\/vc_row]<\/p>\n<\/div>","protected":false},"excerpt":{"rendered":"<p>Wir \u00fcbernehmen f\u00fcr unsere Mandanten die professionelle Verhandlungsf\u00fchrung bei Vertragsgestaltungen.<\/p>\n","protected":false},"author":9,"featured_media":0,"parent":0,"menu_order":5,"comment_status":"open","ping_status":"closed","template":"","meta":{"_acf_changed":false,"footnotes":""},"class_list":["post-299","page","type-page","status-publish","hentry"],"acf":[],"_links":{"self":[{"href":"https:\/\/www.aclanz.de\/en\/wp-json\/wp\/v2\/pages\/299","targetHints":{"allow":["GET"]}}],"collection":[{"href":"https:\/\/www.aclanz.de\/en\/wp-json\/wp\/v2\/pages"}],"about":[{"href":"https:\/\/www.aclanz.de\/en\/wp-json\/wp\/v2\/types\/page"}],"author":[{"embeddable":true,"href":"https:\/\/www.aclanz.de\/en\/wp-json\/wp\/v2\/users\/9"}],"replies":[{"embeddable":true,"href":"https:\/\/www.aclanz.de\/en\/wp-json\/wp\/v2\/comments?post=299"}],"version-history":[{"count":5,"href":"https:\/\/www.aclanz.de\/en\/wp-json\/wp\/v2\/pages\/299\/revisions"}],"predecessor-version":[{"id":12616,"href":"https:\/\/www.aclanz.de\/en\/wp-json\/wp\/v2\/pages\/299\/revisions\/12616"}],"wp:attachment":[{"href":"https:\/\/www.aclanz.de\/en\/wp-json\/wp\/v2\/media?parent=299"}],"curies":[{"name":"wp","href":"https:\/\/api.w.org\/{rel}","templated":true}]}}